{"id":4919,"date":"2023-09-13T08:12:05","date_gmt":"2023-09-13T08:12:05","guid":{"rendered":"http:\/\/baro.eshoper.lt\/privatumo-politika\/"},"modified":"2024-06-12T11:27:38","modified_gmt":"2024-06-12T11:27:38","slug":"polityka-prywatnosci","status":"publish","type":"page","link":"https:\/\/barokonfederacija.lt\/pl\/polityka-prywatnosci\/","title":{"rendered":"Polityka prywatno\u015bci"},"content":{"rendered":"\t\t<div data-elementor-type=\"wp-page\" data-elementor-id=\"4919\" class=\"elementor elementor-4919 elementor-3\">\n\t\t\t\t<div class=\"elementor-element elementor-element-55e9447f e-con-full e-flex e-con e-parent\" data-id=\"55e9447f\" data-element_type=\"container\">\n\t\t<div class=\"elementor-element elementor-element-d15b253 e-con-full slider-landscape  e-flex e-con e-child\" data-id=\"d15b253\" data-element_type=\"container\" data-settings=\"{&quot;background_background&quot;:&quot;classic&quot;}\">\n\t\t\t\t<div class=\"elementor-element elementor-element-32304b0 breadcrumbs elementor-hidden-tablet elementor-hidden-mobile elementor-widget elementor-widget-shortcode\" data-id=\"32304b0\" data-element_type=\"widget\" data-widget_type=\"shortcode.default\">\n\t\t\t\t<div class=\"elementor-widget-container\">\n\t\t\t\t\t\t\t<div class=\"elementor-shortcode\"><span><span><a href=\"https:\/\/barokonfederacija.lt\/pl\/\">G\u0142\u00f3wny<\/a><\/span><\/span><\/div>\n\t\t\t\t\t\t<\/div>\n\t\t\t\t<\/div>\n\t\t\t\t<div class=\"elementor-element elementor-element-cfd66a5 post-title elementor-widget elementor-widget-shortcode\" data-id=\"cfd66a5\" data-element_type=\"widget\" data-widget_type=\"shortcode.default\">\n\t\t\t\t<div class=\"elementor-widget-container\">\n\t\t\t\t\t\t\t<div class=\"elementor-shortcode\">Polityka prywatno\u015bci<\/div>\n\t\t\t\t\t\t<\/div>\n\t\t\t\t<\/div>\n\t\t<div class=\"elementor-element elementor-element-12c015d e-con-full e-flex e-con e-child\" data-id=\"12c015d\" data-element_type=\"container\">\n\t\t\t\t<div class=\"elementor-element elementor-element-dc686e0 elementor-widget elementor-widget-shortcode\" data-id=\"dc686e0\" data-element_type=\"widget\" data-widget_type=\"shortcode.default\">\n\t\t\t\t<div class=\"elementor-widget-container\">\n\t\t\t\t\t    <div class=\"mobile-header-section\">\n        <div class=\"mobile-header-line-left mobile-header-line\"><\/div>\n        <div class=\"mobile-header-arrow\"><div class=\"slider-arrow\"><\/div><\/div>\n        <div class=\"mobile-header-line-right mobile-header-line\"><\/div>\n    <\/div>\n    \t\t<div class=\"elementor-shortcode\"><\/div>\n\t\t\t\t\t\t<\/div>\n\t\t\t\t<\/div>\n\t\t\t\t<\/div>\n\t\t\t\t<\/div>\n\t\t<div class=\"elementor-element elementor-element-7e7424d e-flex e-con-boxed e-con e-child\" data-id=\"7e7424d\" data-element_type=\"container\" data-settings=\"{&quot;background_background&quot;:&quot;classic&quot;}\">\n\t\t\t\t\t<div class=\"e-con-inner\">\n\t\t\t\t<div class=\"elementor-element elementor-element-4c0a858a elementor-widget elementor-widget-text-editor\" data-id=\"4c0a858a\" data-element_type=\"widget\" data-widget_type=\"text-editor.default\">\n\t\t\t\t<div class=\"elementor-widget-container\">\n\t\t\t\t\t\t\t\t\t<div class=\"content-title\"><p>Informacje og\u00f3lne<\/p><\/div><div class=\"content-text\"><p>Lokalna Grupa Dzia\u0142ania Gminy Jonava (zwana dalej &#8222;Administratorem Danych&#8221;) niniejszym okre\u015bla zasady i warunki przetwarzania danych osobowych za po\u015brednictwem strony internetowej www.barokonfederacija.lt prowadzonej przez Administratora Danych (zwanej dalej &#8222;Stron\u0105 Internetow\u0105&#8221;).<\/p><p><strong>Dane administratora danych:<\/strong><br \/>Lokalna Grupa Dzia\u0142ania Gminy Jonava<\/p><p>Kod firmy: 300114900<br \/>Adres siedziby: \u017deimi\u0173 g. 15-324, LT-55158, Jonava<\/p><p>Tel. +3706 83 86575<\/p><p>E-mail: jonava@bendruomenes.lt<\/p><p>Dane os\u00f3b odwiedzaj\u0105cych stron\u0119 internetow\u0105 Administratora Danych b\u0119d\u0105 gromadzone zgodnie z wymogami obowi\u0105zuj\u0105cego prawodawstwa Unii Europejskiej i Republiki Litewskiej oraz instrukcjami odpowiednich organ\u00f3w.<\/p><p>Przekazuj\u0105c swoje dane osobowe na stronie internetowej, u\u017cytkownik wyra\u017ca zgod\u0119 na zarz\u0105dzanie i przetwarzanie swoich danych osobowych w celach okre\u015blonych w niniejszej polityce prywatno\u015bci i przepisach prawa.<\/p><\/div><div class=\"content-title\"><p>Jak u\u017cywamy plik\u00f3w cookie?<strong><br \/><\/strong><\/p><\/div><div class=\"content-text\"><p>Podobnie jak wiele innych stron internetowych, u\u017cywamy plik\u00f3w cookie. S\u0105 to ma\u0142e pliki danych, kt\u00f3re s\u0105 umieszczane na komputerze lub urz\u0105dzeniu u\u017cytkownika, aby pom\u00f3c nam w lepszym i szybszym dostarczaniu tre\u015bci.<\/p><p>Dostarczaj\u0105 one r\u00f3wnie\u017c danych o tym, w jaki spos\u00f3b u\u017cytkownik korzysta z naszej strony internetowej, dane uzyskane za pomoc\u0105 plik\u00f3w cookie pozwalaj\u0105 nam lepiej s\u0142u\u017cy\u0107 u\u017cytkownikowi i s\u0105 to og\u00f3lne informacje statystyczne, kt\u00f3re m\u00f3wi\u0105 nam, co u\u017cytkownik robi na stronie internetowej, np. jakie informacje s\u0105 dla niego interesuj\u0105ce.<\/p><p><strong>Niezb\u0119dne pliki cookie:<\/strong> te pliki cookie s\u0105 niezb\u0119dne do przegl\u0105dania witryny i korzystania z jej funkcji, takich jak dost\u0119p do bezpiecznych obszar\u00f3w witryny. Bez tych plik\u00f3w cookie korzystanie z \u017c\u0105danych us\u0142ug, takich jak zakupy online, nie by\u0142oby mo\u017cliwe.<\/p><p><strong>Wydajno\u015bciowe pliki cookie:<\/strong> te pliki cookie zbieraj\u0105 informacje o tym, kiedy u\u017cytkownicy korzystaj\u0105 z danej witryny internetowej, np. kt\u00f3re strony s\u0105 odwiedzane najcz\u0119\u015bciej i czy odwiedzaj\u0105cy otrzymuj\u0105 komunikaty o b\u0142\u0119dach z witryn internetowych. Te pliki cookie nie gromadz\u0105 informacji identyfikuj\u0105cych osob\u0119 odwiedzaj\u0105c\u0105 witryn\u0119. Wszelkie informacje gromadzone przez te pliki cookie maj\u0105 charakter og\u00f3lny i dlatego s\u0105 anonimowe. S\u0105 one wykorzystywane wy\u0142\u0105cznie w celu poprawy wydajno\u015bci strony internetowej.<\/p><p><strong>Funkcjonalne pliki cookie:<\/strong> te pliki cookie umo\u017cliwiaj\u0105 witrynie zapami\u0119tanie wybor\u00f3w dokonanych przez u\u017cytkownika (takich jak j\u0119zyk) i zaoferowanie mu ulepszonych, spersonalizowanych funkcji. Informacje gromadzone przez te pliki cookie mog\u0105 by\u0107 anonimowe i nie mog\u0105 \u015bledzi\u0107 aktywno\u015bci u\u017cytkownika na innych stronach internetowych.<\/p><p><strong>Ukierunkowane lub reklamowe pliki cookie:<\/strong> te pliki cookie s\u0105 u\u017cywane do wy\u015bwietlania reklam, kt\u00f3re powinny by\u0107 interesuj\u0105ce dla u\u017cytkownika i odpowiednie do jego zainteresowa\u0144. S\u0105 one r\u00f3wnie\u017c wykorzystywane w celu zapewnienia, \u017ce u\u017cytkownik zobaczy okre\u015blone reklamy tylko okre\u015blon\u0105 liczb\u0119 razy oraz w celu pomiaru skuteczno\u015bci kampanii reklamowej.<\/p><\/div><div class=\"content-title\">Opis plik\u00f3w cookie u\u017cywanych na naszej stronie internetowej:<\/div><div class=\"content-text\">\u00a0<\/div><div class=\"content-title\"><table style=\"height: 910px;\" width=\"406\"><tbody><tr><td width=\"99\"><strong>Nazwa pliku cookie<\/strong><\/td><td width=\"394\"><strong>Opis \/ cel u\u017cytkowania<\/strong><\/td><td width=\"186\"><strong>Moment utworzenia\/data wyga\u015bni\u0119cia<\/strong><\/td><\/tr><tr><td width=\"99\">_ga<\/td><td width=\"394\">Plik cookie gromadzi informacje o zachowaniu u\u017cytkownika na stronie internetowej i s\u0142u\u017cy do przechowywania informacji statystycznych. Wykorzystywane s\u0105 adresy IP i unikalne numery identyfikacyjne. Wyniki ksi\u0119gowania s\u0105 gromadzone w Google Analytics i maj\u0105 charakter statystyczny.<\/td><td width=\"186\">W momencie pierwszego dost\u0119pu\/2 lata<\/td><\/tr><tr><td width=\"99\">_gat<\/td><td width=\"394\">Plik cookie, kt\u00f3ry ogranicza liczb\u0119 \u017c\u0105da\u0144 wykonywanych przez Google. Nie rejestruje \u017cadnych informacji o u\u017cytkowniku.<\/td><td width=\"186\">Czas na stronie\/1 minuta<\/td><\/tr><tr><td width=\"99\">_gid<\/td><td width=\"394\">Plik cookie u\u017cywany do zbierania informacji statystycznych o witrynie. Ten plik cookie gromadzi i aktualizuje informacje o wewn\u0119trznych stronach witryny odwiedzonych przez u\u017cytkownika.<\/td><td width=\"186\">W momencie wej\u015bcia\/24 godziny po zako\u0144czeniu sesji<\/td><\/tr><tr><td width=\"99\">_wp-wpml_cuurent _language<\/td><td width=\"394\">Plik cookie przechowuj\u0105cy ustawienia j\u0119zykowe<\/td><td width=\"186\">W momencie wej\u015bcia\/24 godziny po zako\u0144czeniu sesji<\/td><\/tr><\/tbody><\/table><\/div><div class=\"content-text\"><p><strong>Zawarto\u015b\u0107 przes\u0142ana z innych stron internetowych<br \/><\/strong><\/p><\/div><div class=\"content-text\"><p>Niniejsza witryna internetowa mo\u017ce zawiera\u0107 tre\u015bci przes\u0142ane z innych witryn internetowych (np. filmy, mapy). Przegl\u0105danie i interakcja z takimi tre\u015bciami przes\u0142anymi na tej stronie jest r\u00f3wnoznaczne z odwiedzaniem stron internetowych, z kt\u00f3rych tre\u015bci s\u0105 przesy\u0142ane.<\/p><p>Witryny te mog\u0105 gromadzi\u0107 dane o u\u017cytkowniku, wykorzystywa\u0107 pliki cookie, us\u0142ugi \u015bledzenia stron trzecich i monitorowa\u0107 interakcje u\u017cytkownika z przes\u0142anymi tre\u015bciami, w tym je\u015bli u\u017cytkownik ma konto i jest zalogowany w tych witrynach.<\/p><\/div><div class=\"content-title\"><p>Jak zarz\u0105dza\u0107 plikami cookie i je usuwa\u0107?<strong><br \/><\/strong><\/p><\/div><div class=\"content-text\"><p>Korzystaj\u0105c z przegl\u0105darki w celu uzyskania dost\u0119pu do udost\u0119pnianych przez nas tre\u015bci, mo\u017cna skonfigurowa\u0107 przegl\u0105dark\u0119 tak, aby akceptowa\u0142a wszystkie pliki cookie, odrzuca\u0142a wszystkie pliki cookie lub powiadamia\u0142a u\u017cytkownika o wys\u0142aniu pliku cookie. Ka\u017cda przegl\u0105darka jest inna, wi\u0119c je\u015bli nie wiesz, jak zmieni\u0107 preferencje dotycz\u0105ce plik\u00f3w cookie, sprawd\u017a menu pomocy przegl\u0105darki. System operacyjny urz\u0105dzenia mo\u017ce mie\u0107 dodatkowe funkcje kontroli plik\u00f3w cookie. Je\u015bli u\u017cytkownik nie chce, aby informacje by\u0142y gromadzone przez pliki cookie, mo\u017ce skorzysta\u0107 z prostej procedury w wi\u0119kszo\u015bci przegl\u0105darek, kt\u00f3ra pozwala zrezygnowa\u0107 z plik\u00f3w cookie. Aby dowiedzie\u0107 si\u0119 wi\u0119cej o zarz\u0105dzaniu plikami cookie, odwied\u017a stron\u0119: http:\/\/www.allaboutcookies.org\/manage-cookies\/\u00a0 Nale\u017cy jednak pami\u0119ta\u0107, \u017ce w niekt\u00f3rych przypadkach usuni\u0119cie plik\u00f3w cookie mo\u017ce spowolni\u0107 szybko\u015b\u0107 przegl\u0105dania stron internetowych, ograniczy\u0107 funkcjonalno\u015b\u0107 niekt\u00f3rych funkcji strony internetowej lub zablokowa\u0107 dost\u0119p do strony internetowej.<\/p><p>Nasza witryna internetowa mo\u017ce zawiera\u0107 \u0142\u0105cza do witryn internetowych innych os\u00f3b, firm lub organizacji. Nale\u017cy pami\u0119ta\u0107, \u017ce Administrator Danych nie ponosi odpowiedzialno\u015bci za tre\u015b\u0107 takich stron internetowych ani za stosowane przez nie praktyki w zakresie prywatno\u015bci. W zwi\u0105zku z tym, je\u015bli u\u017cytkownik skorzysta z \u0142\u0105cza ze strony internetowej Administratora Danych do innych stron internetowych, powinien zapozna\u0107 si\u0119 z ich polityk\u0105 prywatno\u015bci oddzielnie.<\/p><p><strong>Prawa u\u017cytkownika<\/strong><\/p><\/div><div class=\"content-title\"><p>Podmiot danych, kt\u00f3rego dane s\u0105 przetwarzane w ramach dzia\u0142alno\u015bci Administratora danych, ma nast\u0119puj\u0105ce prawa:<\/p><\/div><div class=\"content-text\"><ul><li>Wiedzie\u0107 (by\u0107 informowanym) o przetwarzaniu swoich danych (prawo do informacji);<\/li><li>Uzyskania informacji o swoich danych i sposobie ich przetwarzania (prawo dost\u0119pu);<\/li><li>do \u017c\u0105dania sprostowania lub, bior\u0105c pod uwag\u0119 cele przetwarzania danych osobowych, uzupe\u0142nienia danych osobowych, kt\u00f3re s\u0105 niekompletne (prawo do sprostowania);<\/li><li>\u017c\u0105dania usuni\u0119cia danych lub zaprzestania ich przetwarzania (z wyj\u0105tkiem przechowywania) (prawo do usuni\u0119cia danych i prawo do bycia zapomnianym);<\/li><li>prawo do \u017c\u0105dania od administratora danych ograniczenia przetwarzania danych osobowych z jednego z uzasadnionych powod\u00f3w (prawo do ograniczenia);<\/li><li>prawo do przenoszenia danych (prawo do przenoszenia danych);<\/li><\/ul><\/div><div class=\"content-text\"><p>\u00a0<\/p><p><strong>Zmiany<\/strong><\/p><p>Zastrzegamy sobie prawo do zmiany niniejszej polityki prywatno\u015bci w dowolnym momencie. Wszelkie zmiany wchodz\u0105 w \u017cycie z dniem ich opublikowania na stronie internetowej.<\/p><p><br \/><strong>Kontakt<\/strong><\/p><p>Je\u015bli chcesz uzyska\u0107 informacje na temat danych, kt\u00f3re zebrali\u015bmy na Tw\u00f3j temat, skontaktuj si\u0119 z nami za po\u015brednictwem poczty elektronicznej lub numeru kontaktowego.<\/p><\/div>\t\t\t\t\t\t\t\t<\/div>\n\t\t\t\t<\/div>\n\t\t\t\t\t<\/div>\n\t\t\t\t<\/div>\n\t\t\t\t<\/div>\n\t\t\t\t<\/div>\n\t\t","protected":false},"excerpt":{"rendered":"<p>Informacje og\u00f3lne Lokalna Grupa Dzia\u0142ania Gminy Jonava (zwana dalej &#8222;Administratorem Danych&#8221;) niniejszym okre\u015bla zasady i warunki przetwarzania danych osobowych za po\u015brednictwem strony internetowej www.barokonfederacija.lt prowadzonej przez Administratora Danych (zwanej dalej &#8222;Stron\u0105 Internetow\u0105&#8221;). Dane administratora danych:Lokalna Grupa Dzia\u0142ania Gminy Jonava Kod firmy: 300114900Adres siedziby: \u017deimi\u0173 g. 15-324, LT-55158, Jonava Tel. +3706 83 86575 E-mail: jonava@bendruomenes.lt Dane [&hellip;]<\/p>\n","protected":false},"author":1,"featured_media":0,"parent":0,"menu_order":0,"comment_status":"closed","ping_status":"open","template":"","meta":{"footnotes":""},"categories":[],"class_list":["post-4919","page","type-page","status-publish","hentry"],"yoast_head":"<!-- This site is optimized with the Yoast SEO plugin v24.1 - https:\/\/yoast.com\/wordpress\/plugins\/seo\/ -->\n<title>Polityka prywatno\u015bci - Baro Konfederacija<\/title>\n<meta name=\"robots\" content=\"index, follow, max-snippet:-1, max-image-preview:large, max-video-preview:-1\" \/>\n<link rel=\"canonical\" href=\"https:\/\/barokonfederacija.lt\/pl\/polityka-prywatnosci\/\" \/>\n<meta property=\"og:locale\" content=\"pl_PL\" \/>\n<meta property=\"og:type\" content=\"article\" \/>\n<meta property=\"og:title\" content=\"Polityka prywatno\u015bci - Baro Konfederacija\" \/>\n<meta property=\"og:description\" content=\"Informacje og\u00f3lne Lokalna Grupa Dzia\u0142ania Gminy Jonava (zwana dalej &#8222;Administratorem Danych&#8221;) niniejszym okre\u015bla zasady i warunki przetwarzania danych osobowych za po\u015brednictwem strony internetowej www.barokonfederacija.lt prowadzonej przez Administratora Danych (zwanej dalej &#8222;Stron\u0105 Internetow\u0105&#8221;). Dane administratora danych:Lokalna Grupa Dzia\u0142ania Gminy Jonava Kod firmy: 300114900Adres siedziby: \u017deimi\u0173 g. 15-324, LT-55158, Jonava Tel. +3706 83 86575 E-mail: jonava@bendruomenes.lt Dane [&hellip;]\" \/>\n<meta property=\"og:url\" content=\"https:\/\/barokonfederacija.lt\/pl\/polityka-prywatnosci\/\" \/>\n<meta property=\"og:site_name\" content=\"Baro Konfederacija\" \/>\n<meta property=\"article:modified_time\" content=\"2024-06-12T11:27:38+00:00\" \/>\n<meta name=\"twitter:card\" content=\"summary_large_image\" \/>\n<meta name=\"twitter:label1\" content=\"Szacowany czas czytania\" \/>\n\t<meta name=\"twitter:data1\" content=\"6 minut\" \/>\n<script type=\"application\/ld+json\" class=\"yoast-schema-graph\">{\"@context\":\"https:\/\/schema.org\",\"@graph\":[{\"@type\":\"WebPage\",\"@id\":\"https:\/\/barokonfederacija.lt\/pl\/polityka-prywatnosci\/\",\"url\":\"https:\/\/barokonfederacija.lt\/pl\/polityka-prywatnosci\/\",\"name\":\"Polityka prywatno\u015bci - Baro Konfederacija\",\"isPartOf\":{\"@id\":\"https:\/\/barokonfederacija.lt\/pl\/#website\"},\"datePublished\":\"2023-09-13T08:12:05+00:00\",\"dateModified\":\"2024-06-12T11:27:38+00:00\",\"breadcrumb\":{\"@id\":\"https:\/\/barokonfederacija.lt\/pl\/polityka-prywatnosci\/#breadcrumb\"},\"inLanguage\":\"pl-PL\",\"potentialAction\":[{\"@type\":\"ReadAction\",\"target\":[\"https:\/\/barokonfederacija.lt\/pl\/polityka-prywatnosci\/\"]}]},{\"@type\":\"BreadcrumbList\",\"@id\":\"https:\/\/barokonfederacija.lt\/pl\/polityka-prywatnosci\/#breadcrumb\",\"itemListElement\":[{\"@type\":\"ListItem\",\"position\":1,\"name\":\"G\u0142\u00f3wny\",\"item\":\"https:\/\/barokonfederacija.lt\/pl\/\"},{\"@type\":\"ListItem\",\"position\":2,\"name\":\"Polityka prywatno\u015bci\"}]},{\"@type\":\"WebSite\",\"@id\":\"https:\/\/barokonfederacija.lt\/pl\/#website\",\"url\":\"https:\/\/barokonfederacija.lt\/pl\/\",\"name\":\"Baro Konfederacija\",\"description\":\"\",\"potentialAction\":[{\"@type\":\"SearchAction\",\"target\":{\"@type\":\"EntryPoint\",\"urlTemplate\":\"https:\/\/barokonfederacija.lt\/pl\/?s={search_term_string}\"},\"query-input\":{\"@type\":\"PropertyValueSpecification\",\"valueRequired\":true,\"valueName\":\"search_term_string\"}}],\"inLanguage\":\"pl-PL\"}]}<\/script>\n<!-- \/ Yoast SEO plugin. -->","yoast_head_json":{"title":"Polityka prywatno\u015bci - Baro Konfederacija","robots":{"index":"index","follow":"follow","max-snippet":"max-snippet:-1","max-image-preview":"max-image-preview:large","max-video-preview":"max-video-preview:-1"},"canonical":"https:\/\/barokonfederacija.lt\/pl\/polityka-prywatnosci\/","og_locale":"pl_PL","og_type":"article","og_title":"Polityka prywatno\u015bci - Baro Konfederacija","og_description":"Informacje og\u00f3lne Lokalna Grupa Dzia\u0142ania Gminy Jonava (zwana dalej &#8222;Administratorem Danych&#8221;) niniejszym okre\u015bla zasady i warunki przetwarzania danych osobowych za po\u015brednictwem strony internetowej www.barokonfederacija.lt prowadzonej przez Administratora Danych (zwanej dalej &#8222;Stron\u0105 Internetow\u0105&#8221;). Dane administratora danych:Lokalna Grupa Dzia\u0142ania Gminy Jonava Kod firmy: 300114900Adres siedziby: \u017deimi\u0173 g. 15-324, LT-55158, Jonava Tel. +3706 83 86575 E-mail: jonava@bendruomenes.lt Dane [&hellip;]","og_url":"https:\/\/barokonfederacija.lt\/pl\/polityka-prywatnosci\/","og_site_name":"Baro Konfederacija","article_modified_time":"2024-06-12T11:27:38+00:00","twitter_card":"summary_large_image","twitter_misc":{"Szacowany czas czytania":"6 minut"},"schema":{"@context":"https:\/\/schema.org","@graph":[{"@type":"WebPage","@id":"https:\/\/barokonfederacija.lt\/pl\/polityka-prywatnosci\/","url":"https:\/\/barokonfederacija.lt\/pl\/polityka-prywatnosci\/","name":"Polityka prywatno\u015bci - Baro Konfederacija","isPartOf":{"@id":"https:\/\/barokonfederacija.lt\/pl\/#website"},"datePublished":"2023-09-13T08:12:05+00:00","dateModified":"2024-06-12T11:27:38+00:00","breadcrumb":{"@id":"https:\/\/barokonfederacija.lt\/pl\/polityka-prywatnosci\/#breadcrumb"},"inLanguage":"pl-PL","potentialAction":[{"@type":"ReadAction","target":["https:\/\/barokonfederacija.lt\/pl\/polityka-prywatnosci\/"]}]},{"@type":"BreadcrumbList","@id":"https:\/\/barokonfederacija.lt\/pl\/polityka-prywatnosci\/#breadcrumb","itemListElement":[{"@type":"ListItem","position":1,"name":"G\u0142\u00f3wny","item":"https:\/\/barokonfederacija.lt\/pl\/"},{"@type":"ListItem","position":2,"name":"Polityka prywatno\u015bci"}]},{"@type":"WebSite","@id":"https:\/\/barokonfederacija.lt\/pl\/#website","url":"https:\/\/barokonfederacija.lt\/pl\/","name":"Baro Konfederacija","description":"","potentialAction":[{"@type":"SearchAction","target":{"@type":"EntryPoint","urlTemplate":"https:\/\/barokonfederacija.lt\/pl\/?s={search_term_string}"},"query-input":{"@type":"PropertyValueSpecification","valueRequired":true,"valueName":"search_term_string"}}],"inLanguage":"pl-PL"}]}},"_links":{"self":[{"href":"https:\/\/barokonfederacija.lt\/pl\/wp-json\/wp\/v2\/pages\/4919","targetHints":{"allow":["GET"]}}],"collection":[{"href":"https:\/\/barokonfederacija.lt\/pl\/wp-json\/wp\/v2\/pages"}],"about":[{"href":"https:\/\/barokonfederacija.lt\/pl\/wp-json\/wp\/v2\/types\/page"}],"author":[{"embeddable":true,"href":"https:\/\/barokonfederacija.lt\/pl\/wp-json\/wp\/v2\/users\/1"}],"replies":[{"embeddable":true,"href":"https:\/\/barokonfederacija.lt\/pl\/wp-json\/wp\/v2\/comments?post=4919"}],"version-history":[{"count":17,"href":"https:\/\/barokonfederacija.lt\/pl\/wp-json\/wp\/v2\/pages\/4919\/revisions"}],"predecessor-version":[{"id":5333,"href":"https:\/\/barokonfederacija.lt\/pl\/wp-json\/wp\/v2\/pages\/4919\/revisions\/5333"}],"wp:attachment":[{"href":"https:\/\/barokonfederacija.lt\/pl\/wp-json\/wp\/v2\/media?parent=4919"}],"wp:term":[{"taxonomy":"category","embeddable":true,"href":"https:\/\/barokonfederacija.lt\/pl\/wp-json\/wp\/v2\/categories?post=4919"}],"curies":[{"name":"wp","href":"https:\/\/api.w.org\/{rel}","templated":true}]}}