{"id":4358,"date":"2023-10-12T11:59:41","date_gmt":"2023-10-12T11:59:41","guid":{"rendered":"http:\/\/baro.eshoper.lt\/trasy-na-litwie\/kaplica-dworska-w-zeimiai\/"},"modified":"2024-06-12T11:32:02","modified_gmt":"2024-06-12T11:32:02","slug":"kaplica-dworska-w-zeimiai","status":"publish","type":"page","link":"https:\/\/barokonfederacija.lt\/pl\/trasy-na-litwie\/kaplica-dworska-w-zeimiai\/","title":{"rendered":"Kaplica dworska w \u017deimiai"},"content":{"rendered":"\t\t<div data-elementor-type=\"wp-page\" data-elementor-id=\"4358\" class=\"elementor elementor-4358 elementor-2587\">\n\t\t\t\t<div class=\"elementor-element elementor-element-a33b599 e-con-full slider-landscape e-flex e-con e-parent\" data-id=\"a33b599\" data-element_type=\"container\" data-settings=\"{&quot;background_background&quot;:&quot;classic&quot;}\">\n\t\t\t\t<div class=\"elementor-element elementor-element-e52bf51 breadcrumbs elementor-hidden-tablet elementor-hidden-mobile elementor-widget elementor-widget-shortcode\" data-id=\"e52bf51\" data-element_type=\"widget\" data-widget_type=\"shortcode.default\">\n\t\t\t\t<div class=\"elementor-widget-container\">\n\t\t\t\t\t\t\t<div class=\"elementor-shortcode\"><span><span><a href=\"https:\/\/barokonfederacija.lt\/pl\/\">G\u0142\u00f3wny<\/a><\/span><\/span><\/div>\n\t\t\t\t\t\t<\/div>\n\t\t\t\t<\/div>\n\t\t\t\t<div class=\"elementor-element elementor-element-4cdfe12 post-title elementor-widget elementor-widget-shortcode\" data-id=\"4cdfe12\" data-element_type=\"widget\" data-widget_type=\"shortcode.default\">\n\t\t\t\t<div class=\"elementor-widget-container\">\n\t\t\t\t\t\t\t<div class=\"elementor-shortcode\">Kaplica dworska w \u017deimiai<\/div>\n\t\t\t\t\t\t<\/div>\n\t\t\t\t<\/div>\n\t\t<div class=\"elementor-element elementor-element-1bb1fa1 e-con-full e-flex e-con e-child\" data-id=\"1bb1fa1\" data-element_type=\"container\">\n\t\t\t\t<div class=\"elementor-element elementor-element-ea2f5c6 post-subtitle elementor-widget elementor-widget-heading\" data-id=\"ea2f5c6\" data-element_type=\"widget\" data-widget_type=\"heading.default\">\n\t\t\t\t<div class=\"elementor-widget-container\">\n\t\t\t\t\t<div class=\"elementor-heading-title elementor-size-default\">Kaplica w \u017deimiai jest jednym z najrzadszych zabytk\u00f3w na Litwie, upami\u0119tniaj\u0105cym nie tylko konkretn\u0105 osob\u0119, ale tak\u017ce XVIII-wieczn\u0105 litewsk\u0105 walk\u0119 o wolno\u015b\u0107. Nazwa \u017deimiai jest wpisana w histori\u0119 walki z Imperium Rosyjskim. <\/div>\t\t\t\t<\/div>\n\t\t\t\t<\/div>\n\t\t\t\t<\/div>\n\t\t<div class=\"elementor-element elementor-element-f75c95c e-con-full e-flex e-con e-child\" data-id=\"f75c95c\" data-element_type=\"container\">\n\t\t\t\t<div class=\"elementor-element elementor-element-5b20d0f elementor-widget elementor-widget-shortcode\" data-id=\"5b20d0f\" data-element_type=\"widget\" data-widget_type=\"shortcode.default\">\n\t\t\t\t<div class=\"elementor-widget-container\">\n\t\t\t\t\t    <div class=\"mobile-header-section\">\n        <div class=\"mobile-header-line-left mobile-header-line\"><\/div>\n        <div class=\"mobile-header-arrow\"><div class=\"slider-arrow\"><\/div><\/div>\n        <div class=\"mobile-header-line-right mobile-header-line\"><\/div>\n    <\/div>\n    \t\t<div class=\"elementor-shortcode\"><\/div>\n\t\t\t\t\t\t<\/div>\n\t\t\t\t<\/div>\n\t\t\t\t<\/div>\n\t\t\t\t<\/div>\n\t\t<div class=\"elementor-element elementor-element-6782f37 e-con-full e-flex e-con e-parent\" data-id=\"6782f37\" data-element_type=\"container\" data-settings=\"{&quot;background_background&quot;:&quot;classic&quot;}\">\n\t\t<div class=\"elementor-element elementor-element-9d28170 e-con-full e-flex e-con e-child\" data-id=\"9d28170\" data-element_type=\"container\">\n\t\t<div class=\"elementor-element elementor-element-d44e5bb e-con-full e-flex e-con e-child\" data-id=\"d44e5bb\" data-element_type=\"container\">\n\t\t<div class=\"elementor-element elementor-element-885548e e-con-full e-flex e-con e-child\" data-id=\"885548e\" data-element_type=\"container\">\n\t\t\t\t<div class=\"elementor-element elementor-element-b603c22 elementor-widget__width-initial image-masked elementor-widget elementor-widget-image\" data-id=\"b603c22\" data-element_type=\"widget\" data-widget_type=\"image.default\">\n\t\t\t\t<div class=\"elementor-widget-container\">\n\t\t\t\t\t\t\t\t\t\t\t\t\t\t\t<img fetchpriority=\"high\" decoding=\"async\" width=\"835\" height=\"660\" src=\"https:\/\/barokonfederacija.lt\/wp-content\/uploads\/2023\/10\/Zeimiu-koplytele.png\" class=\"attachment-full size-full wp-image-2604\" alt=\"\" srcset=\"https:\/\/barokonfederacija.lt\/wp-content\/uploads\/2023\/10\/Zeimiu-koplytele.png 835w, https:\/\/barokonfederacija.lt\/wp-content\/uploads\/2023\/10\/Zeimiu-koplytele-300x237.png 300w, https:\/\/barokonfederacija.lt\/wp-content\/uploads\/2023\/10\/Zeimiu-koplytele-768x607.png 768w\" sizes=\"(max-width: 835px) 100vw, 835px\" \/>\t\t\t\t\t\t\t\t\t\t\t\t\t\t\t<\/div>\n\t\t\t\t<\/div>\n\t\t\t\t<\/div>\n\t\t\t\t<\/div>\n\t\t<div class=\"elementor-element elementor-element-2433537 e-flex e-con-boxed e-con e-child\" data-id=\"2433537\" data-element_type=\"container\">\n\t\t\t\t\t<div class=\"e-con-inner\">\n\t\t\t\t<div class=\"elementor-element elementor-element-3e045c7 page-title elementor-widget elementor-widget-heading\" data-id=\"3e045c7\" data-element_type=\"widget\" data-widget_type=\"heading.default\">\n\t\t\t\t<div class=\"elementor-widget-container\">\n\t\t\t\t\t<div class=\"elementor-heading-title elementor-size-default\">Kaplica dworska w \u017deimiai<\/div>\t\t\t\t<\/div>\n\t\t\t\t<\/div>\n\t\t\t\t<div class=\"elementor-element elementor-element-afc8196 page-text elementor-widget elementor-widget-heading\" data-id=\"afc8196\" data-element_type=\"widget\" data-widget_type=\"heading.default\">\n\t\t\t\t<div class=\"elementor-widget-container\">\n\t\t\t\t\t<div class=\"elementor-heading-title elementor-size-default\">\u017deimius by\u0142 chyba najbardziej znany z wydarze\u0144 drugiej po\u0142owy XVIII wieku. Jak wiadomo, 29 lutego 1768 r. w ma\u0142ym miasteczku Podole w Barze zawi\u0105za\u0142a si\u0119 konfederacja, nazwana tak od miejsca, w kt\u00f3rym powsta\u0142a. By\u0142 to ruch szlachty i ni\u017cszych warstw spo\u0142ecznych, g\u0142osz\u0105cy has\u0142o \"Za Wiar\u0119 i Wolno\u015b\u0107\" i obieraj\u0105cy Naj\u015bwi\u0119tsz\u0105 Maryj\u0119 Pann\u0119 za swoj\u0105 niebia\u0144sk\u0105 patronk\u0119.Op\u00f3r wywo\u0142a\u0142 \"Edykt tolerancyjny \"* narzucony przez Imperium Rosyjskie. Akt ten rozszerza\u0142 prawa protestant\u00f3w i prawos\u0142awnych, a tak\u017ce umo\u017cliwia\u0142 w\u0142adzom rosyjskim swobodn\u0105 ingerencj\u0119 w \u017cycie polityczne Rzeczypospolitej Obojga Narod\u00f3w. * Edykt mediola\u0144ski (o tolerancji) to akt sporz\u0105dzony przez cesarza Konstantyna Wielkiego i opublikowany w Mediolanie w 313 r. n.e., kt\u00f3ry wprowadzi\u0142 tolerancj\u0119 dla wszystkich religii w Cesarstwie Rzymskim.<\/div>\t\t\t\t<\/div>\n\t\t\t\t<\/div>\n\t\t\t\t<div class=\"elementor-element elementor-element-a8f4c32 page-subtitle elementor-widget elementor-widget-heading\" data-id=\"a8f4c32\" data-element_type=\"widget\" data-widget_type=\"heading.default\">\n\t\t\t\t<div class=\"elementor-widget-container\">\n\t\t\t\t\t<div class=\"elementor-heading-title elementor-size-default\">W\u0142a\u015bciciele \u017deimiai Manor - Medeksha<\/div>\t\t\t\t<\/div>\n\t\t\t\t<\/div>\n\t\t\t\t<div class=\"elementor-element elementor-element-341b549 page-text elementor-widget elementor-widget-heading\" data-id=\"341b549\" data-element_type=\"widget\" data-widget_type=\"heading.default\">\n\t\t\t\t<div class=\"elementor-widget-container\">\n\t\t\t\t\t<div class=\"elementor-heading-title elementor-size-default\">Tutaj w\u0142a\u015bciciele dworu w \u017bmudzi, Medekszowie, stali si\u0119 jednymi z najwybitniejszych organizator\u00f3w i uczestnik\u00f3w Konfederacji Barskiej na Litwie. Opr\u00f3cz Dominykasa Medeksha, jego syn Teodoras, kt\u00f3ry s\u0142u\u017cy\u0142 w korpusie kadet\u00f3w carskiej armii rosyjskiej, mia\u0142 stopie\u0144 porucznika i wed\u0142ug wsp\u00f3\u0142czesnych by\u0142 m\u0142odym cz\u0142owiekiem o doskona\u0142ym wykszta\u0142ceniu i pi\u0119knych manierach, bra\u0142 czynny udzia\u0142 w ruchu oporu. Zosta\u0142 zabity przez rosyjskich w\u0142\u00f3cznik\u00f3w w bitwie pod Vi\u0161akio Ruda (niedaleko Kazl\u0173 R\u016bda). Po ucichni\u0119ciu walk mi\u0119dzy rebeliantami a armi\u0105 carsk\u0105 jego ojciec zbudowa\u0142 ku pami\u0119ci syna p\u00f3\u017anobarokow\u0105 kaplic\u0119 w formie tr\u00f3jkondygnacyjnej wie\u017cy, kt\u00f3ra przetrwa\u0142a do dzi\u015b, przylegaj\u0105c\u0105 do posiad\u0142o\u015bci w \u017deimiai.<\/div>\t\t\t\t<\/div>\n\t\t\t\t<\/div>\n\t\t\t\t<div class=\"elementor-element elementor-element-6c6779e page-subtitle elementor-widget elementor-widget-heading\" data-id=\"6c6779e\" data-element_type=\"widget\" data-widget_type=\"heading.default\">\n\t\t\t\t<div class=\"elementor-widget-container\">\n\t\t\t\t\t<div class=\"elementor-heading-title elementor-size-default\">Wsp\u00f3\u0142rz\u0119dne i adres<\/div>\t\t\t\t<\/div>\n\t\t\t\t<\/div>\n\t\t\t\t<div class=\"elementor-element elementor-element-f494c8f page-text elementor-widget elementor-widget-heading\" data-id=\"f494c8f\" data-element_type=\"widget\" data-widget_type=\"heading.default\">\n\t\t\t\t<div class=\"elementor-widget-container\">\n\t\t\t\t\t<div class=\"elementor-heading-title elementor-size-default\"><a href=\"https:\/\/www.google.com\/maps\/place\/55%C2%B011&#039;01.6%22N+24%C2%B013&#039;16.2%22E\/@55.1836716,24.2214174,230m\/data=!3m1!1e3!4m4!3m3!8m2!3d55.1837647!4d24.2211747?entry=ttu\">55.183764740318075, 24.221174725018262<br>55.1838\u00b0 n.  24.2212\u00b0 e <br>232 63, 55386 \u017deimiai, Jonavos rajono savivaldyb\u0117<\/a><\/div>\t\t\t\t<\/div>\n\t\t\t\t<\/div>\n\t\t\t\t\t<\/div>\n\t\t\t\t<\/div>\n\t\t\t\t<\/div>\n\t\t<div class=\"elementor-element elementor-element-f2644dc e-con-full e-flex e-con e-child\" data-id=\"f2644dc\" data-element_type=\"container\">\n\t\t<div class=\"elementor-element elementor-element-9e62949 e-con-full e-flex e-con e-child\" data-id=\"9e62949\" data-element_type=\"container\">\n\t\t\t\t<div class=\"elementor-element elementor-element-4ad848c page-title elementor-widget elementor-widget-heading\" data-id=\"4ad848c\" data-element_type=\"widget\" data-widget_type=\"heading.default\">\n\t\t\t\t<div class=\"elementor-widget-container\">\n\t\t\t\t\t<div class=\"elementor-heading-title elementor-size-default\">Mapa<\/div>\t\t\t\t<\/div>\n\t\t\t\t<\/div>\n\t\t\t\t<\/div>\n\t\t<div class=\"elementor-element elementor-element-51dbdd0 e-con-full e-flex e-con e-child\" data-id=\"51dbdd0\" data-element_type=\"container\">\n\t\t\t\t<div class=\"elementor-element elementor-element-cda8d2e elementor-widget elementor-widget-html\" data-id=\"cda8d2e\" data-element_type=\"widget\" data-widget_type=\"html.default\">\n\t\t\t\t<div class=\"elementor-widget-container\">\n\t\t\t\t\t<iframe src=\"https:\/\/snazzymaps.com\/embed\/555684\" width=\"100%\" height=\"600px\" style=\"border:none;\"><\/iframe>\t\t\t\t<\/div>\n\t\t\t\t<\/div>\n\t\t\t\t<\/div>\n\t\t<div class=\"elementor-element elementor-element-0393469 e-con-full e-flex e-con e-child\" data-id=\"0393469\" data-element_type=\"container\">\n\t\t\t\t<div class=\"elementor-element elementor-element-66a6d52 page-title elementor-widget elementor-widget-heading\" data-id=\"66a6d52\" data-element_type=\"widget\" data-widget_type=\"heading.default\">\n\t\t\t\t<div class=\"elementor-widget-container\">\n\t\t\t\t\t<div class=\"elementor-heading-title elementor-size-default\">Galeria<\/div>\t\t\t\t<\/div>\n\t\t\t\t<\/div>\n\t\t\t\t<\/div>\n\t\t<div class=\"elementor-element elementor-element-9a0296c e-con-full e-flex e-con e-child\" data-id=\"9a0296c\" data-element_type=\"container\">\n\t\t\t\t<div class=\"elementor-element elementor-element-3c95491 elementor-widget elementor-widget-eshoper-gallery-carousel\" data-id=\"3c95491\" data-element_type=\"widget\" data-widget_type=\"eshoper-gallery-carousel.default\">\n\t\t\t\t<div class=\"elementor-widget-container\">\n\t\t\t\t\t        <div class=\"eshoper-gallery-carousel\">\r\n            \r\n                <div class=\"eshoper-gallery-carousel-item\">\r\n                    <div class=\"eshoper-gallery-image-element\">\r\n                        <a href=\"https:\/\/barokonfederacija.lt\/wp-content\/uploads\/2023\/11\/Untitled-design8.png\" data-lightbox=\"gallery-image\" data-id=\"0\">\r\n                            <div class=\"eshoper-gallery-image\">\r\n                                <div class=\"image-masked\">\r\n                                    <img decoding=\"async\" src=\"https:\/\/barokonfederacija.lt\/wp-content\/uploads\/2023\/11\/Untitled-design7.png\"\r\n                                         alt=\"Image 1\">\r\n                                    <div class=\"eshoper-gallery-hover\"><\/div>\r\n                                <\/div>\r\n                            <\/div>\r\n                        <\/a>\r\n                    <\/div>\r\n\r\n                <\/div>\r\n            \r\n                <div class=\"eshoper-gallery-carousel-item\">\r\n                    <div class=\"eshoper-gallery-image-element\">\r\n                        <a href=\"https:\/\/barokonfederacija.lt\/wp-content\/uploads\/2023\/12\/GOPR0871.png\" data-lightbox=\"gallery-image\" data-id=\"1\">\r\n                            <div class=\"eshoper-gallery-image\">\r\n                                <div class=\"image-masked\">\r\n                                    <img decoding=\"async\" src=\"https:\/\/barokonfederacija.lt\/wp-content\/uploads\/2023\/12\/Untitled-design9.png\"\r\n                                         alt=\"Image 2\">\r\n                                    <div class=\"eshoper-gallery-hover\"><\/div>\r\n                                <\/div>\r\n                            <\/div>\r\n                        <\/a>\r\n                    <\/div>\r\n\r\n                <\/div>\r\n            \r\n                <div class=\"eshoper-gallery-carousel-item\">\r\n                    <div class=\"eshoper-gallery-image-element\">\r\n                        <a href=\"https:\/\/barokonfederacija.lt\/wp-content\/uploads\/2023\/11\/Untitled-design141.png\" data-lightbox=\"gallery-image\" data-id=\"2\">\r\n                            <div class=\"eshoper-gallery-image\">\r\n                                <div class=\"image-masked\">\r\n                                    <img decoding=\"async\" src=\"https:\/\/barokonfederacija.lt\/wp-content\/uploads\/2023\/11\/Untitled-design13.png\"\r\n                                         alt=\"Image 5\">\r\n                                    <div class=\"eshoper-gallery-hover\"><\/div>\r\n                                <\/div>\r\n                            <\/div>\r\n                        <\/a>\r\n                    <\/div>\r\n\r\n                <\/div>\r\n            \r\n                <div class=\"eshoper-gallery-carousel-item\">\r\n                    <div class=\"eshoper-gallery-image-element\">\r\n                        <a href=\"https:\/\/barokonfederacija.lt\/wp-content\/uploads\/2023\/11\/DJI_06321.png\" data-lightbox=\"gallery-image\" data-id=\"3\">\r\n                            <div class=\"eshoper-gallery-image\">\r\n                                <div class=\"image-masked\">\r\n                                    <img decoding=\"async\" src=\"https:\/\/barokonfederacija.lt\/wp-content\/uploads\/2023\/11\/Untitled-design12.png\"\r\n                                         alt=\"Image 4\">\r\n                                    <div class=\"eshoper-gallery-hover\"><\/div>\r\n                                <\/div>\r\n                            <\/div>\r\n                        <\/a>\r\n                    <\/div>\r\n\r\n                <\/div>\r\n            \r\n                <div class=\"eshoper-gallery-carousel-item\">\r\n                    <div class=\"eshoper-gallery-image-element\">\r\n                        <a href=\"https:\/\/barokonfederacija.lt\/wp-content\/uploads\/2023\/11\/Untitled-design11.png\" data-lightbox=\"gallery-image\" data-id=\"4\">\r\n                            <div class=\"eshoper-gallery-image\">\r\n                                <div class=\"image-masked\">\r\n                                    <img decoding=\"async\" src=\"https:\/\/barokonfederacija.lt\/wp-content\/uploads\/2023\/11\/Untitled-design10.png\"\r\n                                         alt=\"Image 3\">\r\n                                    <div class=\"eshoper-gallery-hover\"><\/div>\r\n                                <\/div>\r\n                            <\/div>\r\n                        <\/a>\r\n                    <\/div>\r\n\r\n                <\/div>\r\n                    <\/div>\r\n        \t\t\t\t<\/div>\n\t\t\t\t<\/div>\n\t\t\t\t<\/div>\n\t\t\t\t<\/div>\n\t\t\t\t<\/div>\n\t\t\t\t<\/div>\n\t\t","protected":false},"excerpt":{"rendered":"<p>Kaplica w \u017deimiai jest jednym z najrzadszych zabytk\u00f3w na Litwie, upami\u0119tniaj\u0105cym nie tylko konkretn\u0105 osob\u0119, ale tak\u017ce XVIII-wieczn\u0105 litewsk\u0105 walk\u0119 o wolno\u015b\u0107. Nazwa \u017deimiai jest wpisana w histori\u0119 walki z Imperium Rosyjskim. Kaplica dworska w \u017deimiai \u017deimius by\u0142 chyba najbardziej znany z wydarze\u0144 drugiej po\u0142owy XVIII wieku. Jak wiadomo, 29 lutego 1768 r. w ma\u0142ym [&hellip;]<\/p>\n","protected":false},"author":1,"featured_media":0,"parent":4220,"menu_order":0,"comment_status":"closed","ping_status":"closed","template":"","meta":{"footnotes":""},"categories":[18],"class_list":["post-4358","page","type-page","status-publish","hentry","category-trasy"],"yoast_head":"<!-- This site is optimized with the Yoast SEO plugin v24.1 - https:\/\/yoast.com\/wordpress\/plugins\/seo\/ -->\n<title>Kaplica dworska w \u017deimiai - Baro Konfederacija<\/title>\n<meta name=\"robots\" content=\"index, follow, max-snippet:-1, max-image-preview:large, max-video-preview:-1\" \/>\n<link rel=\"canonical\" href=\"https:\/\/barokonfederacija.lt\/pl\/trasy-na-litwie\/kaplica-dworska-w-zeimiai\/\" \/>\n<meta property=\"og:locale\" content=\"pl_PL\" \/>\n<meta property=\"og:type\" content=\"article\" \/>\n<meta property=\"og:title\" content=\"Kaplica dworska w \u017deimiai - Baro Konfederacija\" \/>\n<meta property=\"og:description\" content=\"Kaplica w \u017deimiai jest jednym z najrzadszych zabytk\u00f3w na Litwie, upami\u0119tniaj\u0105cym nie tylko konkretn\u0105 osob\u0119, ale tak\u017ce XVIII-wieczn\u0105 litewsk\u0105 walk\u0119 o wolno\u015b\u0107. Nazwa \u017deimiai jest wpisana w histori\u0119 walki z Imperium Rosyjskim. Kaplica dworska w \u017deimiai \u017deimius by\u0142 chyba najbardziej znany z wydarze\u0144 drugiej po\u0142owy XVIII wieku. Jak wiadomo, 29 lutego 1768 r. w ma\u0142ym [&hellip;]\" \/>\n<meta property=\"og:url\" content=\"https:\/\/barokonfederacija.lt\/pl\/trasy-na-litwie\/kaplica-dworska-w-zeimiai\/\" \/>\n<meta property=\"og:site_name\" content=\"Baro Konfederacija\" \/>\n<meta property=\"article:modified_time\" content=\"2024-06-12T11:32:02+00:00\" \/>\n<meta property=\"og:image\" content=\"https:\/\/barokonfederacija.lt\/wp-content\/uploads\/2023\/10\/Zeimiu-koplytele.png\" \/>\n<meta name=\"twitter:card\" content=\"summary_large_image\" \/>\n<meta name=\"twitter:label1\" content=\"Szacowany czas czytania\" \/>\n\t<meta name=\"twitter:data1\" content=\"3 minuty\" \/>\n<script type=\"application\/ld+json\" class=\"yoast-schema-graph\">{\"@context\":\"https:\/\/schema.org\",\"@graph\":[{\"@type\":\"WebPage\",\"@id\":\"https:\/\/barokonfederacija.lt\/pl\/trasy-na-litwie\/kaplica-dworska-w-zeimiai\/\",\"url\":\"https:\/\/barokonfederacija.lt\/pl\/trasy-na-litwie\/kaplica-dworska-w-zeimiai\/\",\"name\":\"Kaplica dworska w \u017deimiai - Baro Konfederacija\",\"isPartOf\":{\"@id\":\"https:\/\/barokonfederacija.lt\/pl\/#website\"},\"primaryImageOfPage\":{\"@id\":\"https:\/\/barokonfederacija.lt\/pl\/trasy-na-litwie\/kaplica-dworska-w-zeimiai\/#primaryimage\"},\"image\":{\"@id\":\"https:\/\/barokonfederacija.lt\/pl\/trasy-na-litwie\/kaplica-dworska-w-zeimiai\/#primaryimage\"},\"thumbnailUrl\":\"https:\/\/barokonfederacija.lt\/wp-content\/uploads\/2023\/10\/Zeimiu-koplytele.png\",\"datePublished\":\"2023-10-12T11:59:41+00:00\",\"dateModified\":\"2024-06-12T11:32:02+00:00\",\"breadcrumb\":{\"@id\":\"https:\/\/barokonfederacija.lt\/pl\/trasy-na-litwie\/kaplica-dworska-w-zeimiai\/#breadcrumb\"},\"inLanguage\":\"pl-PL\",\"potentialAction\":[{\"@type\":\"ReadAction\",\"target\":[\"https:\/\/barokonfederacija.lt\/pl\/trasy-na-litwie\/kaplica-dworska-w-zeimiai\/\"]}]},{\"@type\":\"ImageObject\",\"inLanguage\":\"pl-PL\",\"@id\":\"https:\/\/barokonfederacija.lt\/pl\/trasy-na-litwie\/kaplica-dworska-w-zeimiai\/#primaryimage\",\"url\":\"https:\/\/barokonfederacija.lt\/wp-content\/uploads\/2023\/10\/Zeimiu-koplytele.png\",\"contentUrl\":\"https:\/\/barokonfederacija.lt\/wp-content\/uploads\/2023\/10\/Zeimiu-koplytele.png\"},{\"@type\":\"BreadcrumbList\",\"@id\":\"https:\/\/barokonfederacija.lt\/pl\/trasy-na-litwie\/kaplica-dworska-w-zeimiai\/#breadcrumb\",\"itemListElement\":[{\"@type\":\"ListItem\",\"position\":1,\"name\":\"G\u0142\u00f3wny\",\"item\":\"https:\/\/barokonfederacija.lt\/pl\/\"},{\"@type\":\"ListItem\",\"position\":2,\"name\":\"Trasy\",\"item\":\"https:\/\/barokonfederacija.lt\/pl\/.\/trasy\/\"},{\"@type\":\"ListItem\",\"position\":3,\"name\":\"Trasy na Litwie\",\"item\":\"https:\/\/barokonfederacija.lt\/pl\/trasy-na-litwie\/\"},{\"@type\":\"ListItem\",\"position\":4,\"name\":\"Kaplica dworska w \u017deimiai\"}]},{\"@type\":\"WebSite\",\"@id\":\"https:\/\/barokonfederacija.lt\/pl\/#website\",\"url\":\"https:\/\/barokonfederacija.lt\/pl\/\",\"name\":\"Baro Konfederacija\",\"description\":\"\",\"potentialAction\":[{\"@type\":\"SearchAction\",\"target\":{\"@type\":\"EntryPoint\",\"urlTemplate\":\"https:\/\/barokonfederacija.lt\/pl\/?s={search_term_string}\"},\"query-input\":{\"@type\":\"PropertyValueSpecification\",\"valueRequired\":true,\"valueName\":\"search_term_string\"}}],\"inLanguage\":\"pl-PL\"}]}<\/script>\n<!-- \/ Yoast SEO plugin. -->","yoast_head_json":{"title":"Kaplica dworska w \u017deimiai - Baro Konfederacija","robots":{"index":"index","follow":"follow","max-snippet":"max-snippet:-1","max-image-preview":"max-image-preview:large","max-video-preview":"max-video-preview:-1"},"canonical":"https:\/\/barokonfederacija.lt\/pl\/trasy-na-litwie\/kaplica-dworska-w-zeimiai\/","og_locale":"pl_PL","og_type":"article","og_title":"Kaplica dworska w \u017deimiai - Baro Konfederacija","og_description":"Kaplica w \u017deimiai jest jednym z najrzadszych zabytk\u00f3w na Litwie, upami\u0119tniaj\u0105cym nie tylko konkretn\u0105 osob\u0119, ale tak\u017ce XVIII-wieczn\u0105 litewsk\u0105 walk\u0119 o wolno\u015b\u0107. Nazwa \u017deimiai jest wpisana w histori\u0119 walki z Imperium Rosyjskim. Kaplica dworska w \u017deimiai \u017deimius by\u0142 chyba najbardziej znany z wydarze\u0144 drugiej po\u0142owy XVIII wieku. Jak wiadomo, 29 lutego 1768 r. w ma\u0142ym [&hellip;]","og_url":"https:\/\/barokonfederacija.lt\/pl\/trasy-na-litwie\/kaplica-dworska-w-zeimiai\/","og_site_name":"Baro Konfederacija","article_modified_time":"2024-06-12T11:32:02+00:00","og_image":[{"url":"https:\/\/barokonfederacija.lt\/wp-content\/uploads\/2023\/10\/Zeimiu-koplytele.png","type":"","width":"","height":""}],"twitter_card":"summary_large_image","twitter_misc":{"Szacowany czas czytania":"3 minuty"},"schema":{"@context":"https:\/\/schema.org","@graph":[{"@type":"WebPage","@id":"https:\/\/barokonfederacija.lt\/pl\/trasy-na-litwie\/kaplica-dworska-w-zeimiai\/","url":"https:\/\/barokonfederacija.lt\/pl\/trasy-na-litwie\/kaplica-dworska-w-zeimiai\/","name":"Kaplica dworska w \u017deimiai - Baro Konfederacija","isPartOf":{"@id":"https:\/\/barokonfederacija.lt\/pl\/#website"},"primaryImageOfPage":{"@id":"https:\/\/barokonfederacija.lt\/pl\/trasy-na-litwie\/kaplica-dworska-w-zeimiai\/#primaryimage"},"image":{"@id":"https:\/\/barokonfederacija.lt\/pl\/trasy-na-litwie\/kaplica-dworska-w-zeimiai\/#primaryimage"},"thumbnailUrl":"https:\/\/barokonfederacija.lt\/wp-content\/uploads\/2023\/10\/Zeimiu-koplytele.png","datePublished":"2023-10-12T11:59:41+00:00","dateModified":"2024-06-12T11:32:02+00:00","breadcrumb":{"@id":"https:\/\/barokonfederacija.lt\/pl\/trasy-na-litwie\/kaplica-dworska-w-zeimiai\/#breadcrumb"},"inLanguage":"pl-PL","potentialAction":[{"@type":"ReadAction","target":["https:\/\/barokonfederacija.lt\/pl\/trasy-na-litwie\/kaplica-dworska-w-zeimiai\/"]}]},{"@type":"ImageObject","inLanguage":"pl-PL","@id":"https:\/\/barokonfederacija.lt\/pl\/trasy-na-litwie\/kaplica-dworska-w-zeimiai\/#primaryimage","url":"https:\/\/barokonfederacija.lt\/wp-content\/uploads\/2023\/10\/Zeimiu-koplytele.png","contentUrl":"https:\/\/barokonfederacija.lt\/wp-content\/uploads\/2023\/10\/Zeimiu-koplytele.png"},{"@type":"BreadcrumbList","@id":"https:\/\/barokonfederacija.lt\/pl\/trasy-na-litwie\/kaplica-dworska-w-zeimiai\/#breadcrumb","itemListElement":[{"@type":"ListItem","position":1,"name":"G\u0142\u00f3wny","item":"https:\/\/barokonfederacija.lt\/pl\/"},{"@type":"ListItem","position":2,"name":"Trasy","item":"https:\/\/barokonfederacija.lt\/pl\/.\/trasy\/"},{"@type":"ListItem","position":3,"name":"Trasy na Litwie","item":"https:\/\/barokonfederacija.lt\/pl\/trasy-na-litwie\/"},{"@type":"ListItem","position":4,"name":"Kaplica dworska w \u017deimiai"}]},{"@type":"WebSite","@id":"https:\/\/barokonfederacija.lt\/pl\/#website","url":"https:\/\/barokonfederacija.lt\/pl\/","name":"Baro Konfederacija","description":"","potentialAction":[{"@type":"SearchAction","target":{"@type":"EntryPoint","urlTemplate":"https:\/\/barokonfederacija.lt\/pl\/?s={search_term_string}"},"query-input":{"@type":"PropertyValueSpecification","valueRequired":true,"valueName":"search_term_string"}}],"inLanguage":"pl-PL"}]}},"_links":{"self":[{"href":"https:\/\/barokonfederacija.lt\/pl\/wp-json\/wp\/v2\/pages\/4358","targetHints":{"allow":["GET"]}}],"collection":[{"href":"https:\/\/barokonfederacija.lt\/pl\/wp-json\/wp\/v2\/pages"}],"about":[{"href":"https:\/\/barokonfederacija.lt\/pl\/wp-json\/wp\/v2\/types\/page"}],"author":[{"embeddable":true,"href":"https:\/\/barokonfederacija.lt\/pl\/wp-json\/wp\/v2\/users\/1"}],"replies":[{"embeddable":true,"href":"https:\/\/barokonfederacija.lt\/pl\/wp-json\/wp\/v2\/comments?post=4358"}],"version-history":[{"count":19,"href":"https:\/\/barokonfederacija.lt\/pl\/wp-json\/wp\/v2\/pages\/4358\/revisions"}],"predecessor-version":[{"id":5348,"href":"https:\/\/barokonfederacija.lt\/pl\/wp-json\/wp\/v2\/pages\/4358\/revisions\/5348"}],"up":[{"embeddable":true,"href":"https:\/\/barokonfederacija.lt\/pl\/wp-json\/wp\/v2\/pages\/4220"}],"wp:attachment":[{"href":"https:\/\/barokonfederacija.lt\/pl\/wp-json\/wp\/v2\/media?parent=4358"}],"wp:term":[{"taxonomy":"category","embeddable":true,"href":"https:\/\/barokonfederacija.lt\/pl\/wp-json\/wp\/v2\/categories?post=4358"}],"curies":[{"name":"wp","href":"https:\/\/api.w.org\/{rel}","templated":true}]}}