{"id":4356,"date":"2023-10-27T14:49:31","date_gmt":"2023-10-27T14:49:31","guid":{"rendered":"http:\/\/baro.eshoper.lt\/trasy-na-litwie\/dwor-zeimiai\/"},"modified":"2024-06-12T11:30:38","modified_gmt":"2024-06-12T11:30:38","slug":"dwor-zeimiai","status":"publish","type":"page","link":"https:\/\/barokonfederacija.lt\/pl\/trasy-na-litwie\/dwor-zeimiai\/","title":{"rendered":"Dw\u00f3r \u017deimiai"},"content":{"rendered":"\t\t<div data-elementor-type=\"wp-page\" data-elementor-id=\"4356\" class=\"elementor elementor-4356 elementor-2807\">\n\t\t\t\t<div class=\"elementor-element elementor-element-a33b599 e-con-full slider-landscape e-flex e-con e-parent\" data-id=\"a33b599\" data-element_type=\"container\" data-settings=\"{&quot;background_background&quot;:&quot;classic&quot;}\">\n\t\t\t\t<div class=\"elementor-element elementor-element-e52bf51 breadcrumbs elementor-hidden-tablet elementor-hidden-mobile elementor-widget elementor-widget-shortcode\" data-id=\"e52bf51\" data-element_type=\"widget\" data-widget_type=\"shortcode.default\">\n\t\t\t\t<div class=\"elementor-widget-container\">\n\t\t\t\t\t\t\t<div class=\"elementor-shortcode\"><span><span><a href=\"https:\/\/barokonfederacija.lt\/pl\/\">G\u0142\u00f3wny<\/a><\/span><\/span><\/div>\n\t\t\t\t\t\t<\/div>\n\t\t\t\t<\/div>\n\t\t\t\t<div class=\"elementor-element elementor-element-4cdfe12 post-title elementor-widget elementor-widget-shortcode\" data-id=\"4cdfe12\" data-element_type=\"widget\" data-widget_type=\"shortcode.default\">\n\t\t\t\t<div class=\"elementor-widget-container\">\n\t\t\t\t\t\t\t<div class=\"elementor-shortcode\">Dw\u00f3r \u017deimiai<\/div>\n\t\t\t\t\t\t<\/div>\n\t\t\t\t<\/div>\n\t\t<div class=\"elementor-element elementor-element-1bb1fa1 e-con-full e-flex e-con e-child\" data-id=\"1bb1fa1\" data-element_type=\"container\">\n\t\t\t\t<div class=\"elementor-element elementor-element-ea2f5c6 post-subtitle elementor-widget elementor-widget-heading\" data-id=\"ea2f5c6\" data-element_type=\"widget\" data-widget_type=\"heading.default\">\n\t\t\t\t<div class=\"elementor-widget-container\">\n\t\t\t\t\t<div class=\"elementor-heading-title elementor-size-default\">Region Jonawy by\u0142 domem dla wielu litewskich szlachcic\u00f3w i rodzin szlacheckich. Najlepiej zachowany jest jednak klasycystyczny dw\u00f3r \u017deimiai, w kt\u00f3rym do II wojny \u015bwiatowej mieszkali ostatni potomkowie Kosakowskich, za\u0142o\u017cycieli miasta Jonava.<\/div>\t\t\t\t<\/div>\n\t\t\t\t<\/div>\n\t\t\t\t<\/div>\n\t\t<div class=\"elementor-element elementor-element-f75c95c e-con-full e-flex e-con e-child\" data-id=\"f75c95c\" data-element_type=\"container\">\n\t\t\t\t<div class=\"elementor-element elementor-element-5b20d0f elementor-widget elementor-widget-shortcode\" data-id=\"5b20d0f\" data-element_type=\"widget\" data-widget_type=\"shortcode.default\">\n\t\t\t\t<div class=\"elementor-widget-container\">\n\t\t\t\t\t    <div class=\"mobile-header-section\">\n        <div class=\"mobile-header-line-left mobile-header-line\"><\/div>\n        <div class=\"mobile-header-arrow\"><div class=\"slider-arrow\"><\/div><\/div>\n        <div class=\"mobile-header-line-right mobile-header-line\"><\/div>\n    <\/div>\n    \t\t<div class=\"elementor-shortcode\"><\/div>\n\t\t\t\t\t\t<\/div>\n\t\t\t\t<\/div>\n\t\t\t\t<\/div>\n\t\t\t\t<\/div>\n\t\t<div class=\"elementor-element elementor-element-6782f37 e-con-full e-flex e-con e-parent\" data-id=\"6782f37\" data-element_type=\"container\" data-settings=\"{&quot;background_background&quot;:&quot;classic&quot;}\">\n\t\t<div class=\"elementor-element elementor-element-9d28170 e-con-full e-flex e-con e-child\" data-id=\"9d28170\" data-element_type=\"container\">\n\t\t<div class=\"elementor-element elementor-element-d44e5bb e-con-full e-flex e-con e-child\" data-id=\"d44e5bb\" data-element_type=\"container\">\n\t\t<div class=\"elementor-element elementor-element-885548e e-con-full e-flex e-con e-child\" data-id=\"885548e\" data-element_type=\"container\">\n\t\t\t\t<div class=\"elementor-element elementor-element-b603c22 elementor-widget__width-initial image-masked elementor-widget elementor-widget-image\" data-id=\"b603c22\" data-element_type=\"widget\" data-widget_type=\"image.default\">\n\t\t\t\t<div class=\"elementor-widget-container\">\n\t\t\t\t\t\t\t\t\t\t\t\t\t\t\t<img fetchpriority=\"high\" decoding=\"async\" width=\"835\" height=\"660\" src=\"https:\/\/barokonfederacija.lt\/wp-content\/uploads\/2023\/11\/Untitled-design14.png\" class=\"attachment-full size-full wp-image-2913\" alt=\"\" srcset=\"https:\/\/barokonfederacija.lt\/wp-content\/uploads\/2023\/11\/Untitled-design14.png 835w, https:\/\/barokonfederacija.lt\/wp-content\/uploads\/2023\/11\/Untitled-design14-300x237.png 300w, https:\/\/barokonfederacija.lt\/wp-content\/uploads\/2023\/11\/Untitled-design14-768x607.png 768w\" sizes=\"(max-width: 835px) 100vw, 835px\" \/>\t\t\t\t\t\t\t\t\t\t\t\t\t\t\t<\/div>\n\t\t\t\t<\/div>\n\t\t\t\t<\/div>\n\t\t\t\t<\/div>\n\t\t<div class=\"elementor-element elementor-element-2433537 e-flex e-con-boxed e-con e-child\" data-id=\"2433537\" data-element_type=\"container\">\n\t\t\t\t\t<div class=\"e-con-inner\">\n\t\t\t\t<div class=\"elementor-element elementor-element-3e045c7 page-title elementor-widget elementor-widget-heading\" data-id=\"3e045c7\" data-element_type=\"widget\" data-widget_type=\"heading.default\">\n\t\t\t\t<div class=\"elementor-widget-container\">\n\t\t\t\t\t<div class=\"elementor-heading-title elementor-size-default\">Dw\u00f3r \u017deimiai<\/div>\t\t\t\t<\/div>\n\t\t\t\t<\/div>\n\t\t\t\t<div class=\"elementor-element elementor-element-afc8196 page-text elementor-widget elementor-widget-heading\" data-id=\"afc8196\" data-element_type=\"widget\" data-widget_type=\"heading.default\">\n\t\t\t\t<div class=\"elementor-widget-container\">\n\t\t\t\t\t<div class=\"elementor-heading-title elementor-size-default\">Folwark \u017deimiai zacz\u0105\u0142 powstawa\u0107 pod koniec XV - na pocz\u0105tku XVI w. W 1387 r. Jogaila zapisa\u0142 folwark \u017deimiai Skirgaili. P\u00f3\u017aniej posiad\u0142o\u015b\u0107 zosta\u0142a przekazana rodzinie Zavi\u0161\u00f3w. Wiadomo, \u017ce w XVI wieku \u017deimiai by\u0142y rz\u0105dzone r\u00f3wnolegle przez Zavi\u0161\u00f3w, Medek\u0161\u00f3w i \u010cechovi\u010d\u00f3w. Dw\u00f3r \u017deimiai to zabytek p\u00f3\u017anoklasycystycznej architektury znajduj\u0105cy si\u0119 w mie\u015bcie \u017deimiai, w dzielnicy Jonava. W pobli\u017cu dworu znajduje si\u0119 kaplica \u017deimi\u0173, zachowany park za\u0142o\u017cony w XVIII wieku, z oko\u0142o 20 gatunkami ro\u015blin i alej\u0105 lipow\u0105 (\u017deimi\u0173 liepos), stodo\u0142a dworska, lodownia, cha\u0142upa i stajnia. <\/div>\t\t\t\t<\/div>\n\t\t\t\t<\/div>\n\t\t\t\t<div class=\"elementor-element elementor-element-a8f4c32 page-subtitle elementor-widget elementor-widget-heading\" data-id=\"a8f4c32\" data-element_type=\"widget\" data-widget_type=\"heading.default\">\n\t\t\t\t<div class=\"elementor-widget-container\">\n\t\t\t\t\t<div class=\"elementor-heading-title elementor-size-default\">W\u0142a\u015bciciele \u017deimiai Manor - Medeksha i Kosakovscy<\/div>\t\t\t\t<\/div>\n\t\t\t\t<\/div>\n\t\t\t\t<div class=\"elementor-element elementor-element-341b549 page-text elementor-widget elementor-widget-heading\" data-id=\"341b549\" data-element_type=\"widget\" data-widget_type=\"heading.default\">\n\t\t\t\t<div class=\"elementor-widget-container\">\n\t\t\t\t\t<div class=\"elementor-heading-title elementor-size-default\">XVIII w. p.n.e. W XVIII w. dw\u00f3r w \u017deimiai odziedziczy\u0142 Dominykas Medek\u0161a - s\u0142ynny m\u0105\u017c stanu GDL, polityczny zwolennik Radziwi\u0142\u0142\u00f3w i szambelan kowie\u0144ski. W drugiej po\u0142owie XVIII wieku rozpocz\u0105\u0142 on budow\u0119 murowanego zespo\u0142u dworu w \u017deimiai. Z tego okresu zachowa\u0142a si\u0119 kaplica po\u015bwi\u0119cona pami\u0119ci syna Dominykasa Medek\u0161y, Teodorasa, konfederata barskiego, kt\u00f3ry zgin\u0105\u0142 w 1768 r. pod Vi\u0161akio R\u016bda.\nW 1780 r. Dominykas Medek\u0161a sprzeda\u0142 dw\u00f3r w \u017deimiai biskupowi Juozapasowi Kazimierasowi Kosakowskiemu. Posiad\u0142o\u015b\u0107 ta nale\u017ca\u0142a do szlacheckiej rodziny Kosakowskich a\u017c do II wojny \u015bwiatowej, kiedy to zosta\u0142a znacjonalizowana w 1941 roku. Pod rz\u0105dami Kosakowskich stary dw\u00f3r zosta\u0142 zrekonstruowany i przebudowany w stylu klasycystycznym oko\u0142o 1830-1840 roku.<\/div>\t\t\t\t<\/div>\n\t\t\t\t<\/div>\n\t\t\t\t<div class=\"elementor-element elementor-element-6c6779e page-subtitle elementor-widget elementor-widget-heading\" data-id=\"6c6779e\" data-element_type=\"widget\" data-widget_type=\"heading.default\">\n\t\t\t\t<div class=\"elementor-widget-container\">\n\t\t\t\t\t<div class=\"elementor-heading-title elementor-size-default\">Wsp\u00f3\u0142rz\u0119dne i adres<\/div>\t\t\t\t<\/div>\n\t\t\t\t<\/div>\n\t\t\t\t<div class=\"elementor-element elementor-element-f494c8f page-text elementor-widget elementor-widget-heading\" data-id=\"f494c8f\" data-element_type=\"widget\" data-widget_type=\"heading.default\">\n\t\t\t\t<div class=\"elementor-widget-container\">\n\t\t\t\t\t<div class=\"elementor-heading-title elementor-size-default\"><a href=\"https:\/\/www.google.com\/maps\/place\/%C5%BDeimi%C5%B3+dvaro+sodybos+parkas\/@55.1829866,24.2284373,336m\/data=!3m1!1e3!4m12!1m5!3m4!2zNTXCsDExJzAxLjYiTiAyNMKwMTMnMTYuMiJF!8m2!3d55.1837778!4d24.2211667!3m5!1s0x46e71190cb6bdffd:0x1b30b5abf0b20add!8m2!3d55.1831393!4d24.228067!16s%2Fg%2F11jmyxz6y1?entry=ttu\">55.183764740318075, 24.221174725018262<br>55.1838\u00b0\u0161. pl. 24.2212\u00b0r. ilg.<br>232 63, 55386 \u017deimiai, Jonavos rajono savivaldyb\u0117<\/a><\/div>\t\t\t\t<\/div>\n\t\t\t\t<\/div>\n\t\t\t\t\t<\/div>\n\t\t\t\t<\/div>\n\t\t\t\t<\/div>\n\t\t<div class=\"elementor-element elementor-element-f2644dc e-con-full e-flex e-con e-child\" data-id=\"f2644dc\" data-element_type=\"container\">\n\t\t<div class=\"elementor-element elementor-element-9e62949 e-con-full e-flex e-con e-child\" data-id=\"9e62949\" data-element_type=\"container\">\n\t\t\t\t<div class=\"elementor-element elementor-element-4ad848c page-title elementor-widget elementor-widget-heading\" data-id=\"4ad848c\" data-element_type=\"widget\" data-widget_type=\"heading.default\">\n\t\t\t\t<div class=\"elementor-widget-container\">\n\t\t\t\t\t<div class=\"elementor-heading-title elementor-size-default\">Mapa<\/div>\t\t\t\t<\/div>\n\t\t\t\t<\/div>\n\t\t\t\t<\/div>\n\t\t<div class=\"elementor-element elementor-element-51dbdd0 e-con-full e-flex e-con e-child\" data-id=\"51dbdd0\" data-element_type=\"container\">\n\t\t\t\t<div class=\"elementor-element elementor-element-cda8d2e elementor-widget elementor-widget-html\" data-id=\"cda8d2e\" data-element_type=\"widget\" data-widget_type=\"html.default\">\n\t\t\t\t<div class=\"elementor-widget-container\">\n\t\t\t\t\t<iframe src=\"https:\/\/snazzymaps.com\/embed\/555689\" width=\"100%\" height=\"600px\" style=\"border:none;\"><\/iframe>\t\t\t\t<\/div>\n\t\t\t\t<\/div>\n\t\t\t\t<\/div>\n\t\t<div class=\"elementor-element elementor-element-0393469 e-con-full e-flex e-con e-child\" data-id=\"0393469\" data-element_type=\"container\">\n\t\t\t\t<div class=\"elementor-element elementor-element-66a6d52 page-title elementor-widget elementor-widget-heading\" data-id=\"66a6d52\" data-element_type=\"widget\" data-widget_type=\"heading.default\">\n\t\t\t\t<div class=\"elementor-widget-container\">\n\t\t\t\t\t<div class=\"elementor-heading-title elementor-size-default\">Galeria<\/div>\t\t\t\t<\/div>\n\t\t\t\t<\/div>\n\t\t\t\t<\/div>\n\t\t<div class=\"elementor-element elementor-element-9a0296c e-con-full e-flex e-con e-child\" data-id=\"9a0296c\" data-element_type=\"container\">\n\t\t\t\t<div class=\"elementor-element elementor-element-3c95491 elementor-widget elementor-widget-eshoper-gallery-carousel\" data-id=\"3c95491\" data-element_type=\"widget\" data-widget_type=\"eshoper-gallery-carousel.default\">\n\t\t\t\t<div class=\"elementor-widget-container\">\n\t\t\t\t\t        <div class=\"eshoper-gallery-carousel\">\r\n            \r\n                <div class=\"eshoper-gallery-carousel-item\">\r\n                    <div class=\"eshoper-gallery-image-element\">\r\n                        <a href=\"https:\/\/barokonfederacija.lt\/wp-content\/uploads\/2023\/11\/Untitled-design151.png\" data-lightbox=\"gallery-image\" data-id=\"0\">\r\n                            <div class=\"eshoper-gallery-image\">\r\n                                <div class=\"image-masked\">\r\n                                    <img decoding=\"async\" src=\"https:\/\/barokonfederacija.lt\/wp-content\/uploads\/2023\/12\/Untitled-design16.png\"\r\n                                         alt=\"Image 2\">\r\n                                    <div class=\"eshoper-gallery-hover\"><\/div>\r\n                                <\/div>\r\n                            <\/div>\r\n                        <\/a>\r\n                    <\/div>\r\n\r\n                <\/div>\r\n            \r\n                <div class=\"eshoper-gallery-carousel-item\">\r\n                    <div class=\"eshoper-gallery-image-element\">\r\n                        <a href=\"https:\/\/barokonfederacija.lt\/wp-content\/uploads\/2023\/11\/GOPR08771.png\" data-lightbox=\"gallery-image\" data-id=\"1\">\r\n                            <div class=\"eshoper-gallery-image\">\r\n                                <div class=\"image-masked\">\r\n                                    <img decoding=\"async\" src=\"https:\/\/barokonfederacija.lt\/wp-content\/uploads\/2023\/11\/Untitled-design15.png\"\r\n                                         alt=\"Image 1\">\r\n                                    <div class=\"eshoper-gallery-hover\"><\/div>\r\n                                <\/div>\r\n                            <\/div>\r\n                        <\/a>\r\n                    <\/div>\r\n\r\n                <\/div>\r\n            \r\n                <div class=\"eshoper-gallery-carousel-item\">\r\n                    <div class=\"eshoper-gallery-image-element\">\r\n                        <a href=\"https:\/\/barokonfederacija.lt\/wp-content\/uploads\/2023\/11\/GOPR08841.png\" data-lightbox=\"gallery-image\" data-id=\"2\">\r\n                            <div class=\"eshoper-gallery-image\">\r\n                                <div class=\"image-masked\">\r\n                                    <img decoding=\"async\" src=\"https:\/\/barokonfederacija.lt\/wp-content\/uploads\/2023\/11\/Untitled-design17.png\"\r\n                                         alt=\"Image 3\">\r\n                                    <div class=\"eshoper-gallery-hover\"><\/div>\r\n                                <\/div>\r\n                            <\/div>\r\n                        <\/a>\r\n                    <\/div>\r\n\r\n                <\/div>\r\n            \r\n                <div class=\"eshoper-gallery-carousel-item\">\r\n                    <div class=\"eshoper-gallery-image-element\">\r\n                        <a href=\"https:\/\/barokonfederacija.lt\/wp-content\/uploads\/2023\/11\/DJI_06491.png\" data-lightbox=\"gallery-image\" data-id=\"3\">\r\n                            <div class=\"eshoper-gallery-image\">\r\n                                <div class=\"image-masked\">\r\n                                    <img decoding=\"async\" src=\"https:\/\/barokonfederacija.lt\/wp-content\/uploads\/2023\/11\/Untitled-design18.png\"\r\n                                         alt=\"Image 4\">\r\n                                    <div class=\"eshoper-gallery-hover\"><\/div>\r\n                                <\/div>\r\n                            <\/div>\r\n                        <\/a>\r\n                    <\/div>\r\n\r\n                <\/div>\r\n            \r\n                <div class=\"eshoper-gallery-carousel-item\">\r\n                    <div class=\"eshoper-gallery-image-element\">\r\n                        <a href=\"https:\/\/barokonfederacija.lt\/wp-content\/uploads\/2023\/11\/DJI_06621.png\" data-lightbox=\"gallery-image\" data-id=\"4\">\r\n                            <div class=\"eshoper-gallery-image\">\r\n                                <div class=\"image-masked\">\r\n                                    <img decoding=\"async\" src=\"https:\/\/barokonfederacija.lt\/wp-content\/uploads\/2023\/11\/Untitled-design19.png\"\r\n                                         alt=\"Image 5\">\r\n                                    <div class=\"eshoper-gallery-hover\"><\/div>\r\n                                <\/div>\r\n                            <\/div>\r\n                        <\/a>\r\n                    <\/div>\r\n\r\n                <\/div>\r\n            \r\n                <div class=\"eshoper-gallery-carousel-item\">\r\n                    <div class=\"eshoper-gallery-image-element\">\r\n                        <a href=\"https:\/\/barokonfederacija.lt\/wp-content\/uploads\/2023\/11\/Untitled-design211.png\" data-lightbox=\"gallery-image\" data-id=\"5\">\r\n                            <div class=\"eshoper-gallery-image\">\r\n                                <div class=\"image-masked\">\r\n                                    <img decoding=\"async\" src=\"https:\/\/barokonfederacija.lt\/wp-content\/uploads\/2023\/11\/Untitled-design20.png\"\r\n                                         alt=\"Image 6\">\r\n                                    <div class=\"eshoper-gallery-hover\"><\/div>\r\n                                <\/div>\r\n                            <\/div>\r\n                        <\/a>\r\n                    <\/div>\r\n\r\n                <\/div>\r\n                    <\/div>\r\n        \t\t\t\t<\/div>\n\t\t\t\t<\/div>\n\t\t\t\t<\/div>\n\t\t\t\t<\/div>\n\t\t\t\t<\/div>\n\t\t\t\t<\/div>\n\t\t","protected":false},"excerpt":{"rendered":"<p>Region Jonawy by\u0142 domem dla wielu litewskich szlachcic\u00f3w i rodzin szlacheckich. Najlepiej zachowany jest jednak klasycystyczny dw\u00f3r \u017deimiai, w kt\u00f3rym do II wojny \u015bwiatowej mieszkali ostatni potomkowie Kosakowskich, za\u0142o\u017cycieli miasta Jonava. Dw\u00f3r \u017deimiai Folwark \u017deimiai zacz\u0105\u0142 powstawa\u0107 pod koniec XV &#8211; na pocz\u0105tku XVI w. W 1387 r. Jogaila zapisa\u0142 folwark \u017deimiai Skirgaili. P\u00f3\u017aniej posiad\u0142o\u015b\u0107 [&hellip;]<\/p>\n","protected":false},"author":1,"featured_media":0,"parent":4220,"menu_order":0,"comment_status":"closed","ping_status":"closed","template":"","meta":{"footnotes":""},"categories":[18],"class_list":["post-4356","page","type-page","status-publish","hentry","category-trasy"],"yoast_head":"<!-- This site is optimized with the Yoast SEO plugin v24.1 - https:\/\/yoast.com\/wordpress\/plugins\/seo\/ -->\n<title>Dw\u00f3r \u017deimiai - Baro Konfederacija<\/title>\n<meta name=\"robots\" content=\"index, follow, max-snippet:-1, max-image-preview:large, max-video-preview:-1\" \/>\n<link rel=\"canonical\" href=\"https:\/\/barokonfederacija.lt\/pl\/trasy-na-litwie\/dwor-zeimiai\/\" \/>\n<meta property=\"og:locale\" content=\"pl_PL\" \/>\n<meta property=\"og:type\" content=\"article\" \/>\n<meta property=\"og:title\" content=\"Dw\u00f3r \u017deimiai - Baro Konfederacija\" \/>\n<meta property=\"og:description\" content=\"Region Jonawy by\u0142 domem dla wielu litewskich szlachcic\u00f3w i rodzin szlacheckich. Najlepiej zachowany jest jednak klasycystyczny dw\u00f3r \u017deimiai, w kt\u00f3rym do II wojny \u015bwiatowej mieszkali ostatni potomkowie Kosakowskich, za\u0142o\u017cycieli miasta Jonava. Dw\u00f3r \u017deimiai Folwark \u017deimiai zacz\u0105\u0142 powstawa\u0107 pod koniec XV &#8211; na pocz\u0105tku XVI w. W 1387 r. Jogaila zapisa\u0142 folwark \u017deimiai Skirgaili. P\u00f3\u017aniej posiad\u0142o\u015b\u0107 [&hellip;]\" \/>\n<meta property=\"og:url\" content=\"https:\/\/barokonfederacija.lt\/pl\/trasy-na-litwie\/dwor-zeimiai\/\" \/>\n<meta property=\"og:site_name\" content=\"Baro Konfederacija\" \/>\n<meta property=\"article:modified_time\" content=\"2024-06-12T11:30:38+00:00\" \/>\n<meta property=\"og:image\" content=\"https:\/\/barokonfederacija.lt\/wp-content\/uploads\/2023\/11\/Untitled-design14.png\" \/>\n<meta name=\"twitter:card\" content=\"summary_large_image\" \/>\n<meta name=\"twitter:label1\" content=\"Szacowany czas czytania\" \/>\n\t<meta name=\"twitter:data1\" content=\"3 minuty\" \/>\n<script type=\"application\/ld+json\" class=\"yoast-schema-graph\">{\"@context\":\"https:\/\/schema.org\",\"@graph\":[{\"@type\":\"WebPage\",\"@id\":\"https:\/\/barokonfederacija.lt\/pl\/trasy-na-litwie\/dwor-zeimiai\/\",\"url\":\"https:\/\/barokonfederacija.lt\/pl\/trasy-na-litwie\/dwor-zeimiai\/\",\"name\":\"Dw\u00f3r \u017deimiai - Baro Konfederacija\",\"isPartOf\":{\"@id\":\"https:\/\/barokonfederacija.lt\/pl\/#website\"},\"primaryImageOfPage\":{\"@id\":\"https:\/\/barokonfederacija.lt\/pl\/trasy-na-litwie\/dwor-zeimiai\/#primaryimage\"},\"image\":{\"@id\":\"https:\/\/barokonfederacija.lt\/pl\/trasy-na-litwie\/dwor-zeimiai\/#primaryimage\"},\"thumbnailUrl\":\"https:\/\/barokonfederacija.lt\/wp-content\/uploads\/2023\/11\/Untitled-design14.png\",\"datePublished\":\"2023-10-27T14:49:31+00:00\",\"dateModified\":\"2024-06-12T11:30:38+00:00\",\"breadcrumb\":{\"@id\":\"https:\/\/barokonfederacija.lt\/pl\/trasy-na-litwie\/dwor-zeimiai\/#breadcrumb\"},\"inLanguage\":\"pl-PL\",\"potentialAction\":[{\"@type\":\"ReadAction\",\"target\":[\"https:\/\/barokonfederacija.lt\/pl\/trasy-na-litwie\/dwor-zeimiai\/\"]}]},{\"@type\":\"ImageObject\",\"inLanguage\":\"pl-PL\",\"@id\":\"https:\/\/barokonfederacija.lt\/pl\/trasy-na-litwie\/dwor-zeimiai\/#primaryimage\",\"url\":\"https:\/\/barokonfederacija.lt\/wp-content\/uploads\/2023\/11\/Untitled-design14.png\",\"contentUrl\":\"https:\/\/barokonfederacija.lt\/wp-content\/uploads\/2023\/11\/Untitled-design14.png\"},{\"@type\":\"BreadcrumbList\",\"@id\":\"https:\/\/barokonfederacija.lt\/pl\/trasy-na-litwie\/dwor-zeimiai\/#breadcrumb\",\"itemListElement\":[{\"@type\":\"ListItem\",\"position\":1,\"name\":\"G\u0142\u00f3wny\",\"item\":\"https:\/\/barokonfederacija.lt\/pl\/\"},{\"@type\":\"ListItem\",\"position\":2,\"name\":\"Trasy\",\"item\":\"https:\/\/barokonfederacija.lt\/pl\/.\/trasy\/\"},{\"@type\":\"ListItem\",\"position\":3,\"name\":\"Trasy na Litwie\",\"item\":\"https:\/\/barokonfederacija.lt\/pl\/trasy-na-litwie\/\"},{\"@type\":\"ListItem\",\"position\":4,\"name\":\"Dw\u00f3r \u017deimiai\"}]},{\"@type\":\"WebSite\",\"@id\":\"https:\/\/barokonfederacija.lt\/pl\/#website\",\"url\":\"https:\/\/barokonfederacija.lt\/pl\/\",\"name\":\"Baro Konfederacija\",\"description\":\"\",\"potentialAction\":[{\"@type\":\"SearchAction\",\"target\":{\"@type\":\"EntryPoint\",\"urlTemplate\":\"https:\/\/barokonfederacija.lt\/pl\/?s={search_term_string}\"},\"query-input\":{\"@type\":\"PropertyValueSpecification\",\"valueRequired\":true,\"valueName\":\"search_term_string\"}}],\"inLanguage\":\"pl-PL\"}]}<\/script>\n<!-- \/ Yoast SEO plugin. -->","yoast_head_json":{"title":"Dw\u00f3r \u017deimiai - Baro Konfederacija","robots":{"index":"index","follow":"follow","max-snippet":"max-snippet:-1","max-image-preview":"max-image-preview:large","max-video-preview":"max-video-preview:-1"},"canonical":"https:\/\/barokonfederacija.lt\/pl\/trasy-na-litwie\/dwor-zeimiai\/","og_locale":"pl_PL","og_type":"article","og_title":"Dw\u00f3r \u017deimiai - Baro Konfederacija","og_description":"Region Jonawy by\u0142 domem dla wielu litewskich szlachcic\u00f3w i rodzin szlacheckich. Najlepiej zachowany jest jednak klasycystyczny dw\u00f3r \u017deimiai, w kt\u00f3rym do II wojny \u015bwiatowej mieszkali ostatni potomkowie Kosakowskich, za\u0142o\u017cycieli miasta Jonava. Dw\u00f3r \u017deimiai Folwark \u017deimiai zacz\u0105\u0142 powstawa\u0107 pod koniec XV &#8211; na pocz\u0105tku XVI w. W 1387 r. Jogaila zapisa\u0142 folwark \u017deimiai Skirgaili. P\u00f3\u017aniej posiad\u0142o\u015b\u0107 [&hellip;]","og_url":"https:\/\/barokonfederacija.lt\/pl\/trasy-na-litwie\/dwor-zeimiai\/","og_site_name":"Baro Konfederacija","article_modified_time":"2024-06-12T11:30:38+00:00","og_image":[{"url":"https:\/\/barokonfederacija.lt\/wp-content\/uploads\/2023\/11\/Untitled-design14.png","type":"","width":"","height":""}],"twitter_card":"summary_large_image","twitter_misc":{"Szacowany czas czytania":"3 minuty"},"schema":{"@context":"https:\/\/schema.org","@graph":[{"@type":"WebPage","@id":"https:\/\/barokonfederacija.lt\/pl\/trasy-na-litwie\/dwor-zeimiai\/","url":"https:\/\/barokonfederacija.lt\/pl\/trasy-na-litwie\/dwor-zeimiai\/","name":"Dw\u00f3r \u017deimiai - Baro Konfederacija","isPartOf":{"@id":"https:\/\/barokonfederacija.lt\/pl\/#website"},"primaryImageOfPage":{"@id":"https:\/\/barokonfederacija.lt\/pl\/trasy-na-litwie\/dwor-zeimiai\/#primaryimage"},"image":{"@id":"https:\/\/barokonfederacija.lt\/pl\/trasy-na-litwie\/dwor-zeimiai\/#primaryimage"},"thumbnailUrl":"https:\/\/barokonfederacija.lt\/wp-content\/uploads\/2023\/11\/Untitled-design14.png","datePublished":"2023-10-27T14:49:31+00:00","dateModified":"2024-06-12T11:30:38+00:00","breadcrumb":{"@id":"https:\/\/barokonfederacija.lt\/pl\/trasy-na-litwie\/dwor-zeimiai\/#breadcrumb"},"inLanguage":"pl-PL","potentialAction":[{"@type":"ReadAction","target":["https:\/\/barokonfederacija.lt\/pl\/trasy-na-litwie\/dwor-zeimiai\/"]}]},{"@type":"ImageObject","inLanguage":"pl-PL","@id":"https:\/\/barokonfederacija.lt\/pl\/trasy-na-litwie\/dwor-zeimiai\/#primaryimage","url":"https:\/\/barokonfederacija.lt\/wp-content\/uploads\/2023\/11\/Untitled-design14.png","contentUrl":"https:\/\/barokonfederacija.lt\/wp-content\/uploads\/2023\/11\/Untitled-design14.png"},{"@type":"BreadcrumbList","@id":"https:\/\/barokonfederacija.lt\/pl\/trasy-na-litwie\/dwor-zeimiai\/#breadcrumb","itemListElement":[{"@type":"ListItem","position":1,"name":"G\u0142\u00f3wny","item":"https:\/\/barokonfederacija.lt\/pl\/"},{"@type":"ListItem","position":2,"name":"Trasy","item":"https:\/\/barokonfederacija.lt\/pl\/.\/trasy\/"},{"@type":"ListItem","position":3,"name":"Trasy na Litwie","item":"https:\/\/barokonfederacija.lt\/pl\/trasy-na-litwie\/"},{"@type":"ListItem","position":4,"name":"Dw\u00f3r \u017deimiai"}]},{"@type":"WebSite","@id":"https:\/\/barokonfederacija.lt\/pl\/#website","url":"https:\/\/barokonfederacija.lt\/pl\/","name":"Baro Konfederacija","description":"","potentialAction":[{"@type":"SearchAction","target":{"@type":"EntryPoint","urlTemplate":"https:\/\/barokonfederacija.lt\/pl\/?s={search_term_string}"},"query-input":{"@type":"PropertyValueSpecification","valueRequired":true,"valueName":"search_term_string"}}],"inLanguage":"pl-PL"}]}},"_links":{"self":[{"href":"https:\/\/barokonfederacija.lt\/pl\/wp-json\/wp\/v2\/pages\/4356","targetHints":{"allow":["GET"]}}],"collection":[{"href":"https:\/\/barokonfederacija.lt\/pl\/wp-json\/wp\/v2\/pages"}],"about":[{"href":"https:\/\/barokonfederacija.lt\/pl\/wp-json\/wp\/v2\/types\/page"}],"author":[{"embeddable":true,"href":"https:\/\/barokonfederacija.lt\/pl\/wp-json\/wp\/v2\/users\/1"}],"replies":[{"embeddable":true,"href":"https:\/\/barokonfederacija.lt\/pl\/wp-json\/wp\/v2\/comments?post=4356"}],"version-history":[{"count":19,"href":"https:\/\/barokonfederacija.lt\/pl\/wp-json\/wp\/v2\/pages\/4356\/revisions"}],"predecessor-version":[{"id":5345,"href":"https:\/\/barokonfederacija.lt\/pl\/wp-json\/wp\/v2\/pages\/4356\/revisions\/5345"}],"up":[{"embeddable":true,"href":"https:\/\/barokonfederacija.lt\/pl\/wp-json\/wp\/v2\/pages\/4220"}],"wp:attachment":[{"href":"https:\/\/barokonfederacija.lt\/pl\/wp-json\/wp\/v2\/media?parent=4356"}],"wp:term":[{"taxonomy":"category","embeddable":true,"href":"https:\/\/barokonfederacija.lt\/pl\/wp-json\/wp\/v2\/categories?post=4356"}],"curies":[{"name":"wp","href":"https:\/\/api.w.org\/{rel}","templated":true}]}}