{"id":4354,"date":"2023-11-14T13:48:09","date_gmt":"2023-11-14T13:48:09","guid":{"rendered":"http:\/\/baro.eshoper.lt\/trasy-na-litwie\/kaplicy-w-vepriai\/"},"modified":"2024-06-12T11:35:08","modified_gmt":"2024-06-12T11:35:08","slug":"kaplicy-w-vepriai","status":"publish","type":"page","link":"https:\/\/barokonfederacija.lt\/pl\/trasy-na-litwie\/kaplicy-w-vepriai\/","title":{"rendered":"Kaplicy w V\u0117priai"},"content":{"rendered":"\t\t<div data-elementor-type=\"wp-page\" data-elementor-id=\"4354\" class=\"elementor elementor-4354 elementor-3039\">\n\t\t\t\t<div class=\"elementor-element elementor-element-a33b599 e-con-full slider-landscape e-flex e-con e-parent\" data-id=\"a33b599\" data-element_type=\"container\" data-settings=\"{&quot;background_background&quot;:&quot;classic&quot;}\">\n\t\t\t\t<div class=\"elementor-element elementor-element-e52bf51 breadcrumbs elementor-hidden-tablet elementor-hidden-mobile elementor-widget elementor-widget-shortcode\" data-id=\"e52bf51\" data-element_type=\"widget\" data-widget_type=\"shortcode.default\">\n\t\t\t\t<div class=\"elementor-widget-container\">\n\t\t\t\t\t\t\t<div class=\"elementor-shortcode\"><span><span><a href=\"https:\/\/barokonfederacija.lt\/pl\/\">G\u0142\u00f3wny<\/a><\/span><\/span><\/div>\n\t\t\t\t\t\t<\/div>\n\t\t\t\t<\/div>\n\t\t\t\t<div class=\"elementor-element elementor-element-4cdfe12 post-title elementor-widget elementor-widget-shortcode\" data-id=\"4cdfe12\" data-element_type=\"widget\" data-widget_type=\"shortcode.default\">\n\t\t\t\t<div class=\"elementor-widget-container\">\n\t\t\t\t\t\t\t<div class=\"elementor-shortcode\">Kaplicy w V\u0117priai<\/div>\n\t\t\t\t\t\t<\/div>\n\t\t\t\t<\/div>\n\t\t<div class=\"elementor-element elementor-element-1bb1fa1 e-con-full e-flex e-con e-child\" data-id=\"1bb1fa1\" data-element_type=\"container\">\n\t\t\t\t<div class=\"elementor-element elementor-element-ea2f5c6 post-subtitle elementor-widget elementor-widget-heading\" data-id=\"ea2f5c6\" data-element_type=\"widget\" data-widget_type=\"heading.default\">\n\t\t\t\t<div class=\"elementor-widget-container\">\n\t\t\t\t\t<div class=\"elementor-heading-title elementor-size-default\">Kaplica znajduje si\u0119 w miejscowo\u015bci Vepriu, po prawej stronie drogi Vepriu-Deltuva. Do filaru kaplicy przymocowana jest metalowa tablica z napisem \"Kaplica upami\u0119tniaj\u0105ca Konfederacj\u0119 Barsk\u0105 w 1772 r.\".<\/div>\t\t\t\t<\/div>\n\t\t\t\t<\/div>\n\t\t\t\t<\/div>\n\t\t<div class=\"elementor-element elementor-element-f75c95c e-con-full e-flex e-con e-child\" data-id=\"f75c95c\" data-element_type=\"container\">\n\t\t\t\t<div class=\"elementor-element elementor-element-5b20d0f elementor-widget elementor-widget-shortcode\" data-id=\"5b20d0f\" data-element_type=\"widget\" data-widget_type=\"shortcode.default\">\n\t\t\t\t<div class=\"elementor-widget-container\">\n\t\t\t\t\t    <div class=\"mobile-header-section\">\n        <div class=\"mobile-header-line-left mobile-header-line\"><\/div>\n        <div class=\"mobile-header-arrow\"><div class=\"slider-arrow\"><\/div><\/div>\n        <div class=\"mobile-header-line-right mobile-header-line\"><\/div>\n    <\/div>\n    \t\t<div class=\"elementor-shortcode\"><\/div>\n\t\t\t\t\t\t<\/div>\n\t\t\t\t<\/div>\n\t\t\t\t<\/div>\n\t\t\t\t<\/div>\n\t\t<div class=\"elementor-element elementor-element-6782f37 e-con-full e-flex e-con e-parent\" data-id=\"6782f37\" data-element_type=\"container\" data-settings=\"{&quot;background_background&quot;:&quot;classic&quot;}\">\n\t\t<div class=\"elementor-element elementor-element-9d28170 e-con-full e-flex e-con e-child\" data-id=\"9d28170\" data-element_type=\"container\">\n\t\t<div class=\"elementor-element elementor-element-d44e5bb e-con-full e-flex e-con e-child\" data-id=\"d44e5bb\" data-element_type=\"container\">\n\t\t<div class=\"elementor-element elementor-element-885548e e-con-full e-flex e-con e-child\" data-id=\"885548e\" data-element_type=\"container\">\n\t\t\t\t<div class=\"elementor-element elementor-element-b603c22 elementor-widget__width-initial image-masked elementor-widget elementor-widget-image\" data-id=\"b603c22\" data-element_type=\"widget\" data-widget_type=\"image.default\">\n\t\t\t\t<div class=\"elementor-widget-container\">\n\t\t\t\t\t\t\t\t\t\t\t\t\t\t\t<img fetchpriority=\"high\" decoding=\"async\" width=\"835\" height=\"660\" src=\"https:\/\/barokonfederacija.lt\/wp-content\/uploads\/2023\/11\/Untitled-design27.png\" class=\"attachment-full size-full wp-image-3050\" alt=\"\" srcset=\"https:\/\/barokonfederacija.lt\/wp-content\/uploads\/2023\/11\/Untitled-design27.png 835w, https:\/\/barokonfederacija.lt\/wp-content\/uploads\/2023\/11\/Untitled-design27-300x237.png 300w, https:\/\/barokonfederacija.lt\/wp-content\/uploads\/2023\/11\/Untitled-design27-768x607.png 768w\" sizes=\"(max-width: 835px) 100vw, 835px\" \/>\t\t\t\t\t\t\t\t\t\t\t\t\t\t\t<\/div>\n\t\t\t\t<\/div>\n\t\t\t\t<\/div>\n\t\t\t\t<\/div>\n\t\t<div class=\"elementor-element elementor-element-2433537 e-flex e-con-boxed e-con e-child\" data-id=\"2433537\" data-element_type=\"container\">\n\t\t\t\t\t<div class=\"e-con-inner\">\n\t\t\t\t<div class=\"elementor-element elementor-element-3e045c7 page-title elementor-widget elementor-widget-heading\" data-id=\"3e045c7\" data-element_type=\"widget\" data-widget_type=\"heading.default\">\n\t\t\t\t<div class=\"elementor-widget-container\">\n\t\t\t\t\t<div class=\"elementor-heading-title elementor-size-default\">Kaplicy w V\u0117priai<\/div>\t\t\t\t<\/div>\n\t\t\t\t<\/div>\n\t\t\t\t<div class=\"elementor-element elementor-element-afc8196 page-text elementor-widget elementor-widget-heading\" data-id=\"afc8196\" data-element_type=\"widget\" data-widget_type=\"heading.default\">\n\t\t\t\t<div class=\"elementor-widget-container\">\n\t\t\t\t\t<div class=\"elementor-heading-title elementor-size-default\">Jednym z najbardziej aktywnych konfederat\u00f3w by\u0142 Szymon Kosakowski (1741-1794, ostatni hetman wielki litewski, genera\u0142 wojsk litewskich i rosyjskich). W lipcu 1768 r. wok\u00f3\u0142 Kosakowskiego zebra\u0142 si\u0119 oddzia\u0142 oko\u0142o 30 je\u017ad\u017ac\u00f3w. By\u0142 to pierwszy uzbrojony oddzia\u0142 konfederacki na Litwie.            <\/div>\t\t\t\t<\/div>\n\t\t\t\t<\/div>\n\t\t\t\t<div class=\"elementor-element elementor-element-a8f4c32 page-subtitle elementor-widget elementor-widget-heading\" data-id=\"a8f4c32\" data-element_type=\"widget\" data-widget_type=\"heading.default\">\n\t\t\t\t<div class=\"elementor-widget-container\">\n\t\t\t\t\t<div class=\"elementor-heading-title elementor-size-default\">Historia pojawienia si\u0119 <\/div>\t\t\t\t<\/div>\n\t\t\t\t<\/div>\n\t\t\t\t<div class=\"elementor-element elementor-element-341b549 page-text elementor-widget elementor-widget-heading\" data-id=\"341b549\" data-element_type=\"widget\" data-widget_type=\"heading.default\">\n\t\t\t\t<div class=\"elementor-widget-container\">\n\t\t\t\t\t<div class=\"elementor-heading-title elementor-size-default\">Dok\u0142adna data powstania kaplicy w Vepri nie jest znana, ale zosta\u0142a ona zbudowana z inicjatywy Kosakowskich i z ich funduszy wkr\u00f3tce po wydarzeniach konfederacji, oko\u0142o 1772 r. Kaplica z Ukrzy\u017cowanym jest uciele\u015bnieniem konfederackiej dewizy \"Za wiar\u0119 i wolno\u015b\u0107\". By\u0107 mo\u017ce mia\u0142a ona upami\u0119tnia\u0107 zwyci\u0119skie starcie konfederat\u00f3w z wojskami rosyjskimi (pod Deltaw\u0105). Kapliczka stoi w centrum miasta Vepriu, przy drodze Deltuva-Vepriu. <\/div>\t\t\t\t<\/div>\n\t\t\t\t<\/div>\n\t\t\t\t<div class=\"elementor-element elementor-element-6c6779e page-subtitle elementor-widget elementor-widget-heading\" data-id=\"6c6779e\" data-element_type=\"widget\" data-widget_type=\"heading.default\">\n\t\t\t\t<div class=\"elementor-widget-container\">\n\t\t\t\t\t<div class=\"elementor-heading-title elementor-size-default\">Wsp\u00f3\u0142rz\u0119dne i adres<\/div>\t\t\t\t<\/div>\n\t\t\t\t<\/div>\n\t\t\t\t<div class=\"elementor-element elementor-element-f494c8f page-text elementor-widget elementor-widget-heading\" data-id=\"f494c8f\" data-element_type=\"widget\" data-widget_type=\"heading.default\">\n\t\t\t\t<div class=\"elementor-widget-container\">\n\t\t\t\t\t<div class=\"elementor-heading-title elementor-size-default\"><a href=\"https:\/\/www.google.lt\/maps\/place\/Koplytstulpis+Baro+konfederacijai+atminti+(XVIII+a.+pab.)\/@55.1556523,24.5731129,385m\/data=!3m1!1e3!4m6!3m5!1s0x46e7a019ff8616e1:0x99a2ae542398c49a!8m2!3d55.1550942!4d24.57342!16s%2Fg%2F11c5_30rpx?entry=ttu\">55.15509, 24.573461<br>55.15509\u00b0\u0161. pl. 24.573461\u00b0r. ilg.<br>4804 20, 20282 V\u0117priai<\/a><\/div>\t\t\t\t<\/div>\n\t\t\t\t<\/div>\n\t\t\t\t\t<\/div>\n\t\t\t\t<\/div>\n\t\t\t\t<\/div>\n\t\t<div class=\"elementor-element elementor-element-f2644dc e-con-full e-flex e-con e-child\" data-id=\"f2644dc\" data-element_type=\"container\">\n\t\t<div class=\"elementor-element elementor-element-9e62949 e-con-full e-flex e-con e-child\" data-id=\"9e62949\" data-element_type=\"container\">\n\t\t\t\t<div class=\"elementor-element elementor-element-4ad848c page-title elementor-widget elementor-widget-heading\" data-id=\"4ad848c\" data-element_type=\"widget\" data-widget_type=\"heading.default\">\n\t\t\t\t<div class=\"elementor-widget-container\">\n\t\t\t\t\t<div class=\"elementor-heading-title elementor-size-default\">Mapa<\/div>\t\t\t\t<\/div>\n\t\t\t\t<\/div>\n\t\t\t\t<\/div>\n\t\t<div class=\"elementor-element elementor-element-51dbdd0 e-con-full e-flex e-con e-child\" data-id=\"51dbdd0\" data-element_type=\"container\">\n\t\t\t\t<div class=\"elementor-element elementor-element-cda8d2e elementor-widget elementor-widget-html\" data-id=\"cda8d2e\" data-element_type=\"widget\" data-widget_type=\"html.default\">\n\t\t\t\t<div class=\"elementor-widget-container\">\n\t\t\t\t\t<iframe src=\"https:\/\/snazzymaps.com\/embed\/555695\" width=\"100%\" height=\"600px\" style=\"border:none;\"><\/iframe>\t\t\t\t<\/div>\n\t\t\t\t<\/div>\n\t\t\t\t<\/div>\n\t\t<div class=\"elementor-element elementor-element-0393469 e-con-full e-flex e-con e-child\" data-id=\"0393469\" data-element_type=\"container\">\n\t\t\t\t<div class=\"elementor-element elementor-element-66a6d52 page-title elementor-widget elementor-widget-heading\" data-id=\"66a6d52\" data-element_type=\"widget\" data-widget_type=\"heading.default\">\n\t\t\t\t<div class=\"elementor-widget-container\">\n\t\t\t\t\t<div class=\"elementor-heading-title elementor-size-default\">Galeria<\/div>\t\t\t\t<\/div>\n\t\t\t\t<\/div>\n\t\t\t\t<\/div>\n\t\t<div class=\"elementor-element elementor-element-9a0296c e-con-full e-flex e-con e-child\" data-id=\"9a0296c\" data-element_type=\"container\">\n\t\t\t\t<div class=\"elementor-element elementor-element-3c95491 elementor-widget elementor-widget-eshoper-gallery-carousel\" data-id=\"3c95491\" data-element_type=\"widget\" data-widget_type=\"eshoper-gallery-carousel.default\">\n\t\t\t\t<div class=\"elementor-widget-container\">\n\t\t\t\t\t        <div class=\"eshoper-gallery-carousel\">\r\n            \r\n                <div class=\"eshoper-gallery-carousel-item\">\r\n                    <div class=\"eshoper-gallery-image-element\">\r\n                        <a href=\"https:\/\/barokonfederacija.lt\/wp-content\/uploads\/2023\/11\/DJI_06761.png\" data-lightbox=\"gallery-image\" data-id=\"0\">\r\n                            <div class=\"eshoper-gallery-image\">\r\n                                <div class=\"image-masked\">\r\n                                    <img decoding=\"async\" src=\"https:\/\/barokonfederacija.lt\/wp-content\/uploads\/2023\/11\/Untitled-design29.png\"\r\n                                         alt=\"Image 1\">\r\n                                    <div class=\"eshoper-gallery-hover\"><\/div>\r\n                                <\/div>\r\n                            <\/div>\r\n                        <\/a>\r\n                    <\/div>\r\n\r\n                <\/div>\r\n            \r\n                <div class=\"eshoper-gallery-carousel-item\">\r\n                    <div class=\"eshoper-gallery-image-element\">\r\n                        <a href=\"https:\/\/barokonfederacija.lt\/wp-content\/uploads\/2023\/11\/DJI_06741.png\" data-lightbox=\"gallery-image\" data-id=\"1\">\r\n                            <div class=\"eshoper-gallery-image\">\r\n                                <div class=\"image-masked\">\r\n                                    <img decoding=\"async\" src=\"https:\/\/barokonfederacija.lt\/wp-content\/uploads\/2023\/11\/Untitled-design30.png\"\r\n                                         alt=\"Image 2\">\r\n                                    <div class=\"eshoper-gallery-hover\"><\/div>\r\n                                <\/div>\r\n                            <\/div>\r\n                        <\/a>\r\n                    <\/div>\r\n\r\n                <\/div>\r\n            \r\n                <div class=\"eshoper-gallery-carousel-item\">\r\n                    <div class=\"eshoper-gallery-image-element\">\r\n                        <a href=\"https:\/\/barokonfederacija.lt\/wp-content\/uploads\/2023\/11\/DJI_06801.png\" data-lightbox=\"gallery-image\" data-id=\"2\">\r\n                            <div class=\"eshoper-gallery-image\">\r\n                                <div class=\"image-masked\">\r\n                                    <img decoding=\"async\" src=\"https:\/\/barokonfederacija.lt\/wp-content\/uploads\/2023\/11\/Untitled-design31.png\"\r\n                                         alt=\"Image 5\">\r\n                                    <div class=\"eshoper-gallery-hover\"><\/div>\r\n                                <\/div>\r\n                            <\/div>\r\n                        <\/a>\r\n                    <\/div>\r\n\r\n                <\/div>\r\n            \r\n                <div class=\"eshoper-gallery-carousel-item\">\r\n                    <div class=\"eshoper-gallery-image-element\">\r\n                        <a href=\"https:\/\/barokonfederacija.lt\/wp-content\/uploads\/2023\/11\/DJI_06881.png\" data-lightbox=\"gallery-image\" data-id=\"3\">\r\n                            <div class=\"eshoper-gallery-image\">\r\n                                <div class=\"image-masked\">\r\n                                    <img decoding=\"async\" src=\"https:\/\/barokonfederacija.lt\/wp-content\/uploads\/2023\/12\/Untitled-design32.png\"\r\n                                         alt=\"Image 4\">\r\n                                    <div class=\"eshoper-gallery-hover\"><\/div>\r\n                                <\/div>\r\n                            <\/div>\r\n                        <\/a>\r\n                    <\/div>\r\n\r\n                <\/div>\r\n            \r\n                <div class=\"eshoper-gallery-carousel-item\">\r\n                    <div class=\"eshoper-gallery-image-element\">\r\n                        <a href=\"https:\/\/barokonfederacija.lt\/wp-content\/uploads\/2023\/11\/DJI_06721.png\" data-lightbox=\"gallery-image\" data-id=\"4\">\r\n                            <div class=\"eshoper-gallery-image\">\r\n                                <div class=\"image-masked\">\r\n                                    <img decoding=\"async\" src=\"https:\/\/barokonfederacija.lt\/wp-content\/uploads\/2023\/11\/Untitled-design33.png\"\r\n                                         alt=\"Image 3\">\r\n                                    <div class=\"eshoper-gallery-hover\"><\/div>\r\n                                <\/div>\r\n                            <\/div>\r\n                        <\/a>\r\n                    <\/div>\r\n\r\n                <\/div>\r\n                    <\/div>\r\n        \t\t\t\t<\/div>\n\t\t\t\t<\/div>\n\t\t\t\t<\/div>\n\t\t\t\t<\/div>\n\t\t\t\t<\/div>\n\t\t\t\t<\/div>\n\t\t","protected":false},"excerpt":{"rendered":"<p>Kaplica znajduje si\u0119 w miejscowo\u015bci Vepriu, po prawej stronie drogi Vepriu-Deltuva. Do filaru kaplicy przymocowana jest metalowa tablica z napisem &#8222;Kaplica upami\u0119tniaj\u0105ca Konfederacj\u0119 Barsk\u0105 w 1772 r.&#8221;. Kaplicy w V\u0117priai Jednym z najbardziej aktywnych konfederat\u00f3w by\u0142 Szymon Kosakowski (1741-1794, ostatni hetman wielki litewski, genera\u0142 wojsk litewskich i rosyjskich). W lipcu 1768 r. wok\u00f3\u0142 Kosakowskiego zebra\u0142 [&hellip;]<\/p>\n","protected":false},"author":1,"featured_media":0,"parent":4220,"menu_order":0,"comment_status":"closed","ping_status":"closed","template":"","meta":{"footnotes":""},"categories":[18],"class_list":["post-4354","page","type-page","status-publish","hentry","category-trasy"],"yoast_head":"<!-- This site is optimized with the Yoast SEO plugin v24.1 - https:\/\/yoast.com\/wordpress\/plugins\/seo\/ -->\n<title>Kaplicy w V\u0117priai - Baro Konfederacija<\/title>\n<meta name=\"robots\" content=\"index, follow, max-snippet:-1, max-image-preview:large, max-video-preview:-1\" \/>\n<link rel=\"canonical\" href=\"https:\/\/barokonfederacija.lt\/pl\/trasy-na-litwie\/kaplicy-w-vepriai\/\" \/>\n<meta property=\"og:locale\" content=\"pl_PL\" \/>\n<meta property=\"og:type\" content=\"article\" \/>\n<meta property=\"og:title\" content=\"Kaplicy w V\u0117priai - Baro Konfederacija\" \/>\n<meta property=\"og:description\" content=\"Kaplica znajduje si\u0119 w miejscowo\u015bci Vepriu, po prawej stronie drogi Vepriu-Deltuva. Do filaru kaplicy przymocowana jest metalowa tablica z napisem &#8222;Kaplica upami\u0119tniaj\u0105ca Konfederacj\u0119 Barsk\u0105 w 1772 r.&#8221;. Kaplicy w V\u0117priai Jednym z najbardziej aktywnych konfederat\u00f3w by\u0142 Szymon Kosakowski (1741-1794, ostatni hetman wielki litewski, genera\u0142 wojsk litewskich i rosyjskich). W lipcu 1768 r. wok\u00f3\u0142 Kosakowskiego zebra\u0142 [&hellip;]\" \/>\n<meta property=\"og:url\" content=\"https:\/\/barokonfederacija.lt\/pl\/trasy-na-litwie\/kaplicy-w-vepriai\/\" \/>\n<meta property=\"og:site_name\" content=\"Baro Konfederacija\" \/>\n<meta property=\"article:modified_time\" content=\"2024-06-12T11:35:08+00:00\" \/>\n<meta property=\"og:image\" content=\"https:\/\/barokonfederacija.lt\/wp-content\/uploads\/2023\/11\/Untitled-design27.png\" \/>\n<meta name=\"twitter:card\" content=\"summary_large_image\" \/>\n<meta name=\"twitter:label1\" content=\"Szacowany czas czytania\" \/>\n\t<meta name=\"twitter:data1\" content=\"3 minuty\" \/>\n<script type=\"application\/ld+json\" class=\"yoast-schema-graph\">{\"@context\":\"https:\/\/schema.org\",\"@graph\":[{\"@type\":\"WebPage\",\"@id\":\"https:\/\/barokonfederacija.lt\/pl\/trasy-na-litwie\/kaplicy-w-vepriai\/\",\"url\":\"https:\/\/barokonfederacija.lt\/pl\/trasy-na-litwie\/kaplicy-w-vepriai\/\",\"name\":\"Kaplicy w V\u0117priai - Baro Konfederacija\",\"isPartOf\":{\"@id\":\"https:\/\/barokonfederacija.lt\/pl\/#website\"},\"primaryImageOfPage\":{\"@id\":\"https:\/\/barokonfederacija.lt\/pl\/trasy-na-litwie\/kaplicy-w-vepriai\/#primaryimage\"},\"image\":{\"@id\":\"https:\/\/barokonfederacija.lt\/pl\/trasy-na-litwie\/kaplicy-w-vepriai\/#primaryimage\"},\"thumbnailUrl\":\"https:\/\/barokonfederacija.lt\/wp-content\/uploads\/2023\/11\/Untitled-design27.png\",\"datePublished\":\"2023-11-14T13:48:09+00:00\",\"dateModified\":\"2024-06-12T11:35:08+00:00\",\"breadcrumb\":{\"@id\":\"https:\/\/barokonfederacija.lt\/pl\/trasy-na-litwie\/kaplicy-w-vepriai\/#breadcrumb\"},\"inLanguage\":\"pl-PL\",\"potentialAction\":[{\"@type\":\"ReadAction\",\"target\":[\"https:\/\/barokonfederacija.lt\/pl\/trasy-na-litwie\/kaplicy-w-vepriai\/\"]}]},{\"@type\":\"ImageObject\",\"inLanguage\":\"pl-PL\",\"@id\":\"https:\/\/barokonfederacija.lt\/pl\/trasy-na-litwie\/kaplicy-w-vepriai\/#primaryimage\",\"url\":\"https:\/\/barokonfederacija.lt\/wp-content\/uploads\/2023\/11\/Untitled-design27.png\",\"contentUrl\":\"https:\/\/barokonfederacija.lt\/wp-content\/uploads\/2023\/11\/Untitled-design27.png\"},{\"@type\":\"BreadcrumbList\",\"@id\":\"https:\/\/barokonfederacija.lt\/pl\/trasy-na-litwie\/kaplicy-w-vepriai\/#breadcrumb\",\"itemListElement\":[{\"@type\":\"ListItem\",\"position\":1,\"name\":\"G\u0142\u00f3wny\",\"item\":\"https:\/\/barokonfederacija.lt\/pl\/\"},{\"@type\":\"ListItem\",\"position\":2,\"name\":\"Trasy\",\"item\":\"https:\/\/barokonfederacija.lt\/pl\/.\/trasy\/\"},{\"@type\":\"ListItem\",\"position\":3,\"name\":\"Trasy na Litwie\",\"item\":\"https:\/\/barokonfederacija.lt\/pl\/trasy-na-litwie\/\"},{\"@type\":\"ListItem\",\"position\":4,\"name\":\"Kaplicy w V\u0117priai\"}]},{\"@type\":\"WebSite\",\"@id\":\"https:\/\/barokonfederacija.lt\/pl\/#website\",\"url\":\"https:\/\/barokonfederacija.lt\/pl\/\",\"name\":\"Baro Konfederacija\",\"description\":\"\",\"potentialAction\":[{\"@type\":\"SearchAction\",\"target\":{\"@type\":\"EntryPoint\",\"urlTemplate\":\"https:\/\/barokonfederacija.lt\/pl\/?s={search_term_string}\"},\"query-input\":{\"@type\":\"PropertyValueSpecification\",\"valueRequired\":true,\"valueName\":\"search_term_string\"}}],\"inLanguage\":\"pl-PL\"}]}<\/script>\n<!-- \/ Yoast SEO plugin. -->","yoast_head_json":{"title":"Kaplicy w V\u0117priai - Baro Konfederacija","robots":{"index":"index","follow":"follow","max-snippet":"max-snippet:-1","max-image-preview":"max-image-preview:large","max-video-preview":"max-video-preview:-1"},"canonical":"https:\/\/barokonfederacija.lt\/pl\/trasy-na-litwie\/kaplicy-w-vepriai\/","og_locale":"pl_PL","og_type":"article","og_title":"Kaplicy w V\u0117priai - Baro Konfederacija","og_description":"Kaplica znajduje si\u0119 w miejscowo\u015bci Vepriu, po prawej stronie drogi Vepriu-Deltuva. Do filaru kaplicy przymocowana jest metalowa tablica z napisem &#8222;Kaplica upami\u0119tniaj\u0105ca Konfederacj\u0119 Barsk\u0105 w 1772 r.&#8221;. Kaplicy w V\u0117priai Jednym z najbardziej aktywnych konfederat\u00f3w by\u0142 Szymon Kosakowski (1741-1794, ostatni hetman wielki litewski, genera\u0142 wojsk litewskich i rosyjskich). W lipcu 1768 r. wok\u00f3\u0142 Kosakowskiego zebra\u0142 [&hellip;]","og_url":"https:\/\/barokonfederacija.lt\/pl\/trasy-na-litwie\/kaplicy-w-vepriai\/","og_site_name":"Baro Konfederacija","article_modified_time":"2024-06-12T11:35:08+00:00","og_image":[{"url":"https:\/\/barokonfederacija.lt\/wp-content\/uploads\/2023\/11\/Untitled-design27.png","type":"","width":"","height":""}],"twitter_card":"summary_large_image","twitter_misc":{"Szacowany czas czytania":"3 minuty"},"schema":{"@context":"https:\/\/schema.org","@graph":[{"@type":"WebPage","@id":"https:\/\/barokonfederacija.lt\/pl\/trasy-na-litwie\/kaplicy-w-vepriai\/","url":"https:\/\/barokonfederacija.lt\/pl\/trasy-na-litwie\/kaplicy-w-vepriai\/","name":"Kaplicy w V\u0117priai - Baro Konfederacija","isPartOf":{"@id":"https:\/\/barokonfederacija.lt\/pl\/#website"},"primaryImageOfPage":{"@id":"https:\/\/barokonfederacija.lt\/pl\/trasy-na-litwie\/kaplicy-w-vepriai\/#primaryimage"},"image":{"@id":"https:\/\/barokonfederacija.lt\/pl\/trasy-na-litwie\/kaplicy-w-vepriai\/#primaryimage"},"thumbnailUrl":"https:\/\/barokonfederacija.lt\/wp-content\/uploads\/2023\/11\/Untitled-design27.png","datePublished":"2023-11-14T13:48:09+00:00","dateModified":"2024-06-12T11:35:08+00:00","breadcrumb":{"@id":"https:\/\/barokonfederacija.lt\/pl\/trasy-na-litwie\/kaplicy-w-vepriai\/#breadcrumb"},"inLanguage":"pl-PL","potentialAction":[{"@type":"ReadAction","target":["https:\/\/barokonfederacija.lt\/pl\/trasy-na-litwie\/kaplicy-w-vepriai\/"]}]},{"@type":"ImageObject","inLanguage":"pl-PL","@id":"https:\/\/barokonfederacija.lt\/pl\/trasy-na-litwie\/kaplicy-w-vepriai\/#primaryimage","url":"https:\/\/barokonfederacija.lt\/wp-content\/uploads\/2023\/11\/Untitled-design27.png","contentUrl":"https:\/\/barokonfederacija.lt\/wp-content\/uploads\/2023\/11\/Untitled-design27.png"},{"@type":"BreadcrumbList","@id":"https:\/\/barokonfederacija.lt\/pl\/trasy-na-litwie\/kaplicy-w-vepriai\/#breadcrumb","itemListElement":[{"@type":"ListItem","position":1,"name":"G\u0142\u00f3wny","item":"https:\/\/barokonfederacija.lt\/pl\/"},{"@type":"ListItem","position":2,"name":"Trasy","item":"https:\/\/barokonfederacija.lt\/pl\/.\/trasy\/"},{"@type":"ListItem","position":3,"name":"Trasy na Litwie","item":"https:\/\/barokonfederacija.lt\/pl\/trasy-na-litwie\/"},{"@type":"ListItem","position":4,"name":"Kaplicy w V\u0117priai"}]},{"@type":"WebSite","@id":"https:\/\/barokonfederacija.lt\/pl\/#website","url":"https:\/\/barokonfederacija.lt\/pl\/","name":"Baro Konfederacija","description":"","potentialAction":[{"@type":"SearchAction","target":{"@type":"EntryPoint","urlTemplate":"https:\/\/barokonfederacija.lt\/pl\/?s={search_term_string}"},"query-input":{"@type":"PropertyValueSpecification","valueRequired":true,"valueName":"search_term_string"}}],"inLanguage":"pl-PL"}]}},"_links":{"self":[{"href":"https:\/\/barokonfederacija.lt\/pl\/wp-json\/wp\/v2\/pages\/4354","targetHints":{"allow":["GET"]}}],"collection":[{"href":"https:\/\/barokonfederacija.lt\/pl\/wp-json\/wp\/v2\/pages"}],"about":[{"href":"https:\/\/barokonfederacija.lt\/pl\/wp-json\/wp\/v2\/types\/page"}],"author":[{"embeddable":true,"href":"https:\/\/barokonfederacija.lt\/pl\/wp-json\/wp\/v2\/users\/1"}],"replies":[{"embeddable":true,"href":"https:\/\/barokonfederacija.lt\/pl\/wp-json\/wp\/v2\/comments?post=4354"}],"version-history":[{"count":16,"href":"https:\/\/barokonfederacija.lt\/pl\/wp-json\/wp\/v2\/pages\/4354\/revisions"}],"predecessor-version":[{"id":5360,"href":"https:\/\/barokonfederacija.lt\/pl\/wp-json\/wp\/v2\/pages\/4354\/revisions\/5360"}],"up":[{"embeddable":true,"href":"https:\/\/barokonfederacija.lt\/pl\/wp-json\/wp\/v2\/pages\/4220"}],"wp:attachment":[{"href":"https:\/\/barokonfederacija.lt\/pl\/wp-json\/wp\/v2\/media?parent=4354"}],"wp:term":[{"taxonomy":"category","embeddable":true,"href":"https:\/\/barokonfederacija.lt\/pl\/wp-json\/wp\/v2\/categories?post=4354"}],"curies":[{"name":"wp","href":"https:\/\/api.w.org\/{rel}","templated":true}]}}