{"id":4271,"date":"2023-09-16T12:25:01","date_gmt":"2023-09-16T12:25:01","guid":{"rendered":"http:\/\/baro.eshoper.lt\/o-projekcie\/"},"modified":"2024-06-28T09:33:03","modified_gmt":"2024-06-28T09:33:03","slug":"o-projekcie","status":"publish","type":"page","link":"https:\/\/barokonfederacija.lt\/pl\/o-projekcie\/","title":{"rendered":"O projekcie"},"content":{"rendered":"\t\t<div data-elementor-type=\"wp-page\" data-elementor-id=\"4271\" class=\"elementor elementor-4271 elementor-774\">\n\t\t\t\t<div class=\"elementor-element elementor-element-a33b599 e-con-full slider-landscape e-flex e-con e-parent\" data-id=\"a33b599\" data-element_type=\"container\" data-settings=\"{&quot;background_background&quot;:&quot;classic&quot;}\">\n\t\t\t\t<div class=\"elementor-element elementor-element-e52bf51 breadcrumbs elementor-hidden-tablet elementor-hidden-mobile elementor-widget elementor-widget-shortcode\" data-id=\"e52bf51\" data-element_type=\"widget\" data-widget_type=\"shortcode.default\">\n\t\t\t\t<div class=\"elementor-widget-container\">\n\t\t\t\t\t\t\t<div class=\"elementor-shortcode\"><span><span><a href=\"https:\/\/barokonfederacija.lt\/pl\/\">G\u0142\u00f3wny<\/a><\/span><\/span><\/div>\n\t\t\t\t\t\t<\/div>\n\t\t\t\t<\/div>\n\t\t\t\t<div class=\"elementor-element elementor-element-4cdfe12 post-title elementor-widget elementor-widget-shortcode\" data-id=\"4cdfe12\" data-element_type=\"widget\" data-widget_type=\"shortcode.default\">\n\t\t\t\t<div class=\"elementor-widget-container\">\n\t\t\t\t\t\t\t<div class=\"elementor-shortcode\">O projekcie<\/div>\n\t\t\t\t\t\t<\/div>\n\t\t\t\t<\/div>\n\t\t<div class=\"elementor-element elementor-element-c6d79a0 e-con-full e-flex e-con e-child\" data-id=\"c6d79a0\" data-element_type=\"container\">\n\t\t\t\t<div class=\"elementor-element elementor-element-237c01d elementor-widget elementor-widget-shortcode\" data-id=\"237c01d\" data-element_type=\"widget\" data-widget_type=\"shortcode.default\">\n\t\t\t\t<div class=\"elementor-widget-container\">\n\t\t\t\t\t    <div class=\"mobile-header-section\">\n        <div class=\"mobile-header-line-left mobile-header-line\"><\/div>\n        <div class=\"mobile-header-arrow\"><div class=\"slider-arrow\"><\/div><\/div>\n        <div class=\"mobile-header-line-right mobile-header-line\"><\/div>\n    <\/div>\n    \t\t<div class=\"elementor-shortcode\"><\/div>\n\t\t\t\t\t\t<\/div>\n\t\t\t\t<\/div>\n\t\t\t\t<\/div>\n\t\t\t\t<\/div>\n\t\t<div class=\"elementor-element elementor-element-6782f37 e-con-full e-flex e-con e-parent\" data-id=\"6782f37\" data-element_type=\"container\" data-settings=\"{&quot;background_background&quot;:&quot;classic&quot;}\">\n\t\t<div class=\"elementor-element elementor-element-10668ba e-flex e-con-boxed e-con e-child\" data-id=\"10668ba\" data-element_type=\"container\">\n\t\t\t\t\t<div class=\"e-con-inner\">\n\t\t\t\t<div class=\"elementor-element elementor-element-5f9fe8d page-text elementor-widget elementor-widget-heading\" data-id=\"5f9fe8d\" data-element_type=\"widget\" data-widget_type=\"heading.default\">\n\t\t\t\t<div class=\"elementor-widget-container\">\n\t\t\t\t\t<div class=\"elementor-heading-title elementor-size-default\">Nazwa projektu: \"Pami\u0119\u0107 historyczna Rzeczypospolitej Obojga Narod\u00f3w - wsp\u00f3\u0142praca pomi\u0119dzy litewskimi i polskimi LGD w zakresie rozwoju nowych us\u0142ug turystycznych i innowacji\".  \"Z histori\u0105 w tle - wzmocnienie kapita\u0142u turystycznego partnerskich LGD z Litwy i Polski\". Koordynator projektu - Lokalna Grupa Dzia\u0142ania Gminy Jonava  \nPartner projektu - LOKALNA GRUPA DZIA\u0141ANIA \"P\u00f3\u0142nocne Mazowsze\"\nObszar realizacji projektu - Rejon Jonava, miasto Jonava, Litwa; P\u00f3\u0142nocne Mazowsze, Polska.\n<\/div>\t\t\t\t<\/div>\n\t\t\t\t<\/div>\n\t\t\t\t<div class=\"elementor-element elementor-element-b803e07 page-text elementor-widget elementor-widget-heading\" data-id=\"b803e07\" data-element_type=\"widget\" data-widget_type=\"heading.default\">\n\t\t\t\t<div class=\"elementor-widget-container\">\n\t\t\t\t\t<div class=\"elementor-heading-title elementor-size-default\">Og\u00f3lnym celem projektu jest poprawa i wzmocnienie kapita\u0142u turystycznego polsko-litewskich lokalnych grup dzia\u0142ania (LGD) poprzez wykorzystanie dziedzictwa historycznego i kulinarnego. Projekt jest realizowany na obszarach wiejskich (zar\u00f3wno na Litwie, jak i w Polsce), a wszystkie dzia\u0142ania przewidziane w projekcie maj\u0105 na celu wymian\u0119 do\u015bwiadcze\u0144 i zach\u0119canie do turystyki przyjazdowej, co samo w sobie przyczyni si\u0119 do promocji rozwoju obszar\u00f3w wiejskich.<\/div>\t\t\t\t<\/div>\n\t\t\t\t<\/div>\n\t\t\t\t<div class=\"elementor-element elementor-element-85e9ee1 page-text elementor-hidden-tablet elementor-hidden-mobile elementor-widget elementor-widget-heading\" data-id=\"85e9ee1\" data-element_type=\"widget\" data-widget_type=\"heading.default\">\n\t\t\t\t<div class=\"elementor-widget-container\">\n\t\t\t\t\t<div class=\"elementor-heading-title elementor-size-default\">Cele tego projektu to: stworzenie interaktywnej mapy na stronie internetowej z okazji 255. rocznicy Konfederacji Barskiej, przedstawienie interaktywnych tras do atrakcji powiatu Jonava i Krasno (Polska), z wykorzystaniem technologii, zwi\u0105zanych z wydarzeniami i postaciami Konfederacji Barskiej oraz najwa\u017cniejszymi faktami historycznymi. Strony tras zostan\u0105 dostosowane, a billboardy QR zostan\u0105 opracowane z informacjami na stronie internetowej. W celu dodatkowego rozpowszechnienia i reklamy zostanie przygotowana publikacja informacyjna (ulotki - mapy), kt\u00f3ra pozwoli nie tylko mieszka\u0144com Litwy, ale tak\u017ce odwiedzaj\u0105cym lepiej pozna\u0107 region Jonawy i pozna\u0107 histori\u0119 Konfederacji Barskiej na Litwie i w Polsce.<\/div>\t\t\t\t<\/div>\n\t\t\t\t<\/div>\n\t\t\t\t<div class=\"elementor-element elementor-element-dd1ee2b page-text elementor-hidden-tablet elementor-hidden-mobile elementor-widget elementor-widget-heading\" data-id=\"dd1ee2b\" data-element_type=\"widget\" data-widget_type=\"heading.default\">\n\t\t\t\t<div class=\"elementor-widget-container\">\n\t\t\t\t\t<div class=\"elementor-heading-title elementor-size-default\">Kolejnym wa\u017cnym zadaniem jest wydanie publikacji o Konfederacji Barskiej, publikacji \"Na pami\u0105tk\u0119 255 lat Konfederacji Barskiej\", upami\u0119tniaj\u0105cej dzia\u0142alno\u015b\u0107 polityczn\u0105 i wojskow\u0105 polsko-litewskiej Konfederacji Barskiej, gmin Jonava i Krasnoye oraz wa\u017cnych ludzi obu narod\u00f3w. Podkre\u015blenie historycznych postaci Szymona Martyna Kosakowskiego (1741-1794) i Adama Stanis\u0142awa Krasi\u0144skiego (1714-1800). W sk\u0142ad redakcji publikacji wchodz\u0105 litewscy i polscy eksperci, historycy i inni specjali\u015bci. Publikacja zostanie wydana w 300 egzemplarzach, w j\u0119zyku litewskim i polskim, a wersja elektroniczna w formacie pdf b\u0119dzie dost\u0119pna na stronie internetowej projektu. Planowane s\u0105 oddzielne wydarzenia maj\u0105ce na celu zaprezentowanie publikacji - prezentacje, wystawy na Litwie i w Polsce oraz wydarzenie inauguruj\u0105ce projekt w Polsce. Aby promowa\u0107 turystyk\u0119 kulturow\u0105 i historyczn\u0105, z okazji 255. rocznicy Konfederacji Barskiej zorganizowany zostanie 4-dniowy plener rze\u017abiarski \"Wi\u0119cej ni\u017c rzemios\u0142o\". Na zako\u0144czenie projektu planowane jest oddzielne wydarzenie na Litwie.<\/div>\t\t\t\t<\/div>\n\t\t\t\t<\/div>\n\t\t<div class=\"elementor-element elementor-element-b8deef3 e-con-full elementor-hidden-desktop elementor-hidden-laptop elementor-hidden-tablet elementor-hidden-mobile e-flex e-con e-child\" data-id=\"b8deef3\" data-element_type=\"container\">\n\t\t\t\t<div class=\"elementor-element elementor-element-b45455b elementor-widget elementor-widget-image\" data-id=\"b45455b\" data-element_type=\"widget\" data-widget_type=\"image.default\">\n\t\t\t\t<div class=\"elementor-widget-container\">\n\t\t\t\t\t\t\t\t\t\t\t\t\t\t\t<img fetchpriority=\"high\" decoding=\"async\" width=\"550\" height=\"400\" src=\"https:\/\/barokonfederacija.lt\/wp-content\/uploads\/2023\/09\/apie-projekta-img.png\" class=\"attachment-full size-full wp-image-4272\" alt=\"\" srcset=\"https:\/\/barokonfederacija.lt\/wp-content\/uploads\/2023\/09\/apie-projekta-img.png 550w, https:\/\/barokonfederacija.lt\/wp-content\/uploads\/2023\/09\/apie-projekta-img-300x218.png 300w\" sizes=\"(max-width: 550px) 100vw, 550px\" \/>\t\t\t\t\t\t\t\t\t\t\t\t\t\t\t<\/div>\n\t\t\t\t<\/div>\n\t\t\t\t<div class=\"elementor-element elementor-element-f16fd87 elementor-widget elementor-widget-image\" data-id=\"f16fd87\" data-element_type=\"widget\" data-widget_type=\"image.default\">\n\t\t\t\t<div class=\"elementor-widget-container\">\n\t\t\t\t\t\t\t\t\t\t\t\t\t\t\t<img fetchpriority=\"high\" decoding=\"async\" width=\"550\" height=\"400\" src=\"https:\/\/barokonfederacija.lt\/wp-content\/uploads\/2023\/09\/apie-projekta-img.png\" class=\"attachment-full size-full wp-image-4272\" alt=\"\" srcset=\"https:\/\/barokonfederacija.lt\/wp-content\/uploads\/2023\/09\/apie-projekta-img.png 550w, https:\/\/barokonfederacija.lt\/wp-content\/uploads\/2023\/09\/apie-projekta-img-300x218.png 300w\" sizes=\"(max-width: 550px) 100vw, 550px\" \/>\t\t\t\t\t\t\t\t\t\t\t\t\t\t\t<\/div>\n\t\t\t\t<\/div>\n\t\t\t\t<\/div>\n\t\t\t\t\t<\/div>\n\t\t\t\t<\/div>\n\t\t<div class=\"elementor-element elementor-element-68b4cde e-flex e-con-boxed e-con e-child\" data-id=\"68b4cde\" data-element_type=\"container\">\n\t\t\t\t\t<div class=\"e-con-inner\">\n\t\t<div class=\"elementor-element elementor-element-27b8be0 e-con-full e-flex e-con e-child\" data-id=\"27b8be0\" data-element_type=\"container\">\n\t\t\t\t<div class=\"elementor-element elementor-element-06ff156 page-title elementor-widget elementor-widget-heading\" data-id=\"06ff156\" data-element_type=\"widget\" data-widget_type=\"heading.default\">\n\t\t\t\t<div class=\"elementor-widget-container\">\n\t\t\t\t\t<div class=\"elementor-heading-title elementor-size-default\">Nasi sponsorzy i partnerzy<\/div>\t\t\t\t<\/div>\n\t\t\t\t<\/div>\n\t\t\t\t<\/div>\n\t\t<div class=\"elementor-element elementor-element-9028dc4 e-con-full mobile-scrollbar e-flex e-con e-child\" data-id=\"9028dc4\" data-element_type=\"container\">\n\t\t\t\t<div class=\"elementor-element elementor-element-2fb5db0 mobile-scrollbar-item elementor-widget-laptop__width-initial elementor-widget elementor-widget-image\" data-id=\"2fb5db0\" data-element_type=\"widget\" data-widget_type=\"image.default\">\n\t\t\t\t<div class=\"elementor-widget-container\">\n\t\t\t\t\t\t\t\t\t\t\t\t\t\t\t<img decoding=\"async\" width=\"1272\" height=\"1251\" src=\"https:\/\/barokonfederacija.lt\/wp-content\/uploads\/2023\/11\/Jonavos-vietos-veiklos-grupe-png.png\" class=\"attachment-full size-full wp-image-3855\" alt=\"\" srcset=\"https:\/\/barokonfederacija.lt\/wp-content\/uploads\/2023\/11\/Jonavos-vietos-veiklos-grupe-png.png 1272w, https:\/\/barokonfederacija.lt\/wp-content\/uploads\/2023\/11\/Jonavos-vietos-veiklos-grupe-png-300x295.png 300w, https:\/\/barokonfederacija.lt\/wp-content\/uploads\/2023\/11\/Jonavos-vietos-veiklos-grupe-png-1024x1007.png 1024w, https:\/\/barokonfederacija.lt\/wp-content\/uploads\/2023\/11\/Jonavos-vietos-veiklos-grupe-png-768x755.png 768w\" sizes=\"(max-width: 1272px) 100vw, 1272px\" \/>\t\t\t\t\t\t\t\t\t\t\t\t\t\t\t<\/div>\n\t\t\t\t<\/div>\n\t\t\t\t<div class=\"elementor-element elementor-element-d067846 mobile-scrollbar-item elementor-widget-laptop__width-initial elementor-widget elementor-widget-image\" data-id=\"d067846\" data-element_type=\"widget\" data-widget_type=\"image.default\">\n\t\t\t\t<div class=\"elementor-widget-container\">\n\t\t\t\t\t\t\t\t\t\t\t\t\t\t\t<img decoding=\"async\" width=\"246\" height=\"90\" src=\"https:\/\/barokonfederacija.lt\/wp-content\/uploads\/2023\/09\/image-12.png\" class=\"attachment-full size-full wp-image-4273\" alt=\"\" \/>\t\t\t\t\t\t\t\t\t\t\t\t\t\t\t<\/div>\n\t\t\t\t<\/div>\n\t\t\t\t<div class=\"elementor-element elementor-element-77420e8 mobile-scrollbar-item elementor-widget-laptop__width-initial elementor-widget elementor-widget-image\" data-id=\"77420e8\" data-element_type=\"widget\" data-widget_type=\"image.default\">\n\t\t\t\t<div class=\"elementor-widget-container\">\n\t\t\t\t\t\t\t\t\t\t\t\t\t\t\t<img loading=\"lazy\" decoding=\"async\" width=\"111\" height=\"110\" src=\"https:\/\/barokonfederacija.lt\/wp-content\/uploads\/2023\/09\/image-16.png\" class=\"attachment-full size-full wp-image-4277\" alt=\"\" \/>\t\t\t\t\t\t\t\t\t\t\t\t\t\t\t<\/div>\n\t\t\t\t<\/div>\n\t\t\t\t<div class=\"elementor-element elementor-element-47e6b46 mobile-scrollbar-item elementor-widget-laptop__width-initial elementor-widget elementor-widget-image\" data-id=\"47e6b46\" data-element_type=\"widget\" data-widget_type=\"image.default\">\n\t\t\t\t<div class=\"elementor-widget-container\">\n\t\t\t\t\t\t\t\t\t\t\t\t\t\t\t<img loading=\"lazy\" decoding=\"async\" width=\"400\" height=\"600\" src=\"https:\/\/barokonfederacija.lt\/wp-content\/uploads\/2023\/11\/lt-leader-400x600-1.png\" class=\"attachment-full size-full wp-image-3858\" alt=\"\" srcset=\"https:\/\/barokonfederacija.lt\/wp-content\/uploads\/2023\/11\/lt-leader-400x600-1.png 400w, https:\/\/barokonfederacija.lt\/wp-content\/uploads\/2023\/11\/lt-leader-400x600-1-200x300.png 200w\" sizes=\"(max-width: 400px) 100vw, 400px\" \/>\t\t\t\t\t\t\t\t\t\t\t\t\t\t\t<\/div>\n\t\t\t\t<\/div>\n\t\t\t\t<div class=\"elementor-element elementor-element-8198f20 mobile-scrollbar-item elementor-widget elementor-widget-image\" data-id=\"8198f20\" data-element_type=\"widget\" data-widget_type=\"image.default\">\n\t\t\t\t<div class=\"elementor-widget-container\">\n\t\t\t\t\t\t\t\t\t\t\t\t\t\t\t<img loading=\"lazy\" decoding=\"async\" width=\"2215\" height=\"2560\" src=\"https:\/\/barokonfederacija.lt\/wp-content\/uploads\/2023\/11\/Logo-PM-RGB-scaled.jpg\" class=\"attachment-full size-full wp-image-3892\" alt=\"\" srcset=\"https:\/\/barokonfederacija.lt\/wp-content\/uploads\/2023\/11\/Logo-PM-RGB-scaled.jpg 2215w, https:\/\/barokonfederacija.lt\/wp-content\/uploads\/2023\/11\/Logo-PM-RGB-260x300.jpg 260w, https:\/\/barokonfederacija.lt\/wp-content\/uploads\/2023\/11\/Logo-PM-RGB-886x1024.jpg 886w, https:\/\/barokonfederacija.lt\/wp-content\/uploads\/2023\/11\/Logo-PM-RGB-768x888.jpg 768w, https:\/\/barokonfederacija.lt\/wp-content\/uploads\/2023\/11\/Logo-PM-RGB-1329x1536.jpg 1329w, https:\/\/barokonfederacija.lt\/wp-content\/uploads\/2023\/11\/Logo-PM-RGB-1772x2048.jpg 1772w\" sizes=\"(max-width: 2215px) 100vw, 2215px\" \/>\t\t\t\t\t\t\t\t\t\t\t\t\t\t\t<\/div>\n\t\t\t\t<\/div>\n\t\t\t\t<div class=\"elementor-element elementor-element-be84c61 mobile-scrollbar-item elementor-widget elementor-widget-image\" data-id=\"be84c61\" data-element_type=\"widget\" data-widget_type=\"image.default\">\n\t\t\t\t<div class=\"elementor-widget-container\">\n\t\t\t\t\t\t\t\t\t\t\t\t\t\t\t<img loading=\"lazy\" decoding=\"async\" width=\"6250\" height=\"9375\" src=\"https:\/\/barokonfederacija.lt\/wp-content\/uploads\/2023\/11\/HISTUR.png\" class=\"attachment-full size-full wp-image-3864\" alt=\"\" srcset=\"https:\/\/barokonfederacija.lt\/wp-content\/uploads\/2023\/11\/HISTUR.png 6250w, https:\/\/barokonfederacija.lt\/wp-content\/uploads\/2023\/11\/HISTUR-200x300.png 200w, https:\/\/barokonfederacija.lt\/wp-content\/uploads\/2023\/11\/HISTUR-683x1024.png 683w, https:\/\/barokonfederacija.lt\/wp-content\/uploads\/2023\/11\/HISTUR-768x1152.png 768w, https:\/\/barokonfederacija.lt\/wp-content\/uploads\/2023\/11\/HISTUR-1024x1536.png 1024w, https:\/\/barokonfederacija.lt\/wp-content\/uploads\/2023\/11\/HISTUR-1365x2048.png 1365w\" sizes=\"(max-width: 6250px) 100vw, 6250px\" \/>\t\t\t\t\t\t\t\t\t\t\t\t\t\t\t<\/div>\n\t\t\t\t<\/div>\n\t\t\t\t<div class=\"elementor-element elementor-element-7896fdf mobile-scrollbar-item elementor-widget-laptop__width-initial elementor-widget elementor-widget-image\" data-id=\"7896fdf\" data-element_type=\"widget\" data-widget_type=\"image.default\">\n\t\t\t\t<div class=\"elementor-widget-container\">\n\t\t\t\t\t\t\t\t\t\t\t\t\t\t\t<img loading=\"lazy\" decoding=\"async\" width=\"600\" height=\"401\" src=\"https:\/\/barokonfederacija.lt\/wp-content\/uploads\/2023\/11\/flag_yellow_low.jpg\" class=\"attachment-full size-full wp-image-3866\" alt=\"\" srcset=\"https:\/\/barokonfederacija.lt\/wp-content\/uploads\/2023\/11\/flag_yellow_low.jpg 600w, https:\/\/barokonfederacija.lt\/wp-content\/uploads\/2023\/11\/flag_yellow_low-300x201.jpg 300w\" sizes=\"(max-width: 600px) 100vw, 600px\" \/>\t\t\t\t\t\t\t\t\t\t\t\t\t\t\t<\/div>\n\t\t\t\t<\/div>\n\t\t\t\t<div class=\"elementor-element elementor-element-5add73c mobile-scrollbar-item elementor-widget elementor-widget-image\" data-id=\"5add73c\" data-element_type=\"widget\" data-widget_type=\"image.default\">\n\t\t\t\t<div class=\"elementor-widget-container\">\n\t\t\t\t\t\t\t\t\t\t\t\t\t\t\t<img loading=\"lazy\" decoding=\"async\" width=\"1284\" height=\"843\" src=\"https:\/\/barokonfederacija.lt\/wp-content\/uploads\/2023\/11\/PROW-2014-2020.png\" class=\"attachment-full size-full wp-image-3894\" alt=\"\" srcset=\"https:\/\/barokonfederacija.lt\/wp-content\/uploads\/2023\/11\/PROW-2014-2020.png 1284w, https:\/\/barokonfederacija.lt\/wp-content\/uploads\/2023\/11\/PROW-2014-2020-300x197.png 300w, https:\/\/barokonfederacija.lt\/wp-content\/uploads\/2023\/11\/PROW-2014-2020-1024x672.png 1024w, https:\/\/barokonfederacija.lt\/wp-content\/uploads\/2023\/11\/PROW-2014-2020-768x504.png 768w\" sizes=\"(max-width: 1284px) 100vw, 1284px\" \/>\t\t\t\t\t\t\t\t\t\t\t\t\t\t\t<\/div>\n\t\t\t\t<\/div>\n\t\t\t\t<\/div>\n\t\t\t\t\t<\/div>\n\t\t\t\t<\/div>\n\t\t\t\t<\/div>\n\t\t\t\t<\/div>\n\t\t","protected":false},"excerpt":{"rendered":"<p>Nazwa projektu: &#8222;Pami\u0119\u0107 historyczna Rzeczypospolitej Obojga Narod\u00f3w &#8211; wsp\u00f3\u0142praca pomi\u0119dzy litewskimi i polskimi LGD w zakresie rozwoju nowych us\u0142ug turystycznych i innowacji&#8221;. &#8222;Z histori\u0105 w tle &#8211; wzmocnienie kapita\u0142u turystycznego partnerskich LGD z Litwy i Polski&#8221;. Koordynator projektu &#8211; Lokalna Grupa Dzia\u0142ania Gminy Jonava Partner projektu &#8211; LOKALNA GRUPA DZIA\u0141ANIA &#8222;P\u00f3\u0142nocne Mazowsze&#8221; Obszar realizacji projektu [&hellip;]<\/p>\n","protected":false},"author":1,"featured_media":0,"parent":0,"menu_order":0,"comment_status":"closed","ping_status":"closed","template":"","meta":{"footnotes":""},"categories":[],"class_list":["post-4271","page","type-page","status-publish","hentry"],"yoast_head":"<!-- This site is optimized with the Yoast SEO plugin v24.1 - https:\/\/yoast.com\/wordpress\/plugins\/seo\/ -->\n<title>O projekcie - Baro Konfederacija<\/title>\n<meta name=\"robots\" content=\"index, follow, max-snippet:-1, max-image-preview:large, max-video-preview:-1\" \/>\n<link rel=\"canonical\" href=\"https:\/\/barokonfederacija.lt\/pl\/o-projekcie\/\" \/>\n<meta property=\"og:locale\" content=\"pl_PL\" \/>\n<meta property=\"og:type\" content=\"article\" \/>\n<meta property=\"og:title\" content=\"O projekcie - Baro Konfederacija\" \/>\n<meta property=\"og:description\" content=\"Nazwa projektu: &#8222;Pami\u0119\u0107 historyczna Rzeczypospolitej Obojga Narod\u00f3w &#8211; wsp\u00f3\u0142praca pomi\u0119dzy litewskimi i polskimi LGD w zakresie rozwoju nowych us\u0142ug turystycznych i innowacji&#8221;. &#8222;Z histori\u0105 w tle &#8211; wzmocnienie kapita\u0142u turystycznego partnerskich LGD z Litwy i Polski&#8221;. Koordynator projektu &#8211; Lokalna Grupa Dzia\u0142ania Gminy Jonava Partner projektu &#8211; LOKALNA GRUPA DZIA\u0141ANIA &#8222;P\u00f3\u0142nocne Mazowsze&#8221; Obszar realizacji projektu [&hellip;]\" \/>\n<meta property=\"og:url\" content=\"https:\/\/barokonfederacija.lt\/pl\/o-projekcie\/\" \/>\n<meta property=\"og:site_name\" content=\"Baro Konfederacija\" \/>\n<meta property=\"article:modified_time\" content=\"2024-06-28T09:33:03+00:00\" \/>\n<meta property=\"og:image\" content=\"https:\/\/barokonfederacija.lt\/wp-content\/uploads\/2023\/09\/apie-projekta-img.png\" \/>\n<meta name=\"twitter:card\" content=\"summary_large_image\" \/>\n<meta name=\"twitter:label1\" content=\"Szacowany czas czytania\" \/>\n\t<meta name=\"twitter:data1\" content=\"5 minut\" \/>\n<script type=\"application\/ld+json\" class=\"yoast-schema-graph\">{\"@context\":\"https:\/\/schema.org\",\"@graph\":[{\"@type\":\"WebPage\",\"@id\":\"https:\/\/barokonfederacija.lt\/pl\/o-projekcie\/\",\"url\":\"https:\/\/barokonfederacija.lt\/pl\/o-projekcie\/\",\"name\":\"O projekcie - Baro Konfederacija\",\"isPartOf\":{\"@id\":\"https:\/\/barokonfederacija.lt\/pl\/#website\"},\"primaryImageOfPage\":{\"@id\":\"https:\/\/barokonfederacija.lt\/pl\/o-projekcie\/#primaryimage\"},\"image\":{\"@id\":\"https:\/\/barokonfederacija.lt\/pl\/o-projekcie\/#primaryimage\"},\"thumbnailUrl\":\"https:\/\/barokonfederacija.lt\/wp-content\/uploads\/2023\/09\/apie-projekta-img.png\",\"datePublished\":\"2023-09-16T12:25:01+00:00\",\"dateModified\":\"2024-06-28T09:33:03+00:00\",\"breadcrumb\":{\"@id\":\"https:\/\/barokonfederacija.lt\/pl\/o-projekcie\/#breadcrumb\"},\"inLanguage\":\"pl-PL\",\"potentialAction\":[{\"@type\":\"ReadAction\",\"target\":[\"https:\/\/barokonfederacija.lt\/pl\/o-projekcie\/\"]}]},{\"@type\":\"ImageObject\",\"inLanguage\":\"pl-PL\",\"@id\":\"https:\/\/barokonfederacija.lt\/pl\/o-projekcie\/#primaryimage\",\"url\":\"https:\/\/barokonfederacija.lt\/wp-content\/uploads\/2023\/09\/apie-projekta-img.png\",\"contentUrl\":\"https:\/\/barokonfederacija.lt\/wp-content\/uploads\/2023\/09\/apie-projekta-img.png\"},{\"@type\":\"BreadcrumbList\",\"@id\":\"https:\/\/barokonfederacija.lt\/pl\/o-projekcie\/#breadcrumb\",\"itemListElement\":[{\"@type\":\"ListItem\",\"position\":1,\"name\":\"G\u0142\u00f3wny\",\"item\":\"https:\/\/barokonfederacija.lt\/pl\/\"},{\"@type\":\"ListItem\",\"position\":2,\"name\":\"O projekcie\"}]},{\"@type\":\"WebSite\",\"@id\":\"https:\/\/barokonfederacija.lt\/pl\/#website\",\"url\":\"https:\/\/barokonfederacija.lt\/pl\/\",\"name\":\"Baro Konfederacija\",\"description\":\"\",\"potentialAction\":[{\"@type\":\"SearchAction\",\"target\":{\"@type\":\"EntryPoint\",\"urlTemplate\":\"https:\/\/barokonfederacija.lt\/pl\/?s={search_term_string}\"},\"query-input\":{\"@type\":\"PropertyValueSpecification\",\"valueRequired\":true,\"valueName\":\"search_term_string\"}}],\"inLanguage\":\"pl-PL\"}]}<\/script>\n<!-- \/ Yoast SEO plugin. -->","yoast_head_json":{"title":"O projekcie - Baro Konfederacija","robots":{"index":"index","follow":"follow","max-snippet":"max-snippet:-1","max-image-preview":"max-image-preview:large","max-video-preview":"max-video-preview:-1"},"canonical":"https:\/\/barokonfederacija.lt\/pl\/o-projekcie\/","og_locale":"pl_PL","og_type":"article","og_title":"O projekcie - Baro Konfederacija","og_description":"Nazwa projektu: &#8222;Pami\u0119\u0107 historyczna Rzeczypospolitej Obojga Narod\u00f3w &#8211; wsp\u00f3\u0142praca pomi\u0119dzy litewskimi i polskimi LGD w zakresie rozwoju nowych us\u0142ug turystycznych i innowacji&#8221;. &#8222;Z histori\u0105 w tle &#8211; wzmocnienie kapita\u0142u turystycznego partnerskich LGD z Litwy i Polski&#8221;. Koordynator projektu &#8211; Lokalna Grupa Dzia\u0142ania Gminy Jonava Partner projektu &#8211; LOKALNA GRUPA DZIA\u0141ANIA &#8222;P\u00f3\u0142nocne Mazowsze&#8221; Obszar realizacji projektu [&hellip;]","og_url":"https:\/\/barokonfederacija.lt\/pl\/o-projekcie\/","og_site_name":"Baro Konfederacija","article_modified_time":"2024-06-28T09:33:03+00:00","og_image":[{"url":"https:\/\/barokonfederacija.lt\/wp-content\/uploads\/2023\/09\/apie-projekta-img.png","type":"","width":"","height":""}],"twitter_card":"summary_large_image","twitter_misc":{"Szacowany czas czytania":"5 minut"},"schema":{"@context":"https:\/\/schema.org","@graph":[{"@type":"WebPage","@id":"https:\/\/barokonfederacija.lt\/pl\/o-projekcie\/","url":"https:\/\/barokonfederacija.lt\/pl\/o-projekcie\/","name":"O projekcie - Baro Konfederacija","isPartOf":{"@id":"https:\/\/barokonfederacija.lt\/pl\/#website"},"primaryImageOfPage":{"@id":"https:\/\/barokonfederacija.lt\/pl\/o-projekcie\/#primaryimage"},"image":{"@id":"https:\/\/barokonfederacija.lt\/pl\/o-projekcie\/#primaryimage"},"thumbnailUrl":"https:\/\/barokonfederacija.lt\/wp-content\/uploads\/2023\/09\/apie-projekta-img.png","datePublished":"2023-09-16T12:25:01+00:00","dateModified":"2024-06-28T09:33:03+00:00","breadcrumb":{"@id":"https:\/\/barokonfederacija.lt\/pl\/o-projekcie\/#breadcrumb"},"inLanguage":"pl-PL","potentialAction":[{"@type":"ReadAction","target":["https:\/\/barokonfederacija.lt\/pl\/o-projekcie\/"]}]},{"@type":"ImageObject","inLanguage":"pl-PL","@id":"https:\/\/barokonfederacija.lt\/pl\/o-projekcie\/#primaryimage","url":"https:\/\/barokonfederacija.lt\/wp-content\/uploads\/2023\/09\/apie-projekta-img.png","contentUrl":"https:\/\/barokonfederacija.lt\/wp-content\/uploads\/2023\/09\/apie-projekta-img.png"},{"@type":"BreadcrumbList","@id":"https:\/\/barokonfederacija.lt\/pl\/o-projekcie\/#breadcrumb","itemListElement":[{"@type":"ListItem","position":1,"name":"G\u0142\u00f3wny","item":"https:\/\/barokonfederacija.lt\/pl\/"},{"@type":"ListItem","position":2,"name":"O projekcie"}]},{"@type":"WebSite","@id":"https:\/\/barokonfederacija.lt\/pl\/#website","url":"https:\/\/barokonfederacija.lt\/pl\/","name":"Baro Konfederacija","description":"","potentialAction":[{"@type":"SearchAction","target":{"@type":"EntryPoint","urlTemplate":"https:\/\/barokonfederacija.lt\/pl\/?s={search_term_string}"},"query-input":{"@type":"PropertyValueSpecification","valueRequired":true,"valueName":"search_term_string"}}],"inLanguage":"pl-PL"}]}},"_links":{"self":[{"href":"https:\/\/barokonfederacija.lt\/pl\/wp-json\/wp\/v2\/pages\/4271","targetHints":{"allow":["GET"]}}],"collection":[{"href":"https:\/\/barokonfederacija.lt\/pl\/wp-json\/wp\/v2\/pages"}],"about":[{"href":"https:\/\/barokonfederacija.lt\/pl\/wp-json\/wp\/v2\/types\/page"}],"author":[{"embeddable":true,"href":"https:\/\/barokonfederacija.lt\/pl\/wp-json\/wp\/v2\/users\/1"}],"replies":[{"embeddable":true,"href":"https:\/\/barokonfederacija.lt\/pl\/wp-json\/wp\/v2\/comments?post=4271"}],"version-history":[{"count":16,"href":"https:\/\/barokonfederacija.lt\/pl\/wp-json\/wp\/v2\/pages\/4271\/revisions"}],"predecessor-version":[{"id":5423,"href":"https:\/\/barokonfederacija.lt\/pl\/wp-json\/wp\/v2\/pages\/4271\/revisions\/5423"}],"wp:attachment":[{"href":"https:\/\/barokonfederacija.lt\/pl\/wp-json\/wp\/v2\/media?parent=4271"}],"wp:term":[{"taxonomy":"category","embeddable":true,"href":"https:\/\/barokonfederacija.lt\/pl\/wp-json\/wp\/v2\/categories?post=4271"}],"curies":[{"name":"wp","href":"https:\/\/api.w.org\/{rel}","templated":true}]}}