{"id":4266,"date":"2023-09-16T09:22:07","date_gmt":"2023-09-16T09:22:07","guid":{"rendered":"http:\/\/baro.eshoper.lt\/aktualnosci-2\/"},"modified":"2024-06-12T11:24:41","modified_gmt":"2024-06-12T11:24:41","slug":"kontakt","status":"publish","type":"page","link":"https:\/\/barokonfederacija.lt\/pl\/kontakt\/","title":{"rendered":"Kontakt"},"content":{"rendered":"\t\t<div data-elementor-type=\"wp-page\" data-elementor-id=\"4266\" class=\"elementor elementor-4266 elementor-635\">\n\t\t\t\t<div class=\"elementor-element elementor-element-a33b599 e-con-full slider-landscape e-flex e-con e-parent\" data-id=\"a33b599\" data-element_type=\"container\" data-settings=\"{&quot;background_background&quot;:&quot;classic&quot;}\">\n\t\t\t\t<div class=\"elementor-element elementor-element-e52bf51 breadcrumbs elementor-hidden-tablet elementor-hidden-mobile elementor-widget elementor-widget-shortcode\" data-id=\"e52bf51\" data-element_type=\"widget\" data-widget_type=\"shortcode.default\">\n\t\t\t\t<div class=\"elementor-widget-container\">\n\t\t\t\t\t\t\t<div class=\"elementor-shortcode\"><span><span><a href=\"https:\/\/barokonfederacija.lt\/pl\/\">G\u0142\u00f3wny<\/a><\/span><\/span><\/div>\n\t\t\t\t\t\t<\/div>\n\t\t\t\t<\/div>\n\t\t\t\t<div class=\"elementor-element elementor-element-4cdfe12 post-title elementor-widget elementor-widget-shortcode\" data-id=\"4cdfe12\" data-element_type=\"widget\" data-widget_type=\"shortcode.default\">\n\t\t\t\t<div class=\"elementor-widget-container\">\n\t\t\t\t\t\t\t<div class=\"elementor-shortcode\">Kontakt<\/div>\n\t\t\t\t\t\t<\/div>\n\t\t\t\t<\/div>\n\t\t<div class=\"elementor-element elementor-element-e46744a e-con-full e-flex e-con e-child\" data-id=\"e46744a\" data-element_type=\"container\">\n\t\t\t\t<div class=\"elementor-element elementor-element-37d6565 elementor-widget elementor-widget-shortcode\" data-id=\"37d6565\" data-element_type=\"widget\" data-widget_type=\"shortcode.default\">\n\t\t\t\t<div class=\"elementor-widget-container\">\n\t\t\t\t\t    <div class=\"mobile-header-section\">\n        <div class=\"mobile-header-line-left mobile-header-line\"><\/div>\n        <div class=\"mobile-header-arrow\"><div class=\"slider-arrow\"><\/div><\/div>\n        <div class=\"mobile-header-line-right mobile-header-line\"><\/div>\n    <\/div>\n    \t\t<div class=\"elementor-shortcode\"><\/div>\n\t\t\t\t\t\t<\/div>\n\t\t\t\t<\/div>\n\t\t\t\t<\/div>\n\t\t\t\t<\/div>\n\t\t<div class=\"elementor-element elementor-element-6782f37 e-con-full e-flex e-con e-parent\" data-id=\"6782f37\" data-element_type=\"container\" data-settings=\"{&quot;background_background&quot;:&quot;classic&quot;}\">\n\t\t<div class=\"elementor-element elementor-element-65e8b00 e-con-full e-flex e-con e-child\" data-id=\"65e8b00\" data-element_type=\"container\" data-settings=\"{&quot;background_background&quot;:&quot;classic&quot;}\">\n\t\t\t\t<div class=\"elementor-element elementor-element-e452d5c image-masked elementor-widget elementor-widget-image\" data-id=\"e452d5c\" data-element_type=\"widget\" data-widget_type=\"image.default\">\n\t\t\t\t<div class=\"elementor-widget-container\">\n\t\t\t\t\t\t\t\t\t\t\t\t\t\t\t<img fetchpriority=\"high\" decoding=\"async\" width=\"802\" height=\"596\" src=\"https:\/\/barokonfederacija.lt\/wp-content\/uploads\/2023\/12\/baro-kontaktai-pl.svg\" class=\"attachment-full size-full wp-image-4580\" alt=\"\" \/>\t\t\t\t\t\t\t\t\t\t\t\t\t\t\t<\/div>\n\t\t\t\t<\/div>\n\t\t\t\t<\/div>\n\t\t<div class=\"elementor-element elementor-element-253e5c4 e-flex e-con-boxed e-con e-child\" data-id=\"253e5c4\" data-element_type=\"container\">\n\t\t\t\t\t<div class=\"e-con-inner\">\n\t\t\t\t<div class=\"elementor-element elementor-element-8434c15 page-title elementor-widget elementor-widget-heading\" data-id=\"8434c15\" data-element_type=\"widget\" data-widget_type=\"heading.default\">\n\t\t\t\t<div class=\"elementor-widget-container\">\n\t\t\t\t\t<div class=\"elementor-heading-title elementor-size-default\">Informacje kontaktowe<\/div>\t\t\t\t<\/div>\n\t\t\t\t<\/div>\n\t\t\t\t<div class=\"elementor-element elementor-element-c4f3b1f page-text elementor-widget elementor-widget-heading\" data-id=\"c4f3b1f\" data-element_type=\"widget\" data-widget_type=\"heading.default\">\n\t\t\t\t<div class=\"elementor-widget-container\">\n\t\t\t\t\t<div class=\"elementor-heading-title elementor-size-default\">Lokalna Grupa Dzia\u0142ania Gminy Jonava\nkoordynator i prezes grupy <br>Petras Vy\u0161niauskas\n\n<br>Bartosz Jak\u00f3biak, koordynator Lokalnej Grupy Dzia\u0142ania P\u00f3\u0142nocne Mazowsze<\/div>\t\t\t\t<\/div>\n\t\t\t\t<\/div>\n\t\t\t\t<div class=\"elementor-element elementor-element-f10a571 page-subtitle elementor-widget elementor-widget-heading\" data-id=\"f10a571\" data-element_type=\"widget\" data-widget_type=\"heading.default\">\n\t\t\t\t<div class=\"elementor-widget-container\">\n\t\t\t\t\t<div class=\"elementor-heading-title elementor-size-default\">Numer telefonu<\/div>\t\t\t\t<\/div>\n\t\t\t\t<\/div>\n\t\t\t\t<div class=\"elementor-element elementor-element-812ad68 page-text elementor-widget elementor-widget-heading\" data-id=\"812ad68\" data-element_type=\"widget\" data-widget_type=\"heading.default\">\n\t\t\t\t<div class=\"elementor-widget-container\">\n\t\t\t\t\t<div class=\"elementor-heading-title elementor-size-default\"><a href=\"tel:+37065532516\">+370 655 32516<\/a> <br>\n<a href=\"tel:++236711202\">+23 671 12 02<\/a><\/div>\t\t\t\t<\/div>\n\t\t\t\t<\/div>\n\t\t\t\t<div class=\"elementor-element elementor-element-83c2da8 page-subtitle elementor-widget elementor-widget-heading\" data-id=\"83c2da8\" data-element_type=\"widget\" data-widget_type=\"heading.default\">\n\t\t\t\t<div class=\"elementor-widget-container\">\n\t\t\t\t\t<div class=\"elementor-heading-title elementor-size-default\">E-mail<\/div>\t\t\t\t<\/div>\n\t\t\t\t<\/div>\n\t\t\t\t<div class=\"elementor-element elementor-element-df4c0f7 page-text elementor-widget elementor-widget-heading\" data-id=\"df4c0f7\" data-element_type=\"widget\" data-widget_type=\"heading.default\">\n\t\t\t\t<div class=\"elementor-widget-container\">\n\t\t\t\t\t<div class=\"elementor-heading-title elementor-size-default\"><a href=\"mailto:petrasvysniauskas@gmail.com\">petrasvysniauskas@gmail.com<\/a>, <a href=\"mailto:b.jakobiak@polnocnemazowsze.pl\">b.jakobiak@polnocnemazowsze.pl<\/a><\/div>\t\t\t\t<\/div>\n\t\t\t\t<\/div>\n\t\t\t\t<div class=\"elementor-element elementor-element-91a8121 page-subtitle elementor-widget elementor-widget-heading\" data-id=\"91a8121\" data-element_type=\"widget\" data-widget_type=\"heading.default\">\n\t\t\t\t<div class=\"elementor-widget-container\">\n\t\t\t\t\t<div class=\"elementor-heading-title elementor-size-default\">Adres<\/div>\t\t\t\t<\/div>\n\t\t\t\t<\/div>\n\t\t\t\t<div class=\"elementor-element elementor-element-2561655 page-text elementor-widget elementor-widget-heading\" data-id=\"2561655\" data-element_type=\"widget\" data-widget_type=\"heading.default\">\n\t\t\t\t<div class=\"elementor-widget-container\">\n\t\t\t\t\t<div class=\"elementor-heading-title elementor-size-default\">\u017deimi\u0173 g. 15-324, LT-55158, Jonava <br>\nZielona 24, 06-408 Krasne<\/div>\t\t\t\t<\/div>\n\t\t\t\t<\/div>\n\t\t\t\t\t<\/div>\n\t\t\t\t<\/div>\n\t\t\t\t<\/div>\n\t\t\t\t<\/div>\n\t\t","protected":false},"excerpt":{"rendered":"<p>Informacje kontaktowe Lokalna Grupa Dzia\u0142ania Gminy Jonava koordynator i prezes grupy Petras Vy\u0161niauskas Bartosz Jak\u00f3biak, koordynator Lokalnej Grupy Dzia\u0142ania P\u00f3\u0142nocne Mazowsze Numer telefonu +370 655 32516 +23 671 12 02 E-mail petrasvysniauskas@gmail.com, b.jakobiak@polnocnemazowsze.pl Adres \u017deimi\u0173 g. 15-324, LT-55158, Jonava Zielona 24, 06-408 Krasne<\/p>\n","protected":false},"author":1,"featured_media":0,"parent":0,"menu_order":0,"comment_status":"closed","ping_status":"closed","template":"","meta":{"footnotes":""},"categories":[],"class_list":["post-4266","page","type-page","status-publish","hentry"],"yoast_head":"<!-- This site is optimized with the Yoast SEO plugin v24.1 - https:\/\/yoast.com\/wordpress\/plugins\/seo\/ -->\n<title>Kontakt - Baro Konfederacija<\/title>\n<meta name=\"robots\" content=\"index, follow, max-snippet:-1, max-image-preview:large, max-video-preview:-1\" \/>\n<link rel=\"canonical\" href=\"https:\/\/barokonfederacija.lt\/pl\/kontakt\/\" \/>\n<meta property=\"og:locale\" content=\"pl_PL\" \/>\n<meta property=\"og:type\" content=\"article\" \/>\n<meta property=\"og:title\" content=\"Kontakt - Baro Konfederacija\" \/>\n<meta property=\"og:description\" content=\"Informacje kontaktowe Lokalna Grupa Dzia\u0142ania Gminy Jonava koordynator i prezes grupy Petras Vy\u0161niauskas Bartosz Jak\u00f3biak, koordynator Lokalnej Grupy Dzia\u0142ania P\u00f3\u0142nocne Mazowsze Numer telefonu +370 655 32516 +23 671 12 02 E-mail petrasvysniauskas@gmail.com, b.jakobiak@polnocnemazowsze.pl Adres \u017deimi\u0173 g. 15-324, LT-55158, Jonava Zielona 24, 06-408 Krasne\" \/>\n<meta property=\"og:url\" content=\"https:\/\/barokonfederacija.lt\/pl\/kontakt\/\" \/>\n<meta property=\"og:site_name\" content=\"Baro Konfederacija\" \/>\n<meta property=\"article:modified_time\" content=\"2024-06-12T11:24:41+00:00\" \/>\n<meta property=\"og:image\" content=\"https:\/\/barokonfederacija.lt\/wp-content\/uploads\/2023\/12\/baro-kontaktai-pl.svg\" \/>\n<meta name=\"twitter:card\" content=\"summary_large_image\" \/>\n<meta name=\"twitter:label1\" content=\"Szacowany czas czytania\" \/>\n\t<meta name=\"twitter:data1\" content=\"1 minuta\" \/>\n<script type=\"application\/ld+json\" class=\"yoast-schema-graph\">{\"@context\":\"https:\/\/schema.org\",\"@graph\":[{\"@type\":\"WebPage\",\"@id\":\"https:\/\/barokonfederacija.lt\/pl\/kontakt\/\",\"url\":\"https:\/\/barokonfederacija.lt\/pl\/kontakt\/\",\"name\":\"Kontakt - Baro Konfederacija\",\"isPartOf\":{\"@id\":\"https:\/\/barokonfederacija.lt\/pl\/#website\"},\"primaryImageOfPage\":{\"@id\":\"https:\/\/barokonfederacija.lt\/pl\/kontakt\/#primaryimage\"},\"image\":{\"@id\":\"https:\/\/barokonfederacija.lt\/pl\/kontakt\/#primaryimage\"},\"thumbnailUrl\":\"https:\/\/barokonfederacija.lt\/wp-content\/uploads\/2023\/12\/baro-kontaktai-pl.svg\",\"datePublished\":\"2023-09-16T09:22:07+00:00\",\"dateModified\":\"2024-06-12T11:24:41+00:00\",\"breadcrumb\":{\"@id\":\"https:\/\/barokonfederacija.lt\/pl\/kontakt\/#breadcrumb\"},\"inLanguage\":\"pl-PL\",\"potentialAction\":[{\"@type\":\"ReadAction\",\"target\":[\"https:\/\/barokonfederacija.lt\/pl\/kontakt\/\"]}]},{\"@type\":\"ImageObject\",\"inLanguage\":\"pl-PL\",\"@id\":\"https:\/\/barokonfederacija.lt\/pl\/kontakt\/#primaryimage\",\"url\":\"https:\/\/barokonfederacija.lt\/wp-content\/uploads\/2023\/12\/baro-kontaktai-pl.svg\",\"contentUrl\":\"https:\/\/barokonfederacija.lt\/wp-content\/uploads\/2023\/12\/baro-kontaktai-pl.svg\"},{\"@type\":\"BreadcrumbList\",\"@id\":\"https:\/\/barokonfederacija.lt\/pl\/kontakt\/#breadcrumb\",\"itemListElement\":[{\"@type\":\"ListItem\",\"position\":1,\"name\":\"G\u0142\u00f3wny\",\"item\":\"https:\/\/barokonfederacija.lt\/pl\/\"},{\"@type\":\"ListItem\",\"position\":2,\"name\":\"Kontakt\"}]},{\"@type\":\"WebSite\",\"@id\":\"https:\/\/barokonfederacija.lt\/pl\/#website\",\"url\":\"https:\/\/barokonfederacija.lt\/pl\/\",\"name\":\"Baro Konfederacija\",\"description\":\"\",\"potentialAction\":[{\"@type\":\"SearchAction\",\"target\":{\"@type\":\"EntryPoint\",\"urlTemplate\":\"https:\/\/barokonfederacija.lt\/pl\/?s={search_term_string}\"},\"query-input\":{\"@type\":\"PropertyValueSpecification\",\"valueRequired\":true,\"valueName\":\"search_term_string\"}}],\"inLanguage\":\"pl-PL\"}]}<\/script>\n<!-- \/ Yoast SEO plugin. -->","yoast_head_json":{"title":"Kontakt - Baro Konfederacija","robots":{"index":"index","follow":"follow","max-snippet":"max-snippet:-1","max-image-preview":"max-image-preview:large","max-video-preview":"max-video-preview:-1"},"canonical":"https:\/\/barokonfederacija.lt\/pl\/kontakt\/","og_locale":"pl_PL","og_type":"article","og_title":"Kontakt - Baro Konfederacija","og_description":"Informacje kontaktowe Lokalna Grupa Dzia\u0142ania Gminy Jonava koordynator i prezes grupy Petras Vy\u0161niauskas Bartosz Jak\u00f3biak, koordynator Lokalnej Grupy Dzia\u0142ania P\u00f3\u0142nocne Mazowsze Numer telefonu +370 655 32516 +23 671 12 02 E-mail petrasvysniauskas@gmail.com, b.jakobiak@polnocnemazowsze.pl Adres \u017deimi\u0173 g. 15-324, LT-55158, Jonava Zielona 24, 06-408 Krasne","og_url":"https:\/\/barokonfederacija.lt\/pl\/kontakt\/","og_site_name":"Baro Konfederacija","article_modified_time":"2024-06-12T11:24:41+00:00","og_image":[{"url":"https:\/\/barokonfederacija.lt\/wp-content\/uploads\/2023\/12\/baro-kontaktai-pl.svg","type":"","width":"","height":""}],"twitter_card":"summary_large_image","twitter_misc":{"Szacowany czas czytania":"1 minuta"},"schema":{"@context":"https:\/\/schema.org","@graph":[{"@type":"WebPage","@id":"https:\/\/barokonfederacija.lt\/pl\/kontakt\/","url":"https:\/\/barokonfederacija.lt\/pl\/kontakt\/","name":"Kontakt - Baro Konfederacija","isPartOf":{"@id":"https:\/\/barokonfederacija.lt\/pl\/#website"},"primaryImageOfPage":{"@id":"https:\/\/barokonfederacija.lt\/pl\/kontakt\/#primaryimage"},"image":{"@id":"https:\/\/barokonfederacija.lt\/pl\/kontakt\/#primaryimage"},"thumbnailUrl":"https:\/\/barokonfederacija.lt\/wp-content\/uploads\/2023\/12\/baro-kontaktai-pl.svg","datePublished":"2023-09-16T09:22:07+00:00","dateModified":"2024-06-12T11:24:41+00:00","breadcrumb":{"@id":"https:\/\/barokonfederacija.lt\/pl\/kontakt\/#breadcrumb"},"inLanguage":"pl-PL","potentialAction":[{"@type":"ReadAction","target":["https:\/\/barokonfederacija.lt\/pl\/kontakt\/"]}]},{"@type":"ImageObject","inLanguage":"pl-PL","@id":"https:\/\/barokonfederacija.lt\/pl\/kontakt\/#primaryimage","url":"https:\/\/barokonfederacija.lt\/wp-content\/uploads\/2023\/12\/baro-kontaktai-pl.svg","contentUrl":"https:\/\/barokonfederacija.lt\/wp-content\/uploads\/2023\/12\/baro-kontaktai-pl.svg"},{"@type":"BreadcrumbList","@id":"https:\/\/barokonfederacija.lt\/pl\/kontakt\/#breadcrumb","itemListElement":[{"@type":"ListItem","position":1,"name":"G\u0142\u00f3wny","item":"https:\/\/barokonfederacija.lt\/pl\/"},{"@type":"ListItem","position":2,"name":"Kontakt"}]},{"@type":"WebSite","@id":"https:\/\/barokonfederacija.lt\/pl\/#website","url":"https:\/\/barokonfederacija.lt\/pl\/","name":"Baro Konfederacija","description":"","potentialAction":[{"@type":"SearchAction","target":{"@type":"EntryPoint","urlTemplate":"https:\/\/barokonfederacija.lt\/pl\/?s={search_term_string}"},"query-input":{"@type":"PropertyValueSpecification","valueRequired":true,"valueName":"search_term_string"}}],"inLanguage":"pl-PL"}]}},"_links":{"self":[{"href":"https:\/\/barokonfederacija.lt\/pl\/wp-json\/wp\/v2\/pages\/4266","targetHints":{"allow":["GET"]}}],"collection":[{"href":"https:\/\/barokonfederacija.lt\/pl\/wp-json\/wp\/v2\/pages"}],"about":[{"href":"https:\/\/barokonfederacija.lt\/pl\/wp-json\/wp\/v2\/types\/page"}],"author":[{"embeddable":true,"href":"https:\/\/barokonfederacija.lt\/pl\/wp-json\/wp\/v2\/users\/1"}],"replies":[{"embeddable":true,"href":"https:\/\/barokonfederacija.lt\/pl\/wp-json\/wp\/v2\/comments?post=4266"}],"version-history":[{"count":33,"href":"https:\/\/barokonfederacija.lt\/pl\/wp-json\/wp\/v2\/pages\/4266\/revisions"}],"predecessor-version":[{"id":5327,"href":"https:\/\/barokonfederacija.lt\/pl\/wp-json\/wp\/v2\/pages\/4266\/revisions\/5327"}],"wp:attachment":[{"href":"https:\/\/barokonfederacija.lt\/pl\/wp-json\/wp\/v2\/media?parent=4266"}],"wp:term":[{"taxonomy":"category","embeddable":true,"href":"https:\/\/barokonfederacija.lt\/pl\/wp-json\/wp\/v2\/categories?post=4266"}],"curies":[{"name":"wp","href":"https:\/\/api.w.org\/{rel}","templated":true}]}}