{"id":4263,"date":"2023-09-17T16:23:01","date_gmt":"2023-09-17T16:23:01","guid":{"rendered":"http:\/\/baro.eshoper.lt\/aktualnosci\/"},"modified":"2024-06-12T11:21:41","modified_gmt":"2024-06-12T11:21:41","slug":"aktualnosci","status":"publish","type":"page","link":"https:\/\/barokonfederacija.lt\/pl\/aktualnosci\/","title":{"rendered":"Aktualno\u015bci"},"content":{"rendered":"\t\t<div data-elementor-type=\"wp-page\" data-elementor-id=\"4263\" class=\"elementor elementor-4263 elementor-976\">\n\t\t\t\t<div class=\"elementor-element elementor-element-a33b599 e-con-full slider-landscape e-flex e-con e-parent\" data-id=\"a33b599\" data-element_type=\"container\" data-settings=\"{&quot;background_background&quot;:&quot;classic&quot;}\">\n\t\t\t\t<div class=\"elementor-element elementor-element-e52bf51 breadcrumbs elementor-hidden-tablet elementor-hidden-mobile elementor-widget elementor-widget-shortcode\" data-id=\"e52bf51\" data-element_type=\"widget\" data-widget_type=\"shortcode.default\">\n\t\t\t\t<div class=\"elementor-widget-container\">\n\t\t\t\t\t\t\t<div class=\"elementor-shortcode\"><span><span><a href=\"https:\/\/barokonfederacija.lt\/pl\/\">G\u0142\u00f3wny<\/a><\/span><\/span><\/div>\n\t\t\t\t\t\t<\/div>\n\t\t\t\t<\/div>\n\t\t\t\t<div class=\"elementor-element elementor-element-4cdfe12 post-title elementor-widget elementor-widget-shortcode\" data-id=\"4cdfe12\" data-element_type=\"widget\" data-widget_type=\"shortcode.default\">\n\t\t\t\t<div class=\"elementor-widget-container\">\n\t\t\t\t\t\t\t<div class=\"elementor-shortcode\">Aktualno\u015bci<\/div>\n\t\t\t\t\t\t<\/div>\n\t\t\t\t<\/div>\n\t\t<div class=\"elementor-element elementor-element-46a52fe e-con-full e-flex e-con e-child\" data-id=\"46a52fe\" data-element_type=\"container\">\n\t\t\t\t<div class=\"elementor-element elementor-element-fbfd4f5 elementor-widget elementor-widget-shortcode\" data-id=\"fbfd4f5\" data-element_type=\"widget\" data-widget_type=\"shortcode.default\">\n\t\t\t\t<div class=\"elementor-widget-container\">\n\t\t\t\t\t    <div class=\"mobile-header-section\">\n        <div class=\"mobile-header-line-left mobile-header-line\"><\/div>\n        <div class=\"mobile-header-arrow\"><div class=\"slider-arrow\"><\/div><\/div>\n        <div class=\"mobile-header-line-right mobile-header-line\"><\/div>\n    <\/div>\n    \t\t<div class=\"elementor-shortcode\"><\/div>\n\t\t\t\t\t\t<\/div>\n\t\t\t\t<\/div>\n\t\t\t\t<\/div>\n\t\t\t\t<\/div>\n\t\t<div class=\"elementor-element elementor-element-6782f37 e-con-full e-flex e-con e-parent\" data-id=\"6782f37\" data-element_type=\"container\" data-settings=\"{&quot;background_background&quot;:&quot;classic&quot;}\">\n\t\t\t\t<div class=\"elementor-element elementor-element-599e496 elementor-widget elementor-widget-eshoper-news\" data-id=\"599e496\" data-element_type=\"widget\" data-widget_type=\"eshoper-news.default\">\n\t\t\t\t<div class=\"elementor-widget-container\">\n\t\t\t\t\t                    <div class=\"enews-wrapper\">\r\n                                                    <div class=\"enews-element\">\r\n                    <div class=\"enews-container\">\r\n                        <div class=\"enews-thumbnail\"><img fetchpriority=\"high\" decoding=\"async\" width=\"308\" height=\"301\" src=\"https:\/\/barokonfederacija.lt\/wp-content\/uploads\/2023\/09\/Untitled-design52.png\" class=\"attachment-post-thumbnail size-post-thumbnail wp-post-image\" alt=\"\" srcset=\"https:\/\/barokonfederacija.lt\/wp-content\/uploads\/2023\/09\/Untitled-design52.png 308w, https:\/\/barokonfederacija.lt\/wp-content\/uploads\/2023\/09\/Untitled-design52-300x293.png 300w\" sizes=\"(max-width: 308px) 100vw, 308px\" \/><\/div>\r\n                        <div class=\"enews-content\">\r\n                            <div class=\"enews-date\">2023.09.18<\/div>\r\n                            <div class=\"enews-title\">Strona Barokonfederacija.lt<\/div>\r\n                            <div class=\"enews-excerpt\">Cz\u0119\u015b\u0107 projektu \"Pami\u0119\u0107 historyczna Rzeczypospolitej Obojga Narod\u00f3w - wsp\u00f3\u0142praca pomi\u0119dzy litewskimi i polskimi LGD w zakresie rozwoju nowych us\u0142ug turystycznych i innowacji\".<\/div>\r\n                            <a class=\"enews-button\" href=\"https:\/\/barokonfederacija.lt\/pl\/2023\/09\/18\/pristatome-naujai-sukurta-barokonfederacija-lt-svetaine\/aktualnosci\/\">Czytaj wi\u0119cej<\/a>\r\n                        <\/div>\r\n                    <\/div>\r\n                <\/div>\r\n                                                    <div class=\"enews-element\">\r\n                    <div class=\"enews-container\">\r\n                        <div class=\"enews-thumbnail\"><img decoding=\"async\" width=\"308\" height=\"301\" src=\"https:\/\/barokonfederacija.lt\/wp-content\/uploads\/2023\/09\/Untitled-design46.png\" class=\"attachment-post-thumbnail size-post-thumbnail wp-post-image\" alt=\"\" srcset=\"https:\/\/barokonfederacija.lt\/wp-content\/uploads\/2023\/09\/Untitled-design46.png 308w, https:\/\/barokonfederacija.lt\/wp-content\/uploads\/2023\/09\/Untitled-design46-300x293.png 300w\" sizes=\"(max-width: 308px) 100vw, 308px\" \/><\/div>\r\n                        <div class=\"enews-content\">\r\n                            <div class=\"enews-date\">2023.09.18<\/div>\r\n                            <div class=\"enews-title\">Wizyta studyjna litewskiej delegacji LGD w Polsce<\/div>\r\n                            <div class=\"enews-excerpt\">W ramach trwaj\u0105cego mi\u0119dzynarodowego projektu wsp\u00f3\u0142pracy zatytu\u0142owanego \"Z histori\u0105 na czele - wzmocnienie litewskiej i polskiej stolicy turystycznej partnerskiej LGD\".<\/div>\r\n                            <a class=\"enews-button\" href=\"https:\/\/barokonfederacija.lt\/pl\/2023\/09\/18\/wizyta-studyjna-litewskiej-delegacji-lgd-w-polsce\/aktualnosci\/\">Czytaj wi\u0119cej<\/a>\r\n                        <\/div>\r\n                    <\/div>\r\n                <\/div>\r\n                                                    <div class=\"enews-element\">\r\n                    <div class=\"enews-container\">\r\n                        <div class=\"enews-thumbnail\"><img decoding=\"async\" width=\"308\" height=\"301\" src=\"https:\/\/barokonfederacija.lt\/wp-content\/uploads\/2023\/09\/Untitled-design45.png\" class=\"attachment-post-thumbnail size-post-thumbnail wp-post-image\" alt=\"\" srcset=\"https:\/\/barokonfederacija.lt\/wp-content\/uploads\/2023\/09\/Untitled-design45.png 308w, https:\/\/barokonfederacija.lt\/wp-content\/uploads\/2023\/09\/Untitled-design45-300x293.png 300w\" sizes=\"(max-width: 308px) 100vw, 308px\" \/><\/div>\r\n                        <div class=\"enews-content\">\r\n                            <div class=\"enews-date\">2023.09.18<\/div>\r\n                            <div class=\"enews-title\">Wizyta partner\u00f3w na Litwie<\/div>\r\n                            <div class=\"enews-excerpt\">W dniach 29 sierpnia - 2 wrze\u015bnia 2023 r. Lokalna Grupa Dzia\u0142ania \"Ziemia Mazowsza\" wzi\u0119\u0142a udzia\u0142 w wizycie studyjnej w ramach trwaj\u0105cego mi\u0119dzynarodowego projektu wsp\u00f3\u0142pracy \"Z histori\u0105 w tle - wzmocnienie kapita\u0142u turystycznego litewskich i polskich partnerskich LGD\".<\/div>\r\n                            <a class=\"enews-button\" href=\"https:\/\/barokonfederacija.lt\/pl\/2023\/09\/18\/wizyta-partnerow-na-litwie\/aktualnosci\/\">Czytaj wi\u0119cej<\/a>\r\n                        <\/div>\r\n                    <\/div>\r\n                <\/div>\r\n                                                    <div class=\"enews-element\">\r\n                    <div class=\"enews-container\">\r\n                        <div class=\"enews-thumbnail\"><img loading=\"lazy\" decoding=\"async\" width=\"308\" height=\"301\" src=\"https:\/\/barokonfederacija.lt\/wp-content\/uploads\/2023\/09\/Untitled-design42.png\" class=\"attachment-post-thumbnail size-post-thumbnail wp-post-image\" alt=\"\" srcset=\"https:\/\/barokonfederacija.lt\/wp-content\/uploads\/2023\/09\/Untitled-design42.png 308w, https:\/\/barokonfederacija.lt\/wp-content\/uploads\/2023\/09\/Untitled-design42-300x293.png 300w\" sizes=\"(max-width: 308px) 100vw, 308px\" \/><\/div>\r\n                        <div class=\"enews-content\">\r\n                            <div class=\"enews-date\">2023.09.18<\/div>\r\n                            <div class=\"enews-title\">Spotkanie partner\u00f3w &#8211; &#8222;Spotkajmy si\u0119&#8221;<\/div>\r\n                            <div class=\"enews-excerpt\">30 maja 2023 r. \"Poznajmy si\u0119\" to temat spotkania partner\u00f3w LGD z Polski i Litwy w Domu Go\u015bcinnym IWA w Przasnyszu.<\/div>\r\n                            <a class=\"enews-button\" href=\"https:\/\/barokonfederacija.lt\/pl\/2023\/09\/18\/spotkanie-partnerow-spotkajmy-sie\/aktualnosci\/\">Czytaj wi\u0119cej<\/a>\r\n                        <\/div>\r\n                    <\/div>\r\n                <\/div>\r\n                                                            <div class=\"enews-hide\">\r\n                                    <div class=\"enews-element\">\r\n                    <div class=\"enews-container\">\r\n                        <div class=\"enews-thumbnail\"><img loading=\"lazy\" decoding=\"async\" width=\"308\" height=\"301\" src=\"https:\/\/barokonfederacija.lt\/wp-content\/uploads\/2023\/09\/Untitled-design37.png\" class=\"attachment-post-thumbnail size-post-thumbnail wp-post-image\" alt=\"\" srcset=\"https:\/\/barokonfederacija.lt\/wp-content\/uploads\/2023\/09\/Untitled-design37.png 308w, https:\/\/barokonfederacija.lt\/wp-content\/uploads\/2023\/09\/Untitled-design37-300x293.png 300w\" sizes=\"(max-width: 308px) 100vw, 308px\" \/><\/div>\r\n                        <div class=\"enews-content\">\r\n                            <div class=\"enews-date\">2023.06.05<\/div>\r\n                            <div class=\"enews-title\">Pierwsze wizyty w Krasnoje<\/div>\r\n                            <div class=\"enews-excerpt\">9 maja Petras Vy\u0161niauskas, prezes Lokalnej Grupy Dzia\u0142ania Gminy Jonava i Art\u016bras Narkevi\u010dius, lokalny historyk, odwiedzili Krasne w Polsce.<\/div>\r\n                            <a class=\"enews-button\" href=\"https:\/\/barokonfederacija.lt\/pl\/2023\/06\/05\/pierwsze-wizyty-w-krasnoje\/aktualnosci\/\">Czytaj wi\u0119cej<\/a>\r\n                        <\/div>\r\n                    <\/div>\r\n                <\/div>\r\n                                <\/div>\r\n                <div class=\"enews-button-section\">\r\n                                            <a class=\"enews-readmore\">Poka\u017c wi\u0119cej<\/a>\r\n                                    <\/div>\r\n            <\/div>\r\n\r\n                \t\t\t\t<\/div>\n\t\t\t\t<\/div>\n\t\t\t\t<\/div>\n\t\t\t\t<\/div>\n\t\t","protected":false},"excerpt":{"rendered":"<p>2023.09.18 Strona Barokonfederacija.lt Cz\u0119\u015b\u0107 projektu &#8222;Pami\u0119\u0107 historyczna Rzeczypospolitej Obojga Narod\u00f3w &#8211; wsp\u00f3\u0142praca pomi\u0119dzy litewskimi i polskimi LGD w zakresie rozwoju nowych us\u0142ug turystycznych i innowacji&#8221;. Czytaj wi\u0119cej 2023.09.18 Wizyta studyjna litewskiej delegacji LGD w Polsce W ramach trwaj\u0105cego mi\u0119dzynarodowego projektu wsp\u00f3\u0142pracy zatytu\u0142owanego &#8222;Z histori\u0105 na czele &#8211; wzmocnienie litewskiej i polskiej stolicy turystycznej partnerskiej LGD&#8221;. [&hellip;]<\/p>\n","protected":false},"author":1,"featured_media":0,"parent":0,"menu_order":0,"comment_status":"closed","ping_status":"closed","template":"","meta":{"footnotes":""},"categories":[],"class_list":["post-4263","page","type-page","status-publish","hentry"],"yoast_head":"<!-- This site is optimized with the Yoast SEO plugin v24.1 - https:\/\/yoast.com\/wordpress\/plugins\/seo\/ -->\n<title>Aktualno\u015bci - Baro Konfederacija<\/title>\n<meta name=\"robots\" content=\"index, follow, max-snippet:-1, max-image-preview:large, max-video-preview:-1\" \/>\n<link rel=\"canonical\" href=\"https:\/\/barokonfederacija.lt\/pl\/aktualnosci\/\" \/>\n<meta property=\"og:locale\" content=\"pl_PL\" \/>\n<meta property=\"og:type\" content=\"article\" \/>\n<meta property=\"og:title\" content=\"Aktualno\u015bci - Baro Konfederacija\" \/>\n<meta property=\"og:description\" content=\"2023.09.18 Strona Barokonfederacija.lt Cz\u0119\u015b\u0107 projektu &#8222;Pami\u0119\u0107 historyczna Rzeczypospolitej Obojga Narod\u00f3w &#8211; wsp\u00f3\u0142praca pomi\u0119dzy litewskimi i polskimi LGD w zakresie rozwoju nowych us\u0142ug turystycznych i innowacji&#8221;. Czytaj wi\u0119cej 2023.09.18 Wizyta studyjna litewskiej delegacji LGD w Polsce W ramach trwaj\u0105cego mi\u0119dzynarodowego projektu wsp\u00f3\u0142pracy zatytu\u0142owanego &#8222;Z histori\u0105 na czele &#8211; wzmocnienie litewskiej i polskiej stolicy turystycznej partnerskiej LGD&#8221;. [&hellip;]\" \/>\n<meta property=\"og:url\" content=\"https:\/\/barokonfederacija.lt\/pl\/aktualnosci\/\" \/>\n<meta property=\"og:site_name\" content=\"Baro Konfederacija\" \/>\n<meta property=\"article:modified_time\" content=\"2024-06-12T11:21:41+00:00\" \/>\n<meta property=\"og:image\" content=\"https:\/\/barokonfederacija.lt\/wp-content\/uploads\/2023\/09\/Untitled-design52.png\" \/>\n<meta name=\"twitter:card\" content=\"summary_large_image\" \/>\n<meta name=\"twitter:label1\" content=\"Szacowany czas czytania\" \/>\n\t<meta name=\"twitter:data1\" content=\"2 minuty\" \/>\n<script type=\"application\/ld+json\" class=\"yoast-schema-graph\">{\"@context\":\"https:\/\/schema.org\",\"@graph\":[{\"@type\":\"WebPage\",\"@id\":\"https:\/\/barokonfederacija.lt\/pl\/aktualnosci\/\",\"url\":\"https:\/\/barokonfederacija.lt\/pl\/aktualnosci\/\",\"name\":\"Aktualno\u015bci - Baro Konfederacija\",\"isPartOf\":{\"@id\":\"https:\/\/barokonfederacija.lt\/pl\/#website\"},\"primaryImageOfPage\":{\"@id\":\"https:\/\/barokonfederacija.lt\/pl\/aktualnosci\/#primaryimage\"},\"image\":{\"@id\":\"https:\/\/barokonfederacija.lt\/pl\/aktualnosci\/#primaryimage\"},\"thumbnailUrl\":\"https:\/\/barokonfederacija.lt\/wp-content\/uploads\/2023\/09\/Untitled-design52.png\",\"datePublished\":\"2023-09-17T16:23:01+00:00\",\"dateModified\":\"2024-06-12T11:21:41+00:00\",\"breadcrumb\":{\"@id\":\"https:\/\/barokonfederacija.lt\/pl\/aktualnosci\/#breadcrumb\"},\"inLanguage\":\"pl-PL\",\"potentialAction\":[{\"@type\":\"ReadAction\",\"target\":[\"https:\/\/barokonfederacija.lt\/pl\/aktualnosci\/\"]}]},{\"@type\":\"ImageObject\",\"inLanguage\":\"pl-PL\",\"@id\":\"https:\/\/barokonfederacija.lt\/pl\/aktualnosci\/#primaryimage\",\"url\":\"https:\/\/barokonfederacija.lt\/wp-content\/uploads\/2023\/09\/Untitled-design52.png\",\"contentUrl\":\"https:\/\/barokonfederacija.lt\/wp-content\/uploads\/2023\/09\/Untitled-design52.png\"},{\"@type\":\"BreadcrumbList\",\"@id\":\"https:\/\/barokonfederacija.lt\/pl\/aktualnosci\/#breadcrumb\",\"itemListElement\":[{\"@type\":\"ListItem\",\"position\":1,\"name\":\"G\u0142\u00f3wny\",\"item\":\"https:\/\/barokonfederacija.lt\/pl\/\"},{\"@type\":\"ListItem\",\"position\":2,\"name\":\"Aktualno\u015bci\"}]},{\"@type\":\"WebSite\",\"@id\":\"https:\/\/barokonfederacija.lt\/pl\/#website\",\"url\":\"https:\/\/barokonfederacija.lt\/pl\/\",\"name\":\"Baro Konfederacija\",\"description\":\"\",\"potentialAction\":[{\"@type\":\"SearchAction\",\"target\":{\"@type\":\"EntryPoint\",\"urlTemplate\":\"https:\/\/barokonfederacija.lt\/pl\/?s={search_term_string}\"},\"query-input\":{\"@type\":\"PropertyValueSpecification\",\"valueRequired\":true,\"valueName\":\"search_term_string\"}}],\"inLanguage\":\"pl-PL\"}]}<\/script>\n<!-- \/ Yoast SEO plugin. -->","yoast_head_json":{"title":"Aktualno\u015bci - Baro Konfederacija","robots":{"index":"index","follow":"follow","max-snippet":"max-snippet:-1","max-image-preview":"max-image-preview:large","max-video-preview":"max-video-preview:-1"},"canonical":"https:\/\/barokonfederacija.lt\/pl\/aktualnosci\/","og_locale":"pl_PL","og_type":"article","og_title":"Aktualno\u015bci - Baro Konfederacija","og_description":"2023.09.18 Strona Barokonfederacija.lt Cz\u0119\u015b\u0107 projektu &#8222;Pami\u0119\u0107 historyczna Rzeczypospolitej Obojga Narod\u00f3w &#8211; wsp\u00f3\u0142praca pomi\u0119dzy litewskimi i polskimi LGD w zakresie rozwoju nowych us\u0142ug turystycznych i innowacji&#8221;. Czytaj wi\u0119cej 2023.09.18 Wizyta studyjna litewskiej delegacji LGD w Polsce W ramach trwaj\u0105cego mi\u0119dzynarodowego projektu wsp\u00f3\u0142pracy zatytu\u0142owanego &#8222;Z histori\u0105 na czele &#8211; wzmocnienie litewskiej i polskiej stolicy turystycznej partnerskiej LGD&#8221;. [&hellip;]","og_url":"https:\/\/barokonfederacija.lt\/pl\/aktualnosci\/","og_site_name":"Baro Konfederacija","article_modified_time":"2024-06-12T11:21:41+00:00","og_image":[{"url":"https:\/\/barokonfederacija.lt\/wp-content\/uploads\/2023\/09\/Untitled-design52.png","type":"","width":"","height":""}],"twitter_card":"summary_large_image","twitter_misc":{"Szacowany czas czytania":"2 minuty"},"schema":{"@context":"https:\/\/schema.org","@graph":[{"@type":"WebPage","@id":"https:\/\/barokonfederacija.lt\/pl\/aktualnosci\/","url":"https:\/\/barokonfederacija.lt\/pl\/aktualnosci\/","name":"Aktualno\u015bci - Baro Konfederacija","isPartOf":{"@id":"https:\/\/barokonfederacija.lt\/pl\/#website"},"primaryImageOfPage":{"@id":"https:\/\/barokonfederacija.lt\/pl\/aktualnosci\/#primaryimage"},"image":{"@id":"https:\/\/barokonfederacija.lt\/pl\/aktualnosci\/#primaryimage"},"thumbnailUrl":"https:\/\/barokonfederacija.lt\/wp-content\/uploads\/2023\/09\/Untitled-design52.png","datePublished":"2023-09-17T16:23:01+00:00","dateModified":"2024-06-12T11:21:41+00:00","breadcrumb":{"@id":"https:\/\/barokonfederacija.lt\/pl\/aktualnosci\/#breadcrumb"},"inLanguage":"pl-PL","potentialAction":[{"@type":"ReadAction","target":["https:\/\/barokonfederacija.lt\/pl\/aktualnosci\/"]}]},{"@type":"ImageObject","inLanguage":"pl-PL","@id":"https:\/\/barokonfederacija.lt\/pl\/aktualnosci\/#primaryimage","url":"https:\/\/barokonfederacija.lt\/wp-content\/uploads\/2023\/09\/Untitled-design52.png","contentUrl":"https:\/\/barokonfederacija.lt\/wp-content\/uploads\/2023\/09\/Untitled-design52.png"},{"@type":"BreadcrumbList","@id":"https:\/\/barokonfederacija.lt\/pl\/aktualnosci\/#breadcrumb","itemListElement":[{"@type":"ListItem","position":1,"name":"G\u0142\u00f3wny","item":"https:\/\/barokonfederacija.lt\/pl\/"},{"@type":"ListItem","position":2,"name":"Aktualno\u015bci"}]},{"@type":"WebSite","@id":"https:\/\/barokonfederacija.lt\/pl\/#website","url":"https:\/\/barokonfederacija.lt\/pl\/","name":"Baro Konfederacija","description":"","potentialAction":[{"@type":"SearchAction","target":{"@type":"EntryPoint","urlTemplate":"https:\/\/barokonfederacija.lt\/pl\/?s={search_term_string}"},"query-input":{"@type":"PropertyValueSpecification","valueRequired":true,"valueName":"search_term_string"}}],"inLanguage":"pl-PL"}]}},"_links":{"self":[{"href":"https:\/\/barokonfederacija.lt\/pl\/wp-json\/wp\/v2\/pages\/4263","targetHints":{"allow":["GET"]}}],"collection":[{"href":"https:\/\/barokonfederacija.lt\/pl\/wp-json\/wp\/v2\/pages"}],"about":[{"href":"https:\/\/barokonfederacija.lt\/pl\/wp-json\/wp\/v2\/types\/page"}],"author":[{"embeddable":true,"href":"https:\/\/barokonfederacija.lt\/pl\/wp-json\/wp\/v2\/users\/1"}],"replies":[{"embeddable":true,"href":"https:\/\/barokonfederacija.lt\/pl\/wp-json\/wp\/v2\/comments?post=4263"}],"version-history":[{"count":4,"href":"https:\/\/barokonfederacija.lt\/pl\/wp-json\/wp\/v2\/pages\/4263\/revisions"}],"predecessor-version":[{"id":5318,"href":"https:\/\/barokonfederacija.lt\/pl\/wp-json\/wp\/v2\/pages\/4263\/revisions\/5318"}],"wp:attachment":[{"href":"https:\/\/barokonfederacija.lt\/pl\/wp-json\/wp\/v2\/media?parent=4263"}],"wp:term":[{"taxonomy":"category","embeddable":true,"href":"https:\/\/barokonfederacija.lt\/pl\/wp-json\/wp\/v2\/categories?post=4263"}],"curies":[{"name":"wp","href":"https:\/\/api.w.org\/{rel}","templated":true}]}}